{"id":199063,"date":"2025-03-23T10:29:45","date_gmt":"2025-03-23T10:29:45","guid":{"rendered":"https:\/\/aromasentia.com\/product\/banjara-buddha-blessing\/"},"modified":"2025-06-22T03:16:51","modified_gmt":"2025-06-22T03:16:51","slug":"banjara-buddha-velsignelse","status":"publish","type":"product","link":"https:\/\/aromasentia.com\/da\/banjara-buddha-velsignelse\/","title":{"rendered":"Banjara Buddha &#8211; Velsignelse"},"content":{"rendered":"<p>Modtag velsignelser og positiv energi med denne smukt udformede Banjara Buddha-figur. Hvert stykke er unikt designet af Banjara-h\u00e5ndv\u00e6rkere, der b\u00e6rer deres kulturelle arv. Udstil denne Buddha i dit hjem som et symbol p\u00e5 lykke og gode \u00f8nsker.<\/p>\n","protected":false},"excerpt":{"rendered":"<p>Modtag velsignelser og positiv energi med denne smukt udformede Banjara Buddha-figur. Hvert stykke er unikt designet af Banjara-h\u00e5ndv\u00e6rkere, der b\u00e6rer deres kulturelle arv. Udstil denne Buddha i dit hjem som et symbol p\u00e5 lykke og gode \u00f8nsker.<\/p>\n","protected":false},"featured_media":397340,"comment_status":"closed","ping_status":"open","template":"","meta":{"_angie_page":false},"product_brand":[27109],"product_cat":[5836,5847],"product_tag":[],"class_list":{"0":"post-199063","1":"product","2":"type-product","3":"status-publish","4":"has-post-thumbnail","6":"product_brand-banjara","7":"product_cat-rogelse-og-rogelsesholdere","8":"product_cat-rogelsespinde","9":"pa_collection-banjara-buddha-incense-da","10":"pa_made-in-indien","12":"first","13":"instock","14":"purchasable","15":"product-type-simple"},"supplier_id":null,"supplier_sku":"BanBud-05","barcode":null,"atum_controlled":true,"out_stock_date":null,"out_stock_threshold":null,"inheritable":false,"inbound_stock":null,"stock_on_hold":0,"sold_today":0,"sales_last_days":0,"reserved_stock":null,"customer_returns":null,"warehouse_damage":null,"lost_in_post":null,"other_logs":null,"out_stock_days":0,"lost_sales":0,"has_location":null,"update_date":"2026-04-27T06:53:37","atum_locations":[],"atum_stock_status":"instock","restock_status":false,"low_stock_amount":"","sales_update_date":"2025-10-09T03:25:18","calc_backorders":null,"_links":{"self":[{"href":"https:\/\/aromasentia.com\/da\/wp-json\/wp\/v2\/product\/199063","targetHints":{"allow":["GET"]}}],"collection":[{"href":"https:\/\/aromasentia.com\/da\/wp-json\/wp\/v2\/product"}],"about":[{"href":"https:\/\/aromasentia.com\/da\/wp-json\/wp\/v2\/types\/product"}],"replies":[{"embeddable":true,"href":"https:\/\/aromasentia.com\/da\/wp-json\/wp\/v2\/comments?post=199063"}],"version-history":[{"count":0,"href":"https:\/\/aromasentia.com\/da\/wp-json\/wp\/v2\/product\/199063\/revisions"}],"wp:featuredmedia":[{"embeddable":true,"href":"https:\/\/aromasentia.com\/da\/wp-json\/wp\/v2\/media\/397340"}],"wp:attachment":[{"href":"https:\/\/aromasentia.com\/da\/wp-json\/wp\/v2\/media?parent=199063"}],"wp:term":[{"taxonomy":"product_brand","embeddable":true,"href":"https:\/\/aromasentia.com\/da\/wp-json\/wp\/v2\/product_brand?post=199063"},{"taxonomy":"product_cat","embeddable":true,"href":"https:\/\/aromasentia.com\/da\/wp-json\/wp\/v2\/product_cat?post=199063"},{"taxonomy":"product_tag","embeddable":true,"href":"https:\/\/aromasentia.com\/da\/wp-json\/wp\/v2\/product_tag?post=199063"}],"curies":[{"name":"wp","href":"https:\/\/api.w.org\/{rel}","templated":true}]}}