{"id":199059,"date":"2025-03-23T10:29:53","date_gmt":"2025-03-23T10:29:53","guid":{"rendered":"https:\/\/aromasentia.com\/product\/bulk-incense-amber\/"},"modified":"2025-06-22T03:16:47","modified_gmt":"2025-06-22T03:16:47","slug":"roegelse-i-bulk-rav","status":"publish","type":"product","link":"https:\/\/aromasentia.com\/da\/roegelse-i-bulk-rav\/","title":{"rendered":"R\u00f8gelse I Bulk &#8211; Rav"},"content":{"rendered":"<p>Rav, ogs\u00e5 kendt som gudernes nektar, er dejligt aromatisk og beruser sanserne med sin vidunderligt fyldige duft. P\u00e5 grund af sin guddommelige duft er det blevet betragtet som et helligt tempelpulver. Rav bruges ofte til meditation, healing, renselse, f\u00f8lelsesm\u00e6ssig og spirituel balance.<\/p>\n<p>Hver pakke rav-r\u00f8gelse i l\u00f8s v\u00e6gt indeholder 500 g, cirka 450 pinde, der er 25 cm lange.<\/p>\n","protected":false},"excerpt":{"rendered":"<p>Rav, ogs\u00e5 kendt som gudernes nektar, er dejligt aromatisk og beruser sanserne med sin vidunderligt fyldige duft. P\u00e5 grund af sin guddommelige duft er det blevet betragtet som et helligt tempelpulver. Rav bruges ofte til meditation, healing, renselse, f\u00f8lelsesm\u00e6ssig og spirituel balance. Hver pakke rav-r\u00f8gelse i l\u00f8s v\u00e6gt indeholder 500 g, cirka 450 pinde, der [&hellip;]<\/p>\n","protected":false},"featured_media":399596,"comment_status":"closed","ping_status":"open","template":"","meta":{"_angie_page":false},"product_brand":[],"product_cat":[5836,5847],"product_tag":[],"class_list":{"0":"post-199059","1":"product","2":"type-product","3":"status-publish","4":"has-post-thumbnail","6":"product_cat-rogelse-og-rogelsesholdere","7":"product_cat-rogelsespinde","8":"pa_collection-indian-bulk-incense-approx-450-sticks-da","9":"pa_made-in-indien","11":"first","12":"instock","13":"purchasable","14":"product-type-simple"},"supplier_id":null,"supplier_sku":"BincS-01","barcode":null,"atum_controlled":true,"out_stock_date":null,"out_stock_threshold":null,"inheritable":false,"inbound_stock":null,"stock_on_hold":0,"sold_today":0,"sales_last_days":0,"reserved_stock":null,"customer_returns":null,"warehouse_damage":null,"lost_in_post":null,"other_logs":null,"out_stock_days":0,"lost_sales":0,"has_location":null,"update_date":"2026-04-27T06:55:00","atum_locations":[],"atum_stock_status":"instock","restock_status":false,"low_stock_amount":"","sales_update_date":"2025-10-09T03:26:28","calc_backorders":null,"_links":{"self":[{"href":"https:\/\/aromasentia.com\/da\/wp-json\/wp\/v2\/product\/199059","targetHints":{"allow":["GET"]}}],"collection":[{"href":"https:\/\/aromasentia.com\/da\/wp-json\/wp\/v2\/product"}],"about":[{"href":"https:\/\/aromasentia.com\/da\/wp-json\/wp\/v2\/types\/product"}],"replies":[{"embeddable":true,"href":"https:\/\/aromasentia.com\/da\/wp-json\/wp\/v2\/comments?post=199059"}],"version-history":[{"count":0,"href":"https:\/\/aromasentia.com\/da\/wp-json\/wp\/v2\/product\/199059\/revisions"}],"wp:featuredmedia":[{"embeddable":true,"href":"https:\/\/aromasentia.com\/da\/wp-json\/wp\/v2\/media\/399596"}],"wp:attachment":[{"href":"https:\/\/aromasentia.com\/da\/wp-json\/wp\/v2\/media?parent=199059"}],"wp:term":[{"taxonomy":"product_brand","embeddable":true,"href":"https:\/\/aromasentia.com\/da\/wp-json\/wp\/v2\/product_brand?post=199059"},{"taxonomy":"product_cat","embeddable":true,"href":"https:\/\/aromasentia.com\/da\/wp-json\/wp\/v2\/product_cat?post=199059"},{"taxonomy":"product_tag","embeddable":true,"href":"https:\/\/aromasentia.com\/da\/wp-json\/wp\/v2\/product_tag?post=199059"}],"curies":[{"name":"wp","href":"https:\/\/api.w.org\/{rel}","templated":true}]}}