{"id":199058,"date":"2025-03-23T10:29:53","date_gmt":"2025-03-23T10:29:53","guid":{"rendered":"https:\/\/aromasentia.com\/product\/bulk-incense-cones-ylang-ylang\/"},"modified":"2025-06-22T03:16:47","modified_gmt":"2025-06-22T03:16:47","slug":"roegelseskegler-i-bulk-ylang-ylang","status":"publish","type":"product","link":"https:\/\/aromasentia.com\/da\/roegelseskegler-i-bulk-ylang-ylang\/","title":{"rendered":"R\u00f8gelseskegler I Bulk &#8211; Ylang Ylang"},"content":{"rendered":"<p>Den eksotiske, s\u00f8de duft af Ylang Ylang, eller &#8220;blomsternes blomst&#8221;, som den ofte kaldes, kan virkelig varme dit k\u00e6rlighedsliv op. Den menes at v\u00e6re et elskovsmiddel, men har ogs\u00e5 en beroligende og afslappende effekt. Udforsk og fork\u00e6l dine sanser med denne kraftfulde r\u00f8gelse!<\/p>\n<p>Disse indiske r\u00f8gelseskegler med deres fantastiske farve og eksotiske duft er virkelig fantastiske. Med en h\u00f8jde p\u00e5 25 mm er de st\u00f8rre end gennemsnittet.<\/p>\n<p>T\u00e6nd spidsen af keglen, pust flammen ud og lad r\u00f8gelseskeglen ulme, hvorved r\u00f8gen, der er tilsat duften, frigives.<\/p>\n","protected":false},"excerpt":{"rendered":"<p>Den eksotiske, s\u00f8de duft af Ylang Ylang, eller &#8220;blomsternes blomst&#8221;, som den ofte kaldes, kan virkelig varme dit k\u00e6rlighedsliv op. Den menes at v\u00e6re et elskovsmiddel, men har ogs\u00e5 en beroligende og afslappende effekt. Udforsk og fork\u00e6l dine sanser med denne kraftfulde r\u00f8gelse! Disse indiske r\u00f8gelseskegler med deres fantastiske farve og eksotiske duft er virkelig [&hellip;]<\/p>\n","protected":false},"featured_media":399587,"comment_status":"closed","ping_status":"open","template":"","meta":[],"product_brand":[],"product_cat":[26830,25839,5836,5872,26001],"product_tag":[],"class_list":{"0":"post-199058","1":"product","2":"type-product","3":"status-publish","4":"has-post-thumbnail","6":"product_cat-blomster","7":"product_cat-dufte-aromaer","8":"product_cat-rogelse-og-rogelsesholdere","9":"product_cat-rogelseskegler","10":"product_cat-ylang-ylang","11":"pa_collection-indian-bulk-incense-cones-da","12":"pa_made-in-indien","14":"first","15":"outofstock","16":"purchasable","17":"product-type-simple"},"supplier_id":null,"supplier_sku":"BinC-24","barcode":null,"atum_controlled":true,"out_stock_date":"2025-10-20 22:50:42","out_stock_threshold":null,"inheritable":false,"inbound_stock":null,"stock_on_hold":0,"sold_today":0,"sales_last_days":0,"reserved_stock":null,"customer_returns":null,"warehouse_damage":null,"lost_in_post":null,"other_logs":null,"out_stock_days":108,"lost_sales":0,"has_location":null,"update_date":"2026-02-06T00:01:15","atum_locations":[],"atum_stock_status":"outofstock","restock_status":false,"low_stock_amount":"","sales_update_date":"2026-02-06T00:01:15","calc_backorders":null,"_links":{"self":[{"href":"https:\/\/aromasentia.com\/da\/wp-json\/wp\/v2\/product\/199058","targetHints":{"allow":["GET"]}}],"collection":[{"href":"https:\/\/aromasentia.com\/da\/wp-json\/wp\/v2\/product"}],"about":[{"href":"https:\/\/aromasentia.com\/da\/wp-json\/wp\/v2\/types\/product"}],"replies":[{"embeddable":true,"href":"https:\/\/aromasentia.com\/da\/wp-json\/wp\/v2\/comments?post=199058"}],"version-history":[{"count":0,"href":"https:\/\/aromasentia.com\/da\/wp-json\/wp\/v2\/product\/199058\/revisions"}],"wp:featuredmedia":[{"embeddable":true,"href":"https:\/\/aromasentia.com\/da\/wp-json\/wp\/v2\/media\/399587"}],"wp:attachment":[{"href":"https:\/\/aromasentia.com\/da\/wp-json\/wp\/v2\/media?parent=199058"}],"wp:term":[{"taxonomy":"product_brand","embeddable":true,"href":"https:\/\/aromasentia.com\/da\/wp-json\/wp\/v2\/product_brand?post=199058"},{"taxonomy":"product_cat","embeddable":true,"href":"https:\/\/aromasentia.com\/da\/wp-json\/wp\/v2\/product_cat?post=199058"},{"taxonomy":"product_tag","embeddable":true,"href":"https:\/\/aromasentia.com\/da\/wp-json\/wp\/v2\/product_tag?post=199058"}],"curies":[{"name":"wp","href":"https:\/\/api.w.org\/{rel}","templated":true}]}}