{"id":199057,"date":"2025-03-23T10:29:53","date_gmt":"2025-03-23T10:29:53","guid":{"rendered":"https:\/\/aromasentia.com\/product\/bulk-incense-cones-midnight-rose\/"},"modified":"2025-06-22T03:16:46","modified_gmt":"2025-06-22T03:16:46","slug":"roegelseskegler-i-bulk-midnatsrose","status":"publish","type":"product","link":"https:\/\/aromasentia.com\/da\/roegelseskegler-i-bulk-midnatsrose\/","title":{"rendered":"R\u00f8gelseskegler I Bulk &#8211; midnatsrose"},"content":{"rendered":"<p>V\u00e6k dine sanser med den fyldige og smukke blomsterduft fra Midnight Rose r\u00f8gelse. Den traditionelle blomsterduft med behagelige friske undertoner \u00f8ger k\u00e6rlighed, f\u00f8lelser og romantik. Den fremmer s\u00f8vn, reducerer vrede og indgyder en f\u00f8lelse af fred og selvtillid.<\/p>\n<p>Disse indiske r\u00f8gelseskegler med deres fantastiske farve og eksotiske duft er virkelig fantastiske. Med en h\u00f8jde p\u00e5 25 mm er de st\u00f8rre end gennemsnittet.<\/p>\n<p>T\u00e6nd spidsen af keglen, pust flammen ud, og lad r\u00f8gelseskeglen ulme, s\u00e5 r\u00f8gen, der er tilsat duften, frigives.<\/p>\n","protected":false},"excerpt":{"rendered":"<p>V\u00e6k dine sanser med den fyldige og smukke blomsterduft fra Midnight Rose r\u00f8gelse. Den traditionelle blomsterduft med behagelige friske undertoner \u00f8ger k\u00e6rlighed, f\u00f8lelser og romantik. Den fremmer s\u00f8vn, reducerer vrede og indgyder en f\u00f8lelse af fred og selvtillid. Disse indiske r\u00f8gelseskegler med deres fantastiske farve og eksotiske duft er virkelig fantastiske. Med en h\u00f8jde p\u00e5 [&hellip;]<\/p>\n","protected":false},"featured_media":399578,"comment_status":"closed","ping_status":"open","template":"","meta":[],"product_brand":[],"product_cat":[26830,25839,5836,5872,25984],"product_tag":[],"class_list":{"0":"post-199057","1":"product","2":"type-product","3":"status-publish","4":"has-post-thumbnail","6":"product_cat-blomster","7":"product_cat-dufte-aromaer","8":"product_cat-rogelse-og-rogelsesholdere","9":"product_cat-rogelseskegler","10":"product_cat-rose","11":"pa_collection-indian-bulk-incense-cones-da","12":"pa_made-in-indien","14":"first","15":"outofstock","16":"purchasable","17":"product-type-simple"},"supplier_id":null,"supplier_sku":"BinC-23","barcode":null,"atum_controlled":true,"out_stock_date":"2025-09-04 21:39:52","out_stock_threshold":null,"inheritable":false,"inbound_stock":null,"stock_on_hold":0,"sold_today":0,"sales_last_days":0,"reserved_stock":null,"customer_returns":null,"warehouse_damage":null,"lost_in_post":null,"other_logs":null,"out_stock_days":34,"lost_sales":0,"has_location":null,"update_date":"2026-02-11T18:08:55","atum_locations":[],"atum_stock_status":"outofstock","restock_status":false,"low_stock_amount":"","sales_update_date":"2025-10-09T03:25:49","calc_backorders":null,"_links":{"self":[{"href":"https:\/\/aromasentia.com\/da\/wp-json\/wp\/v2\/product\/199057","targetHints":{"allow":["GET"]}}],"collection":[{"href":"https:\/\/aromasentia.com\/da\/wp-json\/wp\/v2\/product"}],"about":[{"href":"https:\/\/aromasentia.com\/da\/wp-json\/wp\/v2\/types\/product"}],"replies":[{"embeddable":true,"href":"https:\/\/aromasentia.com\/da\/wp-json\/wp\/v2\/comments?post=199057"}],"version-history":[{"count":0,"href":"https:\/\/aromasentia.com\/da\/wp-json\/wp\/v2\/product\/199057\/revisions"}],"wp:featuredmedia":[{"embeddable":true,"href":"https:\/\/aromasentia.com\/da\/wp-json\/wp\/v2\/media\/399578"}],"wp:attachment":[{"href":"https:\/\/aromasentia.com\/da\/wp-json\/wp\/v2\/media?parent=199057"}],"wp:term":[{"taxonomy":"product_brand","embeddable":true,"href":"https:\/\/aromasentia.com\/da\/wp-json\/wp\/v2\/product_brand?post=199057"},{"taxonomy":"product_cat","embeddable":true,"href":"https:\/\/aromasentia.com\/da\/wp-json\/wp\/v2\/product_cat?post=199057"},{"taxonomy":"product_tag","embeddable":true,"href":"https:\/\/aromasentia.com\/da\/wp-json\/wp\/v2\/product_tag?post=199057"}],"curies":[{"name":"wp","href":"https:\/\/api.w.org\/{rel}","templated":true}]}}