{"id":199054,"date":"2025-03-23T10:29:53","date_gmt":"2025-03-23T10:29:53","guid":{"rendered":"https:\/\/aromasentia.com\/product\/bulk-incense-cones-orange-cinnamon\/"},"modified":"2025-06-22T03:16:45","modified_gmt":"2025-06-22T03:16:45","slug":"roegelseskegler-i-bulk-appelsin-og-kanel","status":"publish","type":"product","link":"https:\/\/aromasentia.com\/da\/roegelseskegler-i-bulk-appelsin-og-kanel\/","title":{"rendered":"R\u00f8gelseskegler I Bulk &#8211; Appelsin Og Kanel"},"content":{"rendered":"<p>Den s\u00f8de, tr\u00e6agtige duft af kanel i kombination med den frugtagtige duft af appelsin bringer friskhed og ny energi til dit rum. Appelsin- og kanelr\u00f8gelse l\u00f8fter hum\u00f8ret, g\u00f8r enhver manifestationspraksis eller trylleformularudf\u00f8relse mere effektiv og byder vitalitet velkommen til krop og sj\u00e6l. N\u00e5r du t\u00e6nder denne r\u00f8gelse, vil du fylde dit hjem med succesens energi.<\/p>\n<p>Disse indiske r\u00f8gelseskegler med deres fantastiske farve og eksotiske duft er virkelig fantastiske. Med en h\u00f8jde p\u00e5 25 mm er de st\u00f8rre end gennemsnittet.<\/p>\n<p>T\u00e6nd spidsen af keglen, pust flammen ud og lad r\u00f8gelseskeglen ulme, hvilket frigiver r\u00f8gen, der er tilsat duften.<\/p>\n","protected":false},"excerpt":{"rendered":"<p>Den s\u00f8de, tr\u00e6agtige duft af kanel i kombination med den frugtagtige duft af appelsin bringer friskhed og ny energi til dit rum. Appelsin- og kanelr\u00f8gelse l\u00f8fter hum\u00f8ret, g\u00f8r enhver manifestationspraksis eller trylleformularudf\u00f8relse mere effektiv og byder vitalitet velkommen til krop og sj\u00e6l. N\u00e5r du t\u00e6nder denne r\u00f8gelse, vil du fylde dit hjem med succesens energi. [&hellip;]<\/p>\n","protected":false},"featured_media":399551,"comment_status":"closed","ping_status":"open","template":"","meta":{"_angie_page":false},"product_brand":[],"product_cat":[25972,26816,25839,25935,26886,5836,5872],"product_tag":[],"class_list":{"0":"post-199054","1":"product","2":"type-product","3":"status-publish","4":"has-post-thumbnail","6":"product_cat-appelsin","7":"product_cat-citrus","8":"product_cat-dufte-aromaer","9":"product_cat-kanel","10":"product_cat-krydret","11":"product_cat-rogelse-og-rogelsesholdere","12":"product_cat-rogelseskegler","13":"pa_collection-indian-bulk-incense-cones-da","14":"pa_made-in-indien","16":"first","17":"instock","18":"purchasable","19":"product-type-simple"},"supplier_id":null,"supplier_sku":"BinC-20","barcode":null,"atum_controlled":true,"out_stock_date":null,"out_stock_threshold":null,"inheritable":false,"inbound_stock":null,"stock_on_hold":0,"sold_today":0,"sales_last_days":0,"reserved_stock":null,"customer_returns":null,"warehouse_damage":null,"lost_in_post":null,"other_logs":null,"out_stock_days":0,"lost_sales":0,"has_location":null,"update_date":"2026-05-08T05:04:58","atum_locations":[],"atum_stock_status":"instock","restock_status":false,"low_stock_amount":"","sales_update_date":"2025-10-09T03:25:49","calc_backorders":null,"_links":{"self":[{"href":"https:\/\/aromasentia.com\/da\/wp-json\/wp\/v2\/product\/199054","targetHints":{"allow":["GET"]}}],"collection":[{"href":"https:\/\/aromasentia.com\/da\/wp-json\/wp\/v2\/product"}],"about":[{"href":"https:\/\/aromasentia.com\/da\/wp-json\/wp\/v2\/types\/product"}],"replies":[{"embeddable":true,"href":"https:\/\/aromasentia.com\/da\/wp-json\/wp\/v2\/comments?post=199054"}],"version-history":[{"count":0,"href":"https:\/\/aromasentia.com\/da\/wp-json\/wp\/v2\/product\/199054\/revisions"}],"wp:featuredmedia":[{"embeddable":true,"href":"https:\/\/aromasentia.com\/da\/wp-json\/wp\/v2\/media\/399551"}],"wp:attachment":[{"href":"https:\/\/aromasentia.com\/da\/wp-json\/wp\/v2\/media?parent=199054"}],"wp:term":[{"taxonomy":"product_brand","embeddable":true,"href":"https:\/\/aromasentia.com\/da\/wp-json\/wp\/v2\/product_brand?post=199054"},{"taxonomy":"product_cat","embeddable":true,"href":"https:\/\/aromasentia.com\/da\/wp-json\/wp\/v2\/product_cat?post=199054"},{"taxonomy":"product_tag","embeddable":true,"href":"https:\/\/aromasentia.com\/da\/wp-json\/wp\/v2\/product_tag?post=199054"}],"curies":[{"name":"wp","href":"https:\/\/api.w.org\/{rel}","templated":true}]}}