{"id":199052,"date":"2025-03-23T10:29:53","date_gmt":"2025-03-23T10:29:53","guid":{"rendered":"https:\/\/aromasentia.com\/product\/bulk-incense-cones-sandalwood\/"},"modified":"2025-06-22T03:16:44","modified_gmt":"2025-06-22T03:16:44","slug":"roegelseskegler-i-bulk-sandeltrae","status":"publish","type":"product","link":"https:\/\/aromasentia.com\/da\/roegelseskegler-i-bulk-sandeltrae\/","title":{"rendered":"R\u00f8gelseskegler I Bulk &#8211; Sandeltr\u00e6"},"content":{"rendered":"<p>Den jordagtige og rensende duft af sandeltr\u00e6 er en af de \u00e6ldste dufte, der blev brugt i ritualer i oldtiden, og i dag er den stadig meget popul\u00e6r. N\u00e5r du br\u00e6nder en r\u00f8gelsespind af sandeltr\u00e6, renser dens antiseptiske duft alt, hvad den r\u00f8rer ved.<\/p>\n<p>Disse indiske r\u00f8gelseskegler med deres fantastiske farve og eksotiske duft er virkelig fantastiske. Med en h\u00f8jde p\u00e5 25 mm er de st\u00f8rre end gennemsnittet.<\/p>\n<p>T\u00e6nd spidsen af keglen, pust flammen ud, og lad r\u00f8gelseskeglen ulme, hvilket frigiver r\u00f8gen, der er tilsat duften.<\/p>\n","protected":false},"excerpt":{"rendered":"<p>Den jordagtige og rensende duft af sandeltr\u00e6 er en af de \u00e6ldste dufte, der blev brugt i ritualer i oldtiden, og i dag er den stadig meget popul\u00e6r. N\u00e5r du br\u00e6nder en r\u00f8gelsespind af sandeltr\u00e6, renser dens antiseptiske duft alt, hvad den r\u00f8rer ved. Disse indiske r\u00f8gelseskegler med deres fantastiske farve og eksotiske duft er [&hellip;]<\/p>\n","protected":false},"featured_media":399533,"comment_status":"closed","ping_status":"open","template":"","meta":{"_angie_page":false},"product_brand":[],"product_cat":[25839,5836,5872,25990,26893],"product_tag":[],"class_list":{"0":"post-199052","1":"product","2":"type-product","3":"status-publish","4":"has-post-thumbnail","6":"product_cat-dufte-aromaer","7":"product_cat-rogelse-og-rogelsesholdere","8":"product_cat-rogelseskegler","9":"product_cat-sandeltrae","10":"product_cat-traeagtig","11":"pa_collection-indian-bulk-incense-cones-da","12":"pa_made-in-indien","14":"first","15":"instock","16":"purchasable","17":"product-type-simple"},"supplier_id":null,"supplier_sku":"BinC-18","barcode":null,"atum_controlled":true,"out_stock_date":null,"out_stock_threshold":null,"inheritable":false,"inbound_stock":null,"stock_on_hold":0,"sold_today":0,"sales_last_days":0,"reserved_stock":null,"customer_returns":null,"warehouse_damage":null,"lost_in_post":null,"other_logs":null,"out_stock_days":0,"lost_sales":0,"has_location":null,"update_date":"2026-04-27T06:54:09","atum_locations":[],"atum_stock_status":"instock","restock_status":false,"low_stock_amount":"","sales_update_date":"2025-10-09T03:25:49","calc_backorders":null,"_links":{"self":[{"href":"https:\/\/aromasentia.com\/da\/wp-json\/wp\/v2\/product\/199052","targetHints":{"allow":["GET"]}}],"collection":[{"href":"https:\/\/aromasentia.com\/da\/wp-json\/wp\/v2\/product"}],"about":[{"href":"https:\/\/aromasentia.com\/da\/wp-json\/wp\/v2\/types\/product"}],"replies":[{"embeddable":true,"href":"https:\/\/aromasentia.com\/da\/wp-json\/wp\/v2\/comments?post=199052"}],"version-history":[{"count":0,"href":"https:\/\/aromasentia.com\/da\/wp-json\/wp\/v2\/product\/199052\/revisions"}],"wp:featuredmedia":[{"embeddable":true,"href":"https:\/\/aromasentia.com\/da\/wp-json\/wp\/v2\/media\/399533"}],"wp:attachment":[{"href":"https:\/\/aromasentia.com\/da\/wp-json\/wp\/v2\/media?parent=199052"}],"wp:term":[{"taxonomy":"product_brand","embeddable":true,"href":"https:\/\/aromasentia.com\/da\/wp-json\/wp\/v2\/product_brand?post=199052"},{"taxonomy":"product_cat","embeddable":true,"href":"https:\/\/aromasentia.com\/da\/wp-json\/wp\/v2\/product_cat?post=199052"},{"taxonomy":"product_tag","embeddable":true,"href":"https:\/\/aromasentia.com\/da\/wp-json\/wp\/v2\/product_tag?post=199052"}],"curies":[{"name":"wp","href":"https:\/\/api.w.org\/{rel}","templated":true}]}}