{"id":199046,"date":"2025-03-23T10:29:53","date_gmt":"2025-03-23T10:29:53","guid":{"rendered":"https:\/\/aromasentia.com\/product\/bulk-incense-cones-opium\/"},"modified":"2025-06-22T03:16:42","modified_gmt":"2025-06-22T03:16:42","slug":"roegelseskegler-i-bulk-opium","status":"publish","type":"product","link":"https:\/\/aromasentia.com\/da\/roegelseskegler-i-bulk-opium\/","title":{"rendered":"R\u00f8gelseskegler I Bulk &#8211; Opium"},"content":{"rendered":"<p>Opium r\u00f8gelsespinde giver en eksotisk, jordagtig duft. De bringer ro og fungerer som smertestillende og middel. Denne berusende duft skaber en atmosf\u00e6re af fred og harmoni.<\/p>\n<p>Disse indiske r\u00f8gelseskegler med deres fantastiske farve og eksotiske duft er virkelig fantastiske. Med en h\u00f8jde p\u00e5 25 mm er de st\u00f8rre end gennemsnittet.<\/p>\n<p>T\u00e6nd spidsen af keglen, pust flammen ud og lad r\u00f8gelseskeglen ulme, hvilket frigiver r\u00f8gen, tilsat duften.<\/p>\n","protected":false},"excerpt":{"rendered":"<p>Opium r\u00f8gelsespinde giver en eksotisk, jordagtig duft. De bringer ro og fungerer som smertestillende og middel. Denne berusende duft skaber en atmosf\u00e6re af fred og harmoni. Disse indiske r\u00f8gelseskegler med deres fantastiske farve og eksotiske duft er virkelig fantastiske. Med en h\u00f8jde p\u00e5 25 mm er de st\u00f8rre end gennemsnittet. T\u00e6nd spidsen af keglen, pust [&hellip;]<\/p>\n","protected":false},"featured_media":399479,"comment_status":"closed","ping_status":"open","template":"","meta":{"_angie_page":false},"product_brand":[],"product_cat":[5836,5872],"product_tag":[],"class_list":{"0":"post-199046","1":"product","2":"type-product","3":"status-publish","4":"has-post-thumbnail","6":"product_cat-rogelse-og-rogelsesholdere","7":"product_cat-rogelseskegler","8":"pa_collection-indian-bulk-incense-cones-da","9":"pa_made-in-indien","11":"first","12":"instock","13":"purchasable","14":"product-type-simple"},"supplier_id":null,"supplier_sku":"BinC-12","barcode":null,"atum_controlled":true,"out_stock_date":null,"out_stock_threshold":null,"inheritable":false,"inbound_stock":null,"stock_on_hold":0,"sold_today":0,"sales_last_days":0,"reserved_stock":null,"customer_returns":null,"warehouse_damage":null,"lost_in_post":null,"other_logs":null,"out_stock_days":0,"lost_sales":0,"has_location":null,"update_date":"2026-05-08T00:08:50","atum_locations":[],"atum_stock_status":"instock","restock_status":false,"low_stock_amount":"","sales_update_date":"2026-01-30T01:26:40","calc_backorders":null,"_links":{"self":[{"href":"https:\/\/aromasentia.com\/da\/wp-json\/wp\/v2\/product\/199046","targetHints":{"allow":["GET"]}}],"collection":[{"href":"https:\/\/aromasentia.com\/da\/wp-json\/wp\/v2\/product"}],"about":[{"href":"https:\/\/aromasentia.com\/da\/wp-json\/wp\/v2\/types\/product"}],"replies":[{"embeddable":true,"href":"https:\/\/aromasentia.com\/da\/wp-json\/wp\/v2\/comments?post=199046"}],"version-history":[{"count":0,"href":"https:\/\/aromasentia.com\/da\/wp-json\/wp\/v2\/product\/199046\/revisions"}],"wp:featuredmedia":[{"embeddable":true,"href":"https:\/\/aromasentia.com\/da\/wp-json\/wp\/v2\/media\/399479"}],"wp:attachment":[{"href":"https:\/\/aromasentia.com\/da\/wp-json\/wp\/v2\/media?parent=199046"}],"wp:term":[{"taxonomy":"product_brand","embeddable":true,"href":"https:\/\/aromasentia.com\/da\/wp-json\/wp\/v2\/product_brand?post=199046"},{"taxonomy":"product_cat","embeddable":true,"href":"https:\/\/aromasentia.com\/da\/wp-json\/wp\/v2\/product_cat?post=199046"},{"taxonomy":"product_tag","embeddable":true,"href":"https:\/\/aromasentia.com\/da\/wp-json\/wp\/v2\/product_tag?post=199046"}],"curies":[{"name":"wp","href":"https:\/\/api.w.org\/{rel}","templated":true}]}}