{"id":199041,"date":"2025-03-23T10:29:53","date_gmt":"2025-03-23T10:29:53","guid":{"rendered":"https:\/\/aromasentia.com\/product\/bulk-incense-cones-jasmine\/"},"modified":"2025-06-22T03:16:37","modified_gmt":"2025-06-22T03:16:37","slug":"roegelseskegler-i-bulk-jasmin","status":"publish","type":"product","link":"https:\/\/aromasentia.com\/da\/roegelseskegler-i-bulk-jasmin\/","title":{"rendered":"R\u00f8gelseskegler I Bulk &#8211; Jasmin"},"content":{"rendered":"<p>Ordet &#8220;jasmin&#8221; betyder gave fra Gud. Jasminblomsten betragtes som en af de mest kraftfulde blomster, der bruges i trylleformularer og magi. Dens sensuelle duft er meget genkendelig, og der er mange m\u00e5der at inkorporere jasmin i ritualer og trylleformularer. Jasmin med sin berusende duft fremkalder f\u00f8lelser af lidenskab og er det perfekte v\u00e6rkt\u00f8j i en k\u00e6rlighedsskabende trylleformular. Dens beroligende og sensuelle egenskaber p\u00e5virker sindet og v\u00e6kker sensualitet.<\/p>\n<p>Disse indiske r\u00f8gelseskegler med deres fantastiske farve og eksotiske duft er virkelig fantastiske. Med en h\u00f8jde p\u00e5 25 mm er de st\u00f8rre end gennemsnittet.<\/p>\n<p>T\u00e6nd spidsen af keglen, pust flammen ud, og lad r\u00f8gelseskeglen ulme, hvorved r\u00f8gen, der er tilsat duften, frigives.<\/p>\n","protected":false},"excerpt":{"rendered":"<p>Ordet &#8220;jasmin&#8221; betyder gave fra Gud. Jasminblomsten betragtes som en af de mest kraftfulde blomster, der bruges i trylleformularer og magi. Dens sensuelle duft er meget genkendelig, og der er mange m\u00e5der at inkorporere jasmin i ritualer og trylleformularer. Jasmin med sin berusende duft fremkalder f\u00f8lelser af lidenskab og er det perfekte v\u00e6rkt\u00f8j i en [&hellip;]<\/p>\n","protected":false},"featured_media":399434,"comment_status":"closed","ping_status":"open","template":"","meta":{"_angie_page":false},"product_brand":[],"product_cat":[26830,25839,25955,5836,5872],"product_tag":[],"class_list":{"0":"post-199041","1":"product","2":"type-product","3":"status-publish","4":"has-post-thumbnail","6":"product_cat-blomster","7":"product_cat-dufte-aromaer","8":"product_cat-jasmin","9":"product_cat-rogelse-og-rogelsesholdere","10":"product_cat-rogelseskegler","11":"pa_collection-indian-bulk-incense-cones-da","12":"pa_made-in-indien","14":"first","15":"outofstock","16":"purchasable","17":"product-type-simple"},"supplier_id":null,"supplier_sku":"BinC-07","barcode":null,"atum_controlled":true,"out_stock_date":"2025-09-04 21:39:09","out_stock_threshold":null,"inheritable":false,"inbound_stock":null,"stock_on_hold":0,"sold_today":0,"sales_last_days":0,"reserved_stock":null,"customer_returns":null,"warehouse_damage":null,"lost_in_post":null,"other_logs":null,"out_stock_days":34,"lost_sales":0,"has_location":null,"update_date":"2026-05-08T05:04:58","atum_locations":[],"atum_stock_status":"outofstock","restock_status":false,"low_stock_amount":"","sales_update_date":"2025-10-09T03:25:47","calc_backorders":null,"_links":{"self":[{"href":"https:\/\/aromasentia.com\/da\/wp-json\/wp\/v2\/product\/199041","targetHints":{"allow":["GET"]}}],"collection":[{"href":"https:\/\/aromasentia.com\/da\/wp-json\/wp\/v2\/product"}],"about":[{"href":"https:\/\/aromasentia.com\/da\/wp-json\/wp\/v2\/types\/product"}],"replies":[{"embeddable":true,"href":"https:\/\/aromasentia.com\/da\/wp-json\/wp\/v2\/comments?post=199041"}],"version-history":[{"count":0,"href":"https:\/\/aromasentia.com\/da\/wp-json\/wp\/v2\/product\/199041\/revisions"}],"wp:featuredmedia":[{"embeddable":true,"href":"https:\/\/aromasentia.com\/da\/wp-json\/wp\/v2\/media\/399434"}],"wp:attachment":[{"href":"https:\/\/aromasentia.com\/da\/wp-json\/wp\/v2\/media?parent=199041"}],"wp:term":[{"taxonomy":"product_brand","embeddable":true,"href":"https:\/\/aromasentia.com\/da\/wp-json\/wp\/v2\/product_brand?post=199041"},{"taxonomy":"product_cat","embeddable":true,"href":"https:\/\/aromasentia.com\/da\/wp-json\/wp\/v2\/product_cat?post=199041"},{"taxonomy":"product_tag","embeddable":true,"href":"https:\/\/aromasentia.com\/da\/wp-json\/wp\/v2\/product_tag?post=199041"}],"curies":[{"name":"wp","href":"https:\/\/api.w.org\/{rel}","templated":true}]}}