{"id":199039,"date":"2025-03-23T10:29:53","date_gmt":"2025-03-23T10:29:53","guid":{"rendered":"https:\/\/aromasentia.com\/product\/bulk-incense-cones-frank-myrrh\/"},"modified":"2025-06-22T03:16:36","modified_gmt":"2025-06-22T03:16:36","slug":"roegelseskegler-i-bulk-frank-myrra","status":"publish","type":"product","link":"https:\/\/aromasentia.com\/da\/roegelseskegler-i-bulk-frank-myrra\/","title":{"rendered":"R\u00f8gelseskegler I Bulk &#8211; Frank &#038; myrra"},"content":{"rendered":"<p>Frank &#038; Myrra med deres rige og beroligende duft er en vidunderlig tilf\u00f8jelse til ethvert rum. Begge har helbredende egenskaber, der kan hj\u00e6lpe folk f\u00f8lelsesm\u00e6ssigt, vibrationsm\u00e6ssigt og spirituelt. P\u00e5 grund af dette bruges de ofte i ritualer.<\/p>\n<p>Disse indiske r\u00f8gelseskegler med deres fantastiske farve og eksotiske duft er virkelig fantastiske. Med en h\u00f8jde p\u00e5 25 mm er de st\u00f8rre end gennemsnittet.<\/p>\n<p>T\u00e6nd spidsen af keglen, pust flammen ud og lad r\u00f8gelseskeglen ulme, hvilket frigiver r\u00f8gen, tilsat duften.<\/p>\n","protected":false},"excerpt":{"rendered":"<p>Frank &#038; Myrra med deres rige og beroligende duft er en vidunderlig tilf\u00f8jelse til ethvert rum. Begge har helbredende egenskaber, der kan hj\u00e6lpe folk f\u00f8lelsesm\u00e6ssigt, vibrationsm\u00e6ssigt og spirituelt. P\u00e5 grund af dette bruges de ofte i ritualer. Disse indiske r\u00f8gelseskegler med deres fantastiske farve og eksotiske duft er virkelig fantastiske. Med en h\u00f8jde p\u00e5 25 [&hellip;]<\/p>\n","protected":false},"featured_media":399416,"comment_status":"closed","ping_status":"open","template":"","meta":[],"product_brand":[],"product_cat":[25839,26879,25968,5836,5872],"product_tag":[],"class_list":{"0":"post-199039","1":"product","2":"type-product","3":"status-publish","4":"has-post-thumbnail","6":"product_cat-dufte-aromaer","7":"product_cat-harpiksagtig-balsamisk","8":"product_cat-myrrh","9":"product_cat-rogelse-og-rogelsesholdere","10":"product_cat-rogelseskegler","11":"pa_collection-indian-bulk-incense-cones-da","12":"pa_made-in-indien","14":"first","15":"outofstock","16":"purchasable","17":"product-type-simple"},"supplier_id":null,"supplier_sku":"BinC-05","barcode":null,"atum_controlled":true,"out_stock_date":"2025-11-18 13:59:41","out_stock_threshold":null,"inheritable":false,"inbound_stock":null,"stock_on_hold":0,"sold_today":0,"sales_last_days":0,"reserved_stock":null,"customer_returns":null,"warehouse_damage":null,"lost_in_post":null,"other_logs":null,"out_stock_days":79,"lost_sales":0,"has_location":null,"update_date":"2026-02-06T00:01:14","atum_locations":[],"atum_stock_status":"outofstock","restock_status":false,"low_stock_amount":"","sales_update_date":"2026-02-06T00:01:14","calc_backorders":null,"_links":{"self":[{"href":"https:\/\/aromasentia.com\/da\/wp-json\/wp\/v2\/product\/199039","targetHints":{"allow":["GET"]}}],"collection":[{"href":"https:\/\/aromasentia.com\/da\/wp-json\/wp\/v2\/product"}],"about":[{"href":"https:\/\/aromasentia.com\/da\/wp-json\/wp\/v2\/types\/product"}],"replies":[{"embeddable":true,"href":"https:\/\/aromasentia.com\/da\/wp-json\/wp\/v2\/comments?post=199039"}],"version-history":[{"count":0,"href":"https:\/\/aromasentia.com\/da\/wp-json\/wp\/v2\/product\/199039\/revisions"}],"wp:featuredmedia":[{"embeddable":true,"href":"https:\/\/aromasentia.com\/da\/wp-json\/wp\/v2\/media\/399416"}],"wp:attachment":[{"href":"https:\/\/aromasentia.com\/da\/wp-json\/wp\/v2\/media?parent=199039"}],"wp:term":[{"taxonomy":"product_brand","embeddable":true,"href":"https:\/\/aromasentia.com\/da\/wp-json\/wp\/v2\/product_brand?post=199039"},{"taxonomy":"product_cat","embeddable":true,"href":"https:\/\/aromasentia.com\/da\/wp-json\/wp\/v2\/product_cat?post=199039"},{"taxonomy":"product_tag","embeddable":true,"href":"https:\/\/aromasentia.com\/da\/wp-json\/wp\/v2\/product_tag?post=199039"}],"curies":[{"name":"wp","href":"https:\/\/api.w.org\/{rel}","templated":true}]}}