{"id":199038,"date":"2025-03-23T10:29:53","date_gmt":"2025-03-23T10:29:53","guid":{"rendered":"https:\/\/aromasentia.com\/product\/bulk-incense-cones-dragons-blood\/"},"modified":"2025-06-22T03:16:36","modified_gmt":"2025-06-22T03:16:36","slug":"roegelseskegler-i-bulk-dragons-blood","status":"publish","type":"product","link":"https:\/\/aromasentia.com\/da\/roegelseskegler-i-bulk-dragons-blood\/","title":{"rendered":"R\u00f8gelseskegler I Bulk &#8211; Dragons Blood"},"content":{"rendered":"<p>Dragons Blood r\u00f8gelsespinde er lavet af en lys r\u00f8d harpiks fra en r\u00e6kke forskellige tropiske tr\u00e6er, kaldet dragetr\u00e6er, som Croton eller Dracaena. Drageblod giver en distinkt aroma. Dufter s\u00f8dt og bl\u00f8dt, ligesom rav. Du kan bruge drageblodsr\u00f8gelse til at beskytte dit hjem, men det er ogs\u00e5 kendt for at berolige stemningen.<\/p>\n<p>Disse indiske r\u00f8gelseskegler med deres fantastiske farve og eksotiske duft er virkelig fantastiske. Med en h\u00f8jde p\u00e5 25 mm er de st\u00f8rre end gennemsnittet.<\/p>\n<p>T\u00e6nd spidsen af keglen, pust flammen ud og lad r\u00f8gelseskeglen ulme, hvilket frigiver r\u00f8gen, tilsat duften.<\/p>\n","protected":false},"excerpt":{"rendered":"<p>Dragons Blood r\u00f8gelsespinde er lavet af en lys r\u00f8d harpiks fra en r\u00e6kke forskellige tropiske tr\u00e6er, kaldet dragetr\u00e6er, som Croton eller Dracaena. Drageblod giver en distinkt aroma. Dufter s\u00f8dt og bl\u00f8dt, ligesom rav. Du kan bruge drageblodsr\u00f8gelse til at beskytte dit hjem, men det er ogs\u00e5 kendt for at berolige stemningen. Disse indiske r\u00f8gelseskegler med [&hellip;]<\/p>\n","protected":false},"featured_media":399407,"comment_status":"closed","ping_status":"open","template":"","meta":{"_angie_page":false},"product_brand":[],"product_cat":[5836,5872],"product_tag":[],"class_list":{"0":"post-199038","1":"product","2":"type-product","3":"status-publish","4":"has-post-thumbnail","6":"product_cat-rogelse-og-rogelsesholdere","7":"product_cat-rogelseskegler","8":"pa_collection-indian-bulk-incense-cones-da","9":"pa_made-in-indien","11":"first","12":"outofstock","13":"purchasable","14":"product-type-simple"},"supplier_id":null,"supplier_sku":"BinC-04","barcode":null,"atum_controlled":true,"out_stock_date":"2025-09-04 21:39:01","out_stock_threshold":null,"inheritable":false,"inbound_stock":null,"stock_on_hold":0,"sold_today":0,"sales_last_days":0,"reserved_stock":null,"customer_returns":null,"warehouse_damage":null,"lost_in_post":null,"other_logs":null,"out_stock_days":34,"lost_sales":0,"has_location":null,"update_date":"2026-04-27T06:54:09","atum_locations":[],"atum_stock_status":"outofstock","restock_status":false,"low_stock_amount":"","sales_update_date":"2025-10-09T03:25:45","calc_backorders":null,"_links":{"self":[{"href":"https:\/\/aromasentia.com\/da\/wp-json\/wp\/v2\/product\/199038","targetHints":{"allow":["GET"]}}],"collection":[{"href":"https:\/\/aromasentia.com\/da\/wp-json\/wp\/v2\/product"}],"about":[{"href":"https:\/\/aromasentia.com\/da\/wp-json\/wp\/v2\/types\/product"}],"replies":[{"embeddable":true,"href":"https:\/\/aromasentia.com\/da\/wp-json\/wp\/v2\/comments?post=199038"}],"version-history":[{"count":0,"href":"https:\/\/aromasentia.com\/da\/wp-json\/wp\/v2\/product\/199038\/revisions"}],"wp:featuredmedia":[{"embeddable":true,"href":"https:\/\/aromasentia.com\/da\/wp-json\/wp\/v2\/media\/399407"}],"wp:attachment":[{"href":"https:\/\/aromasentia.com\/da\/wp-json\/wp\/v2\/media?parent=199038"}],"wp:term":[{"taxonomy":"product_brand","embeddable":true,"href":"https:\/\/aromasentia.com\/da\/wp-json\/wp\/v2\/product_brand?post=199038"},{"taxonomy":"product_cat","embeddable":true,"href":"https:\/\/aromasentia.com\/da\/wp-json\/wp\/v2\/product_cat?post=199038"},{"taxonomy":"product_tag","embeddable":true,"href":"https:\/\/aromasentia.com\/da\/wp-json\/wp\/v2\/product_tag?post=199038"}],"curies":[{"name":"wp","href":"https:\/\/api.w.org\/{rel}","templated":true}]}}