{"id":199037,"date":"2025-03-23T10:29:53","date_gmt":"2025-03-23T10:29:53","guid":{"rendered":"https:\/\/aromasentia.com\/product\/bulk-incense-cones-citronella\/"},"modified":"2025-06-22T03:16:35","modified_gmt":"2025-06-22T03:16:35","slug":"roegelseskegler-i-bulk-citronella","status":"publish","type":"product","link":"https:\/\/aromasentia.com\/da\/roegelseskegler-i-bulk-citronella\/","title":{"rendered":"R\u00f8gelseskegler I Bulk &#8211; Citronella"},"content":{"rendered":"<p>Citronella er svaret p\u00e5 din s\u00f8gen efter et ikke-kemisk og 100% naturligt myggemiddel. Dens rene og fyldige aroma g\u00f8r citronella ogs\u00e5 til en perfekt beroligende hjemmeduft og er kendt for at kunne lindre negative f\u00f8lelser og tristhed.<\/p>\n<p>Disse indiske r\u00f8gelseskegler med deres fantastiske farve og eksotiske duft er virkelig fantastiske. Med en h\u00f8jde p\u00e5 25 mm er de st\u00f8rre end gennemsnittet.<\/p>\n<p>T\u00e6nd spidsen af keglen, pust flammen ud, og lad r\u00f8gelseskeglen ulme, s\u00e5 r\u00f8gen, der er tilsat duften, frigives.<\/p>\n","protected":false},"excerpt":{"rendered":"<p>Citronella er svaret p\u00e5 din s\u00f8gen efter et ikke-kemisk og 100% naturligt myggemiddel. Dens rene og fyldige aroma g\u00f8r citronella ogs\u00e5 til en perfekt beroligende hjemmeduft og er kendt for at kunne lindre negative f\u00f8lelser og tristhed. Disse indiske r\u00f8gelseskegler med deres fantastiske farve og eksotiske duft er virkelig fantastiske. Med en h\u00f8jde p\u00e5 25 [&hellip;]<\/p>\n","protected":false},"featured_media":399398,"comment_status":"closed","ping_status":"open","template":"","meta":{"_angie_page":false},"product_brand":[],"product_cat":[25936,26816,25839,5836,5872],"product_tag":[],"class_list":{"0":"post-199037","1":"product","2":"type-product","3":"status-publish","4":"has-post-thumbnail","6":"product_cat-citronella","7":"product_cat-citrus","8":"product_cat-dufte-aromaer","9":"product_cat-rogelse-og-rogelsesholdere","10":"product_cat-rogelseskegler","11":"pa_collection-indian-bulk-incense-cones-da","12":"pa_made-in-indien","14":"first","15":"outofstock","16":"purchasable","17":"product-type-simple"},"supplier_id":null,"supplier_sku":"BinC-03","barcode":null,"atum_controlled":true,"out_stock_date":"2026-01-20 03:14:01","out_stock_threshold":null,"inheritable":false,"inbound_stock":null,"stock_on_hold":0,"sold_today":0,"sales_last_days":0,"reserved_stock":null,"customer_returns":null,"warehouse_damage":null,"lost_in_post":null,"other_logs":null,"out_stock_days":9,"lost_sales":0,"has_location":null,"update_date":"2026-05-08T05:04:58","atum_locations":[],"atum_stock_status":"outofstock","restock_status":false,"low_stock_amount":"","sales_update_date":"2026-01-30T01:24:51","calc_backorders":null,"_links":{"self":[{"href":"https:\/\/aromasentia.com\/da\/wp-json\/wp\/v2\/product\/199037","targetHints":{"allow":["GET"]}}],"collection":[{"href":"https:\/\/aromasentia.com\/da\/wp-json\/wp\/v2\/product"}],"about":[{"href":"https:\/\/aromasentia.com\/da\/wp-json\/wp\/v2\/types\/product"}],"replies":[{"embeddable":true,"href":"https:\/\/aromasentia.com\/da\/wp-json\/wp\/v2\/comments?post=199037"}],"version-history":[{"count":0,"href":"https:\/\/aromasentia.com\/da\/wp-json\/wp\/v2\/product\/199037\/revisions"}],"wp:featuredmedia":[{"embeddable":true,"href":"https:\/\/aromasentia.com\/da\/wp-json\/wp\/v2\/media\/399398"}],"wp:attachment":[{"href":"https:\/\/aromasentia.com\/da\/wp-json\/wp\/v2\/media?parent=199037"}],"wp:term":[{"taxonomy":"product_brand","embeddable":true,"href":"https:\/\/aromasentia.com\/da\/wp-json\/wp\/v2\/product_brand?post=199037"},{"taxonomy":"product_cat","embeddable":true,"href":"https:\/\/aromasentia.com\/da\/wp-json\/wp\/v2\/product_cat?post=199037"},{"taxonomy":"product_tag","embeddable":true,"href":"https:\/\/aromasentia.com\/da\/wp-json\/wp\/v2\/product_tag?post=199037"}],"curies":[{"name":"wp","href":"https:\/\/api.w.org\/{rel}","templated":true}]}}