{"id":199030,"date":"2025-03-23T10:29:53","date_gmt":"2025-03-23T10:29:53","guid":{"rendered":"https:\/\/aromasentia.com\/product\/brass-charcoal-burner-with-coaster\/"},"modified":"2025-06-22T03:16:33","modified_gmt":"2025-06-22T03:16:33","slug":"kulbraender-i-messing-med-underkop","status":"publish","type":"product","link":"https:\/\/aromasentia.com\/da\/kulbraender-i-messing-med-underkop\/","title":{"rendered":"Kulbr\u00e6nder I Messing med Underkop"},"content":{"rendered":"<p><span style=\"color: rgb(75, 80, 88);\">Lad aromaen flyde blidt med disse traditionelle messingbr\u00e6ndere. Fra den gamle messingby Moradabad, Indien, hvor disse genstande er blevet fremstillet og brugt i generationer.<\/span><\/p>\n<p><span style=\"color: rgb(75, 80, 88);\">Denne <strong>r\u00f8gelseskrukke af messing, udsk\u00e5ret tr\u00e6kul<\/strong> er importeret direkte fra en familieejet h\u00e5ndv\u00e6rkerproducent i Morodabad, s\u00e5 du kan v\u00e6re sikker p\u00e5, at disse r\u00f8gelsesbr\u00e6ndere er autentiske og til konkurrencedygtige priser.<\/span><\/p>\n<p><span style=\"color: rgb(75, 80, 88);\">Bes\u00f8g vores<\/span><a href=\"https:\/\/aromasentia.com\/incense\"><span style=\"color: rgb(149, 122, 101);\"><strong>side om r\u00f8gelsesafdelingen<\/strong><\/span><\/a><span style=\"color: rgb(75, 80, 88);\">for det bedste udvalg af r\u00f8gelsespinde, r\u00f8gelseskegler og r\u00f8gelse. holdere.<\/span><\/p>\n<p><span style=\"color: rgb(149, 122, 101);\"><a href=\"https:\/\/aromasentia.com\/resin-22c\"><strong>K\u00f8b tr\u00e6kul her<\/strong><\/a><strong>&nbsp;<\/strong><\/span><\/p>\n<p><strong><span style=\"color: rgb(184, 49, 47);\">ADVARSEL<\/span><\/strong>:<span style=\"color: rgb(75, 80, 88);\"><strong>&nbsp;Alle typer r\u00f8gelsesbr\u00e6ndere bliver meget varme under brug, s\u00e5 placer dem p\u00e5 en flad, stabil og varmebestandig overflade, og hold dem v\u00e6k fra alt brandbart.<\/strong><\/span><\/p>\n","protected":false},"excerpt":{"rendered":"<p>Lad aromaen flyde blidt med disse traditionelle messingbr\u00e6ndere. Fra den gamle messingby Moradabad, Indien, hvor disse genstande er blevet fremstillet og brugt i generationer. Denne r\u00f8gelseskrukke af messing, udsk\u00e5ret tr\u00e6kul er importeret direkte fra en familieejet h\u00e5ndv\u00e6rkerproducent i Morodabad, s\u00e5 du kan v\u00e6re sikker p\u00e5, at disse r\u00f8gelsesbr\u00e6ndere er autentiske og til konkurrencedygtige priser. Bes\u00f8g [&hellip;]<\/p>\n","protected":false},"featured_media":399215,"comment_status":"closed","ping_status":"open","template":"","meta":{"_angie_page":false},"product_brand":[],"product_cat":[5836,5837],"product_tag":[],"class_list":{"0":"post-199030","1":"product","2":"type-product","3":"status-publish","4":"has-post-thumbnail","6":"product_cat-rogelse-og-rogelsesholdere","7":"product_cat-rogelsesholdere-og-rogelsesbraendere","8":"pa_collection-traditional-brass-incense-burners-da","9":"pa_made-in-indien","11":"first","12":"outofstock","13":"purchasable","14":"product-type-simple"},"supplier_id":null,"supplier_sku":"BIB-14","barcode":null,"atum_controlled":true,"out_stock_date":"2025-09-04 21:38:45","out_stock_threshold":null,"inheritable":false,"inbound_stock":null,"stock_on_hold":0,"sold_today":0,"sales_last_days":0,"reserved_stock":null,"customer_returns":null,"warehouse_damage":null,"lost_in_post":null,"other_logs":null,"out_stock_days":34,"lost_sales":0,"has_location":null,"update_date":"2026-04-27T06:54:02","atum_locations":[],"atum_stock_status":"outofstock","restock_status":false,"low_stock_amount":"","sales_update_date":"2025-10-09T03:25:44","calc_backorders":null,"_links":{"self":[{"href":"https:\/\/aromasentia.com\/da\/wp-json\/wp\/v2\/product\/199030","targetHints":{"allow":["GET"]}}],"collection":[{"href":"https:\/\/aromasentia.com\/da\/wp-json\/wp\/v2\/product"}],"about":[{"href":"https:\/\/aromasentia.com\/da\/wp-json\/wp\/v2\/types\/product"}],"replies":[{"embeddable":true,"href":"https:\/\/aromasentia.com\/da\/wp-json\/wp\/v2\/comments?post=199030"}],"version-history":[{"count":0,"href":"https:\/\/aromasentia.com\/da\/wp-json\/wp\/v2\/product\/199030\/revisions"}],"wp:featuredmedia":[{"embeddable":true,"href":"https:\/\/aromasentia.com\/da\/wp-json\/wp\/v2\/media\/399215"}],"wp:attachment":[{"href":"https:\/\/aromasentia.com\/da\/wp-json\/wp\/v2\/media?parent=199030"}],"wp:term":[{"taxonomy":"product_brand","embeddable":true,"href":"https:\/\/aromasentia.com\/da\/wp-json\/wp\/v2\/product_brand?post=199030"},{"taxonomy":"product_cat","embeddable":true,"href":"https:\/\/aromasentia.com\/da\/wp-json\/wp\/v2\/product_cat?post=199030"},{"taxonomy":"product_tag","embeddable":true,"href":"https:\/\/aromasentia.com\/da\/wp-json\/wp\/v2\/product_tag?post=199030"}],"curies":[{"name":"wp","href":"https:\/\/api.w.org\/{rel}","templated":true}]}}