{"id":199023,"date":"2025-03-23T10:29:53","date_gmt":"2025-03-23T10:29:53","guid":{"rendered":"https:\/\/aromasentia.com\/product\/ornate-censer-incense-burner\/"},"modified":"2025-06-22T03:16:30","modified_gmt":"2025-06-22T03:16:30","slug":"udsmykket-roegelseskar-roegelsesbraender","status":"publish","type":"product","link":"https:\/\/aromasentia.com\/da\/udsmykket-roegelseskar-roegelsesbraender\/","title":{"rendered":"Udsmykket R\u00f8gelseskar R\u00f8gelsesbr\u00e6nder"},"content":{"rendered":"<p>En messing r\u00f8gelseskar med en sk\u00e6rmtop er et ideelt valg til de fleste typer r\u00f8gelse. De er nyttige med tr\u00e6kulstabletter. Fyld blot bunden med sand eller aske, tils\u00e6t en tr\u00e6kulstablet og br\u00e6nd din yndlingsharpiksr\u00f8gelse. R\u00f8gelseskarret har et aftageligt tr\u00e6h\u00e5ndtag, s\u00e5 du kan flytte dem rundt, n\u00e5r du vil tage r\u00f8gelsen fra rum til rum.<\/p>\n<p>ADVARSEL: R\u00f8gelseskar bliver varme under brug, s\u00e5 placer dem p\u00e5 en flad, stabil og varmebestandig overflade, og hold dem v\u00e6k fra b\u00f8rn.<\/p>\n","protected":false},"excerpt":{"rendered":"<p>En messing r\u00f8gelseskar med en sk\u00e6rmtop er et ideelt valg til de fleste typer r\u00f8gelse. De er nyttige med tr\u00e6kulstabletter. Fyld blot bunden med sand eller aske, tils\u00e6t en tr\u00e6kulstablet og br\u00e6nd din yndlingsharpiksr\u00f8gelse. R\u00f8gelseskarret har et aftageligt tr\u00e6h\u00e5ndtag, s\u00e5 du kan flytte dem rundt, n\u00e5r du vil tage r\u00f8gelsen fra rum til rum. ADVARSEL: [&hellip;]<\/p>\n","protected":false},"featured_media":398880,"comment_status":"closed","ping_status":"open","template":"","meta":{"_angie_page":false},"product_brand":[],"product_cat":[5836,5837],"product_tag":[],"class_list":{"0":"post-199023","1":"product","2":"type-product","3":"status-publish","4":"has-post-thumbnail","6":"product_cat-rogelse-og-rogelsesholdere","7":"product_cat-rogelsesholdere-og-rogelsesbraendere","8":"pa_collection-traditional-brass-incense-burners-da","9":"pa_made-in-indien","11":"first","12":"outofstock","13":"purchasable","14":"product-type-simple"},"supplier_id":null,"supplier_sku":"BIB-05","barcode":null,"atum_controlled":true,"out_stock_date":"2025-09-04 21:38:23","out_stock_threshold":null,"inheritable":false,"inbound_stock":null,"stock_on_hold":0,"sold_today":0,"sales_last_days":0,"reserved_stock":null,"customer_returns":null,"warehouse_damage":null,"lost_in_post":null,"other_logs":null,"out_stock_days":34,"lost_sales":0,"has_location":null,"update_date":"2026-04-27T06:54:02","atum_locations":[],"atum_stock_status":"outofstock","restock_status":false,"low_stock_amount":"","sales_update_date":"2025-10-09T03:25:42","calc_backorders":null,"_links":{"self":[{"href":"https:\/\/aromasentia.com\/da\/wp-json\/wp\/v2\/product\/199023","targetHints":{"allow":["GET"]}}],"collection":[{"href":"https:\/\/aromasentia.com\/da\/wp-json\/wp\/v2\/product"}],"about":[{"href":"https:\/\/aromasentia.com\/da\/wp-json\/wp\/v2\/types\/product"}],"replies":[{"embeddable":true,"href":"https:\/\/aromasentia.com\/da\/wp-json\/wp\/v2\/comments?post=199023"}],"version-history":[{"count":0,"href":"https:\/\/aromasentia.com\/da\/wp-json\/wp\/v2\/product\/199023\/revisions"}],"wp:featuredmedia":[{"embeddable":true,"href":"https:\/\/aromasentia.com\/da\/wp-json\/wp\/v2\/media\/398880"}],"wp:attachment":[{"href":"https:\/\/aromasentia.com\/da\/wp-json\/wp\/v2\/media?parent=199023"}],"wp:term":[{"taxonomy":"product_brand","embeddable":true,"href":"https:\/\/aromasentia.com\/da\/wp-json\/wp\/v2\/product_brand?post=199023"},{"taxonomy":"product_cat","embeddable":true,"href":"https:\/\/aromasentia.com\/da\/wp-json\/wp\/v2\/product_cat?post=199023"},{"taxonomy":"product_tag","embeddable":true,"href":"https:\/\/aromasentia.com\/da\/wp-json\/wp\/v2\/product_tag?post=199023"}],"curies":[{"name":"wp","href":"https:\/\/api.w.org\/{rel}","templated":true}]}}