{"id":199020,"date":"2025-03-23T10:29:53","date_gmt":"2025-03-23T10:29:53","guid":{"rendered":"https:\/\/aromasentia.com\/product\/med-incense-burner\/"},"modified":"2025-06-22T03:16:27","modified_gmt":"2025-06-22T03:16:27","slug":"med-roegelsesbraender","status":"publish","type":"product","link":"https:\/\/aromasentia.com\/da\/med-roegelsesbraender\/","title":{"rendered":"med R\u00f8gelsesbr\u00e6nder"},"content":{"rendered":"<p>En messing r\u00f8gelsesbr\u00e6nder med en sk\u00e6rmtop er et ideelt valg til de fleste typer r\u00f8gelse. Denne mellemstore r\u00f8gelsesbr\u00e6nder er en fantastisk kompakt m\u00e5de at opbevare dine r\u00f8gelsespinde p\u00e5.<\/p>\n<p>ADVARSEL: Placer p\u00e5 en flad, stabil og varmebestandig overflade, og hold den v\u00e6k fra b\u00f8rn.<\/p>\n","protected":false},"excerpt":{"rendered":"<p>En messing r\u00f8gelsesbr\u00e6nder med en sk\u00e6rmtop er et ideelt valg til de fleste typer r\u00f8gelse. Denne mellemstore r\u00f8gelsesbr\u00e6nder er en fantastisk kompakt m\u00e5de at opbevare dine r\u00f8gelsespinde p\u00e5. ADVARSEL: Placer p\u00e5 en flad, stabil og varmebestandig overflade, og hold den v\u00e6k fra b\u00f8rn.<\/p>\n","protected":false},"featured_media":398733,"comment_status":"closed","ping_status":"open","template":"","meta":{"_angie_page":false},"product_brand":[],"product_cat":[5836,5837],"product_tag":[],"class_list":{"0":"post-199020","1":"product","2":"type-product","3":"status-publish","4":"has-post-thumbnail","6":"product_cat-rogelse-og-rogelsesholdere","7":"product_cat-rogelsesholdere-og-rogelsesbraendere","8":"pa_collection-traditional-brass-incense-burners-da","9":"pa_made-in-indien","11":"first","12":"outofstock","13":"purchasable","14":"product-type-simple"},"supplier_id":null,"supplier_sku":"BIB-02","barcode":null,"atum_controlled":true,"out_stock_date":"2025-09-04 21:38:16","out_stock_threshold":null,"inheritable":false,"inbound_stock":null,"stock_on_hold":0,"sold_today":0,"sales_last_days":0,"reserved_stock":null,"customer_returns":null,"warehouse_damage":null,"lost_in_post":null,"other_logs":null,"out_stock_days":34,"lost_sales":0,"has_location":null,"update_date":"2026-04-29T06:53:35","atum_locations":[],"atum_stock_status":"outofstock","restock_status":false,"low_stock_amount":"","sales_update_date":"2025-10-09T03:25:41","calc_backorders":null,"_links":{"self":[{"href":"https:\/\/aromasentia.com\/da\/wp-json\/wp\/v2\/product\/199020","targetHints":{"allow":["GET"]}}],"collection":[{"href":"https:\/\/aromasentia.com\/da\/wp-json\/wp\/v2\/product"}],"about":[{"href":"https:\/\/aromasentia.com\/da\/wp-json\/wp\/v2\/types\/product"}],"replies":[{"embeddable":true,"href":"https:\/\/aromasentia.com\/da\/wp-json\/wp\/v2\/comments?post=199020"}],"version-history":[{"count":0,"href":"https:\/\/aromasentia.com\/da\/wp-json\/wp\/v2\/product\/199020\/revisions"}],"wp:featuredmedia":[{"embeddable":true,"href":"https:\/\/aromasentia.com\/da\/wp-json\/wp\/v2\/media\/398733"}],"wp:attachment":[{"href":"https:\/\/aromasentia.com\/da\/wp-json\/wp\/v2\/media?parent=199020"}],"wp:term":[{"taxonomy":"product_brand","embeddable":true,"href":"https:\/\/aromasentia.com\/da\/wp-json\/wp\/v2\/product_brand?post=199020"},{"taxonomy":"product_cat","embeddable":true,"href":"https:\/\/aromasentia.com\/da\/wp-json\/wp\/v2\/product_cat?post=199020"},{"taxonomy":"product_tag","embeddable":true,"href":"https:\/\/aromasentia.com\/da\/wp-json\/wp\/v2\/product_tag?post=199020"}],"curies":[{"name":"wp","href":"https:\/\/api.w.org\/{rel}","templated":true}]}}