{"id":199014,"date":"2025-03-23T10:29:53","date_gmt":"2025-03-23T10:29:53","guid":{"rendered":"https:\/\/aromasentia.com\/product\/chakra-tall-charcoal-incense-jar-throat\/"},"modified":"2025-06-22T03:16:24","modified_gmt":"2025-06-22T03:16:24","slug":"chakra-tall-roegelseskar-for-traekul-hals","status":"publish","type":"product","link":"https:\/\/aromasentia.com\/da\/chakra-tall-roegelseskar-for-traekul-hals\/","title":{"rendered":"Chakra Tall R\u00f8gelseskar for Tr\u00e6kul &#8211; Hals"},"content":{"rendered":"<p>R\u00f8gelseskar af kul i smuk m\u00f8rkebl\u00e5 farve med en lidt h\u00f8jere bund. Dekoreret med gyldne m\u00f8nstre, h\u00e5ndlavet i Indien. Denne r\u00f8gelseskrukke kan bruges under ritualer til renselse eller aktivering af halschakraet.&nbsp;<\/p>\n<p>R\u00f8gelseskrukkerne er beregnet til at blive brugt med harpiks og kulletabletter. Placer dem bare p\u00e5 den aftagelige rist, s\u00e5 asken falder ned i beholderen.<\/p>\n<p><em>FORSIGTIG: R\u00f8gelsesbr\u00e6ndere bliver meget varme, s\u00e5 placer dem altid p\u00e5 et varmebestandigt underlag, og r\u00f8r dem ikke, n\u00e5r de er i brug. Hold dem v\u00e6k fra br\u00e6ndbare genstande. N\u00e5r kullet er br\u00e6ndt ud, skal du lade det k\u00f8le af, f\u00f8r du smider det ud.&nbsp;<\/em><\/p>\n","protected":false},"excerpt":{"rendered":"<p>R\u00f8gelseskar af kul i smuk m\u00f8rkebl\u00e5 farve med en lidt h\u00f8jere bund. Dekoreret med gyldne m\u00f8nstre, h\u00e5ndlavet i Indien. Denne r\u00f8gelseskrukke kan bruges under ritualer til renselse eller aktivering af halschakraet.&nbsp; R\u00f8gelseskrukkerne er beregnet til at blive brugt med harpiks og kulletabletter. Placer dem bare p\u00e5 den aftagelige rist, s\u00e5 asken falder ned i beholderen. [&hellip;]<\/p>\n","protected":false},"featured_media":398575,"comment_status":"closed","ping_status":"open","template":"","meta":[],"product_brand":[],"product_cat":[5836,5837],"product_tag":[],"class_list":{"0":"post-199014","1":"product","2":"type-product","3":"status-publish","4":"has-post-thumbnail","6":"product_cat-rogelse-og-rogelsesholdere","7":"product_cat-rogelsesholdere-og-rogelsesbraendere","8":"pa_collection-chakra-charcoal-incense-jar-da","9":"pa_made-in-indien","11":"first","12":"instock","13":"purchasable","14":"product-type-simple"},"supplier_id":null,"supplier_sku":"BCI-10","barcode":null,"atum_controlled":true,"out_stock_date":null,"out_stock_threshold":null,"inheritable":false,"inbound_stock":null,"stock_on_hold":0,"sold_today":0,"sales_last_days":0,"reserved_stock":null,"customer_returns":null,"warehouse_damage":null,"lost_in_post":null,"other_logs":null,"out_stock_days":0,"lost_sales":0,"has_location":null,"update_date":"2026-02-06T00:02:40","atum_locations":[],"atum_stock_status":"instock","restock_status":false,"low_stock_amount":"","sales_update_date":"2026-02-06T00:02:40","calc_backorders":null,"_links":{"self":[{"href":"https:\/\/aromasentia.com\/da\/wp-json\/wp\/v2\/product\/199014","targetHints":{"allow":["GET"]}}],"collection":[{"href":"https:\/\/aromasentia.com\/da\/wp-json\/wp\/v2\/product"}],"about":[{"href":"https:\/\/aromasentia.com\/da\/wp-json\/wp\/v2\/types\/product"}],"replies":[{"embeddable":true,"href":"https:\/\/aromasentia.com\/da\/wp-json\/wp\/v2\/comments?post=199014"}],"version-history":[{"count":0,"href":"https:\/\/aromasentia.com\/da\/wp-json\/wp\/v2\/product\/199014\/revisions"}],"wp:featuredmedia":[{"embeddable":true,"href":"https:\/\/aromasentia.com\/da\/wp-json\/wp\/v2\/media\/398575"}],"wp:attachment":[{"href":"https:\/\/aromasentia.com\/da\/wp-json\/wp\/v2\/media?parent=199014"}],"wp:term":[{"taxonomy":"product_brand","embeddable":true,"href":"https:\/\/aromasentia.com\/da\/wp-json\/wp\/v2\/product_brand?post=199014"},{"taxonomy":"product_cat","embeddable":true,"href":"https:\/\/aromasentia.com\/da\/wp-json\/wp\/v2\/product_cat?post=199014"},{"taxonomy":"product_tag","embeddable":true,"href":"https:\/\/aromasentia.com\/da\/wp-json\/wp\/v2\/product_tag?post=199014"}],"curies":[{"name":"wp","href":"https:\/\/api.w.org\/{rel}","templated":true}]}}