{"id":199004,"date":"2025-03-23T10:30:00","date_gmt":"2025-03-23T10:30:00","guid":{"rendered":"https:\/\/aromasentia.com\/product\/wooden-carved-incense-burners-lrg-yoga-cat\/"},"modified":"2025-06-22T03:16:20","modified_gmt":"2025-06-22T03:16:20","slug":"roegelsesbraendere-i-udskaaret-trae-stor-yoga-cat","status":"publish","type":"product","link":"https:\/\/aromasentia.com\/da\/roegelsesbraendere-i-udskaaret-trae-stor-yoga-cat\/","title":{"rendered":"R\u00f8gelsesbr\u00e6ndere I Udsk\u00e5ret Tr\u00e6 &#8211; Stor Yoga Cat"},"content":{"rendered":"<p><strong>Disse Aroma Sentia-ping tr\u00e6udsk\u00e5rne r\u00f8gelsesbr\u00e6ndere &#8211;&nbsp;<\/strong><\/p>\n<p><strong>Tr\u00e6udsk\u00e5rne r\u00f8gelsesbr\u00e6ndere &#8211; Stor Yogakat&nbsp;<\/strong>er h\u00e5ndsk\u00e5ret af indonesiske h\u00e5ndv\u00e6rkere fra Suar Wood. Som et h\u00e5ndlavet produkt er hver tr\u00e6udsk\u00e6ring unik og forskellig fra andre.<\/p>\n<p>Placer blot vaflen p\u00e5 tr\u00e6skiven, t\u00e6nd spidsen af vaflen med den, og placer vores Yogakat af Tr\u00e6 oven p\u00e5 den. R\u00f8gen vil finde vej ud gennem kattens poter.<\/p>\n","protected":false},"excerpt":{"rendered":"<p>Disse Aroma Sentia-ping tr\u00e6udsk\u00e5rne r\u00f8gelsesbr\u00e6ndere &#8211;&nbsp; Tr\u00e6udsk\u00e5rne r\u00f8gelsesbr\u00e6ndere &#8211; Stor Yogakat&nbsp;er h\u00e5ndsk\u00e5ret af indonesiske h\u00e5ndv\u00e6rkere fra Suar Wood. Som et h\u00e5ndlavet produkt er hver tr\u00e6udsk\u00e6ring unik og forskellig fra andre. Placer blot vaflen p\u00e5 tr\u00e6skiven, t\u00e6nd spidsen af vaflen med den, og placer vores Yogakat af Tr\u00e6 oven p\u00e5 den. R\u00f8gen vil finde vej ud [&hellip;]<\/p>\n","protected":false},"featured_media":400369,"comment_status":"closed","ping_status":"open","template":"","meta":{"_angie_page":false},"product_brand":[],"product_cat":[5836,5840,5837],"product_tag":[],"class_list":{"0":"post-199004","1":"product","2":"type-product","3":"status-publish","4":"has-post-thumbnail","6":"product_cat-rogelse-og-rogelsesholdere","7":"product_cat-rogelsesbraendere","8":"product_cat-rogelsesholdere-og-rogelsesbraendere","9":"pa_collection-wooden-carved-incense-burners-da","10":"pa_made-in-indonesien","12":"first","13":"instock","14":"purchasable","15":"product-type-simple"},"supplier_id":null,"supplier_sku":"CWIB-04","barcode":null,"atum_controlled":true,"out_stock_date":null,"out_stock_threshold":null,"inheritable":false,"inbound_stock":null,"stock_on_hold":0,"sold_today":0,"sales_last_days":0,"reserved_stock":null,"customer_returns":null,"warehouse_damage":null,"lost_in_post":null,"other_logs":null,"out_stock_days":0,"lost_sales":0,"has_location":null,"update_date":"2026-04-27T06:58:54","atum_locations":[],"atum_stock_status":"instock","restock_status":false,"low_stock_amount":"","sales_update_date":"2026-02-06T00:02:01","calc_backorders":null,"_links":{"self":[{"href":"https:\/\/aromasentia.com\/da\/wp-json\/wp\/v2\/product\/199004","targetHints":{"allow":["GET"]}}],"collection":[{"href":"https:\/\/aromasentia.com\/da\/wp-json\/wp\/v2\/product"}],"about":[{"href":"https:\/\/aromasentia.com\/da\/wp-json\/wp\/v2\/types\/product"}],"replies":[{"embeddable":true,"href":"https:\/\/aromasentia.com\/da\/wp-json\/wp\/v2\/comments?post=199004"}],"version-history":[{"count":0,"href":"https:\/\/aromasentia.com\/da\/wp-json\/wp\/v2\/product\/199004\/revisions"}],"wp:featuredmedia":[{"embeddable":true,"href":"https:\/\/aromasentia.com\/da\/wp-json\/wp\/v2\/media\/400369"}],"wp:attachment":[{"href":"https:\/\/aromasentia.com\/da\/wp-json\/wp\/v2\/media?parent=199004"}],"wp:term":[{"taxonomy":"product_brand","embeddable":true,"href":"https:\/\/aromasentia.com\/da\/wp-json\/wp\/v2\/product_brand?post=199004"},{"taxonomy":"product_cat","embeddable":true,"href":"https:\/\/aromasentia.com\/da\/wp-json\/wp\/v2\/product_cat?post=199004"},{"taxonomy":"product_tag","embeddable":true,"href":"https:\/\/aromasentia.com\/da\/wp-json\/wp\/v2\/product_tag?post=199004"}],"curies":[{"name":"wp","href":"https:\/\/api.w.org\/{rel}","templated":true}]}}