{"id":198999,"date":"2025-03-23T10:30:00","date_gmt":"2025-03-23T10:30:00","guid":{"rendered":"https:\/\/aromasentia.com\/product\/lrg-cast-iron-cauldron-with-triple-moon-12x15cm\/"},"modified":"2025-06-22T03:16:16","modified_gmt":"2025-06-22T03:16:16","slug":"stor-stoebejernsgryde-med-tredobbelt-maane-12x15cm","status":"publish","type":"product","link":"https:\/\/aromasentia.com\/da\/stor-stoebejernsgryde-med-tredobbelt-maane-12x15cm\/","title":{"rendered":"Stor St\u00f8bejernsgryde med Tredobbelt m\u00e5ne 12X15cm"},"content":{"rendered":"<p><span style=\"color: rgb(75, 80, 88);\"><strong>P\u00e5kald den Tredobbelte M\u00e5nes kraft med denne store st\u00f8bejernskedel (12&#215;15 cm)<\/strong>. Denne kedel repr\u00e6senterer Jomfruen, Moderen og K\u00e6rlingen og er et symbol p\u00e5 Gudinden og m\u00e5nens cyklusser, hvilket g\u00f8r den til et dybt meningsfuldt v\u00e6rkt\u00f8j for hekse og spirituelle ud\u00f8vere.<\/span><\/p>\n<p><span style=\"color: rgb(75, 80, 88);\"><strong>Perfekt til udtv\u00e6ring, skrig eller rituelle ofringer,<\/strong> det holdbare design af denne st\u00f8bejernskedel sikrer, at den vil v\u00e6re en v\u00e6rdsat del af dit alter i mange \u00e5r fremover. Et vigtigt v\u00e6rkt\u00f8j til at forbinde med m\u00e5ne- og feminine energier.<\/span><\/p>\n<p><span style=\"color: rgb(75, 80, 88);\"><strong>Bem\u00e6rk venligst:<\/strong> De kan blive meget varme, n\u00e5r udtv\u00e6ringer eller brandfarlige stoffer br\u00e6ndes indeni. Brug altid en varmebestandig overflade, og h\u00e5ndter forsigtigt.<\/span><\/p>\n<p><span style=\"color: rgb(75, 80, 88);\"><strong>M\u00e5l:<\/strong><\/span><\/p>\n<p><span style=\"color: rgb(75, 80, 88);\">12 x 15 cm<\/span><\/p>\n","protected":false},"excerpt":{"rendered":"<p>P\u00e5kald den Tredobbelte M\u00e5nes kraft med denne store st\u00f8bejernskedel (12&#215;15 cm). Denne kedel repr\u00e6senterer Jomfruen, Moderen og K\u00e6rlingen og er et symbol p\u00e5 Gudinden og m\u00e5nens cyklusser, hvilket g\u00f8r den til et dybt meningsfuldt v\u00e6rkt\u00f8j for hekse og spirituelle ud\u00f8vere. Perfekt til udtv\u00e6ring, skrig eller rituelle ofringer, det holdbare design af denne st\u00f8bejernskedel sikrer, at [&hellip;]<\/p>\n","protected":false},"featured_media":400324,"comment_status":"closed","ping_status":"open","template":"","meta":[],"product_brand":[],"product_cat":[5836,5837],"product_tag":[],"class_list":{"0":"post-198999","1":"product","2":"type-product","3":"status-publish","4":"has-post-thumbnail","6":"product_cat-rogelse-og-rogelsesholdere","7":"product_cat-rogelsesholdere-og-rogelsesbraendere","8":"pa_collection-ritual-bowls-and-cauldrons-da","9":"pa_made-in-indien","11":"first","12":"outofstock","13":"purchasable","14":"product-type-simple"},"supplier_id":null,"supplier_sku":"CIC-13","barcode":null,"atum_controlled":true,"out_stock_date":"2026-01-25 15:06:41","out_stock_threshold":null,"inheritable":false,"inbound_stock":null,"stock_on_hold":0,"sold_today":0,"sales_last_days":0,"reserved_stock":null,"customer_returns":null,"warehouse_damage":null,"lost_in_post":null,"other_logs":null,"out_stock_days":11,"lost_sales":0,"has_location":null,"update_date":"2026-02-06T00:02:15","atum_locations":[],"atum_stock_status":"outofstock","restock_status":false,"low_stock_amount":"","sales_update_date":"2026-02-06T00:02:15","calc_backorders":null,"_links":{"self":[{"href":"https:\/\/aromasentia.com\/da\/wp-json\/wp\/v2\/product\/198999","targetHints":{"allow":["GET"]}}],"collection":[{"href":"https:\/\/aromasentia.com\/da\/wp-json\/wp\/v2\/product"}],"about":[{"href":"https:\/\/aromasentia.com\/da\/wp-json\/wp\/v2\/types\/product"}],"replies":[{"embeddable":true,"href":"https:\/\/aromasentia.com\/da\/wp-json\/wp\/v2\/comments?post=198999"}],"version-history":[{"count":0,"href":"https:\/\/aromasentia.com\/da\/wp-json\/wp\/v2\/product\/198999\/revisions"}],"wp:featuredmedia":[{"embeddable":true,"href":"https:\/\/aromasentia.com\/da\/wp-json\/wp\/v2\/media\/400324"}],"wp:attachment":[{"href":"https:\/\/aromasentia.com\/da\/wp-json\/wp\/v2\/media?parent=198999"}],"wp:term":[{"taxonomy":"product_brand","embeddable":true,"href":"https:\/\/aromasentia.com\/da\/wp-json\/wp\/v2\/product_brand?post=198999"},{"taxonomy":"product_cat","embeddable":true,"href":"https:\/\/aromasentia.com\/da\/wp-json\/wp\/v2\/product_cat?post=198999"},{"taxonomy":"product_tag","embeddable":true,"href":"https:\/\/aromasentia.com\/da\/wp-json\/wp\/v2\/product_tag?post=198999"}],"curies":[{"name":"wp","href":"https:\/\/api.w.org\/{rel}","templated":true}]}}