{"id":198996,"date":"2025-03-23T10:30:00","date_gmt":"2025-03-23T10:30:00","guid":{"rendered":"https:\/\/aromasentia.com\/product\/copper-ritual-chalice-with-tree-of-life-12x9cm\/"},"modified":"2025-06-22T03:16:15","modified_gmt":"2025-06-22T03:16:15","slug":"ritualbaeger-i-kobber-med-livets-trae-12x9cm","status":"publish","type":"product","link":"https:\/\/aromasentia.com\/da\/ritualbaeger-i-kobber-med-livets-trae-12x9cm\/","title":{"rendered":"Ritualb\u00e6ger I Kobber med Livets Tr\u00e6 12X9cm"},"content":{"rendered":"<p><span style=\"color: rgb(75, 80, 88);\">Udforsk en fortryllende kollektion af<strong>&nbsp;Ritual Antikke Kobbersk\u00e5le og -kalker<\/strong>, designet til at give spirituelle \u00f8velser et strejf af mystik og charme. Disse betagende genstande er ikke bare v\u00e6rkt\u00f8jer; de er en manifestation af tidl\u00f8s magi, der kombinerer h\u00e5ndv\u00e6rk med et strejf af moderne appel.<\/span><\/p>\n<p><span style=\"color: rgb(75, 80, 88);\"><strong>Antikke kobberritualsk\u00e5le og -kalker<\/strong> er en blanding af elegance og spiritualitet. Med muligheder dekoreret med den tredobbelte m\u00e5ne eller livets tr\u00e6 er disse genstande perfekte til ofringer, renselse eller som smukke altertavler. <strong>Deres rige kobberfarve tilf\u00f8jer en varm og indbydende atmosf\u00e6re til dit hellige rum. &nbsp;<\/strong><\/span><\/p>\n<p><span style=\"color: rgb(75, 80, 88);\">Lad det hellige billede af <strong>Livets Tr\u00e6<\/strong> guide dine ritualer med vores 12&#215;9 cm kobberritualkalk. Denne kalk er fremstillet med pr\u00e6cision og er perfekt til drikkevarer, velsignelser eller som et visuelt i\u00f8jnefaldende udstillingsstykke.<\/span> <\/p>\n<p><span style=\"color: rgb(75, 80, 88);\"><strong>Bem\u00e6rk:<\/strong> De kan blive meget varme, n\u00e5r der br\u00e6ndes snavs eller brandfarlige stoffer indeni. Brug altid en varmebestandig overflade, og h\u00e5ndter med forsigtighed.<\/span><\/p>\n","protected":false},"excerpt":{"rendered":"<p>Udforsk en fortryllende kollektion af&nbsp;Ritual Antikke Kobbersk\u00e5le og -kalker, designet til at give spirituelle \u00f8velser et strejf af mystik og charme. Disse betagende genstande er ikke bare v\u00e6rkt\u00f8jer; de er en manifestation af tidl\u00f8s magi, der kombinerer h\u00e5ndv\u00e6rk med et strejf af moderne appel. Antikke kobberritualsk\u00e5le og -kalker er en blanding af elegance og spiritualitet. [&hellip;]<\/p>\n","protected":false},"featured_media":400225,"comment_status":"closed","ping_status":"open","template":"","meta":{"_angie_page":false},"product_brand":[],"product_cat":[5836,5837],"product_tag":[],"class_list":{"0":"post-198996","1":"product","2":"type-product","3":"status-publish","4":"has-post-thumbnail","6":"product_cat-rogelse-og-rogelsesholdere","7":"product_cat-rogelsesholdere-og-rogelsesbraendere","8":"pa_collection-ritual-bowls-and-cauldrons-da","9":"pa_made-in-indien","11":"first","12":"instock","13":"purchasable","14":"product-type-simple"},"supplier_id":null,"supplier_sku":"CIC-10","barcode":null,"atum_controlled":true,"out_stock_date":null,"out_stock_threshold":null,"inheritable":false,"inbound_stock":null,"stock_on_hold":0,"sold_today":0,"sales_last_days":0,"reserved_stock":null,"customer_returns":null,"warehouse_damage":null,"lost_in_post":null,"other_logs":null,"out_stock_days":154,"lost_sales":0,"has_location":null,"update_date":"2026-04-27T06:57:28","atum_locations":[],"atum_stock_status":"instock","restock_status":false,"low_stock_amount":"","sales_update_date":"2026-02-06T00:01:07","calc_backorders":null,"_links":{"self":[{"href":"https:\/\/aromasentia.com\/da\/wp-json\/wp\/v2\/product\/198996","targetHints":{"allow":["GET"]}}],"collection":[{"href":"https:\/\/aromasentia.com\/da\/wp-json\/wp\/v2\/product"}],"about":[{"href":"https:\/\/aromasentia.com\/da\/wp-json\/wp\/v2\/types\/product"}],"replies":[{"embeddable":true,"href":"https:\/\/aromasentia.com\/da\/wp-json\/wp\/v2\/comments?post=198996"}],"version-history":[{"count":0,"href":"https:\/\/aromasentia.com\/da\/wp-json\/wp\/v2\/product\/198996\/revisions"}],"wp:featuredmedia":[{"embeddable":true,"href":"https:\/\/aromasentia.com\/da\/wp-json\/wp\/v2\/media\/400225"}],"wp:attachment":[{"href":"https:\/\/aromasentia.com\/da\/wp-json\/wp\/v2\/media?parent=198996"}],"wp:term":[{"taxonomy":"product_brand","embeddable":true,"href":"https:\/\/aromasentia.com\/da\/wp-json\/wp\/v2\/product_brand?post=198996"},{"taxonomy":"product_cat","embeddable":true,"href":"https:\/\/aromasentia.com\/da\/wp-json\/wp\/v2\/product_cat?post=198996"},{"taxonomy":"product_tag","embeddable":true,"href":"https:\/\/aromasentia.com\/da\/wp-json\/wp\/v2\/product_tag?post=198996"}],"curies":[{"name":"wp","href":"https:\/\/api.w.org\/{rel}","templated":true}]}}