{"id":198986,"date":"2025-03-23T10:30:00","date_gmt":"2025-03-23T10:30:00","guid":{"rendered":"https:\/\/aromasentia.com\/product\/plated-brass-resin-incense-warmer-fixed\/"},"modified":"2025-06-22T03:16:11","modified_gmt":"2025-06-22T03:16:11","slug":"roegelsesbraender-i-forgyldt-messing-og-harpiks-fast","status":"publish","type":"product","link":"https:\/\/aromasentia.com\/da\/roegelsesbraender-i-forgyldt-messing-og-harpiks-fast\/","title":{"rendered":"R\u00f8gelsesbr\u00e6nder I Forgyldt Messing Og Harpiks &#8211; Fast"},"content":{"rendered":"<p><span style=\"color: rgb(75, 80, 88);\"><strong>Leder du efter noget elegant og enkelt? Denne r\u00f8gelsesvarmer i forgyldt messingharpiks er lige sagen.<\/strong><\/span><\/p>\n<p><span style=\"color: rgb(75, 80, 88);\">Med sit rene, faste design er den perfekt til kunder, der \u00f8nsker en nem og problemfri m\u00e5de at nyde de blide aromaer af deres yndlingsr\u00f8gelse. Den moderne forgyldte finish giver den et friskt og moderne pr\u00e6g, hvilket g\u00f8r den til et godt valg for enhver indretningsstil. Og det aftagelige net g\u00f8r vedligeholdelse til en leg, s\u00e5 tingene er ryddelige og problemfrie.<\/span><\/p>\n<p><span style=\"color: rgb(75, 80, 88);\">Det er et vidunderligt og alsidigt produkt, som dine kunder vil elske for dets underspillede elegance og praktiske anvendelighed.<\/span><\/p>\n<p><span style=\"color: rgb(75, 80, 88);\"><strong>M\u00e5l:<\/strong><\/span><\/p>\n<p><span style=\"color: rgb(75, 80, 88);\"><strong>11 x 6,8 cm<\/strong><\/span><\/p>\n<p><span style=\"color: rgb(75, 80, 88);\"><strong><em>Bem\u00e6rk venligst:<\/em><\/strong><em>Dette produkt bliver varmt under brug. S\u00f8rg for, at det placeres p\u00e5 en varmebestandig overflade og h\u00e5ndteres forsigtigt. Opbevares utilg\u00e6ngeligt for b\u00f8rn og k\u00e6ledyr, og undg\u00e5 at r\u00f8re ved metaldelene, mens r\u00f8gelsen br\u00e6nder eller umiddelbart efter brug.<\/em><\/span><\/p>\n","protected":false},"excerpt":{"rendered":"<p>Leder du efter noget elegant og enkelt? Denne r\u00f8gelsesvarmer i forgyldt messingharpiks er lige sagen. Med sit rene, faste design er den perfekt til kunder, der \u00f8nsker en nem og problemfri m\u00e5de at nyde de blide aromaer af deres yndlingsr\u00f8gelse. Den moderne forgyldte finish giver den et friskt og moderne pr\u00e6g, hvilket g\u00f8r den til [&hellip;]<\/p>\n","protected":false},"featured_media":399903,"comment_status":"closed","ping_status":"open","template":"","meta":{"_angie_page":false},"product_brand":[],"product_cat":[5856,5836,5837],"product_tag":[],"class_list":{"0":"post-198986","1":"product","2":"type-product","3":"status-publish","4":"has-post-thumbnail","6":"product_cat-resin-og-harpiks-rogelse","7":"product_cat-rogelse-og-rogelsesholdere","8":"product_cat-rogelsesholdere-og-rogelsesbraendere","9":"pa_collection-brass-resin-incense-warmers-da","10":"pa_made-in-indien","12":"first","13":"instock","14":"purchasable","15":"product-type-simple"},"supplier_id":null,"supplier_sku":"BRIW-04","barcode":null,"atum_controlled":true,"out_stock_date":null,"out_stock_threshold":null,"inheritable":false,"inbound_stock":null,"stock_on_hold":0,"sold_today":0,"sales_last_days":0,"reserved_stock":null,"customer_returns":null,"warehouse_damage":null,"lost_in_post":null,"other_logs":null,"out_stock_days":0,"lost_sales":0,"has_location":null,"update_date":"2026-04-29T05:09:16","atum_locations":[],"atum_stock_status":"instock","restock_status":false,"low_stock_amount":"","sales_update_date":"2026-01-30T01:24:47","calc_backorders":null,"_links":{"self":[{"href":"https:\/\/aromasentia.com\/da\/wp-json\/wp\/v2\/product\/198986","targetHints":{"allow":["GET"]}}],"collection":[{"href":"https:\/\/aromasentia.com\/da\/wp-json\/wp\/v2\/product"}],"about":[{"href":"https:\/\/aromasentia.com\/da\/wp-json\/wp\/v2\/types\/product"}],"replies":[{"embeddable":true,"href":"https:\/\/aromasentia.com\/da\/wp-json\/wp\/v2\/comments?post=198986"}],"version-history":[{"count":0,"href":"https:\/\/aromasentia.com\/da\/wp-json\/wp\/v2\/product\/198986\/revisions"}],"wp:featuredmedia":[{"embeddable":true,"href":"https:\/\/aromasentia.com\/da\/wp-json\/wp\/v2\/media\/399903"}],"wp:attachment":[{"href":"https:\/\/aromasentia.com\/da\/wp-json\/wp\/v2\/media?parent=198986"}],"wp:term":[{"taxonomy":"product_brand","embeddable":true,"href":"https:\/\/aromasentia.com\/da\/wp-json\/wp\/v2\/product_brand?post=198986"},{"taxonomy":"product_cat","embeddable":true,"href":"https:\/\/aromasentia.com\/da\/wp-json\/wp\/v2\/product_cat?post=198986"},{"taxonomy":"product_tag","embeddable":true,"href":"https:\/\/aromasentia.com\/da\/wp-json\/wp\/v2\/product_tag?post=198986"}],"curies":[{"name":"wp","href":"https:\/\/api.w.org\/{rel}","templated":true}]}}