{"id":198985,"date":"2025-03-23T10:30:00","date_gmt":"2025-03-23T10:30:00","guid":{"rendered":"https:\/\/aromasentia.com\/product\/brass-resin-incense-warmer-fixed\/"},"modified":"2025-06-22T03:16:10","modified_gmt":"2025-06-22T03:16:10","slug":"roegelsesbraender-af-messingharpiks-fast","status":"publish","type":"product","link":"https:\/\/aromasentia.com\/da\/roegelsesbraender-af-messingharpiks-fast\/","title":{"rendered":"R\u00f8gelsesbr\u00e6nder Af Messingharpiks &#8211; Fast"},"content":{"rendered":"<p><span style=\"color: rgb(75, 80, 88);\"><strong>Enkel, tidl\u00f8s og elegant \u2013 denne r\u00f8gelsesvarmer i messingharpiks er det perfekte valg for dem, der v\u00e6rds\u00e6tter ubesv\u00e6ret sk\u00f8nhed<\/strong>.<\/span><\/p>\n<p><span style=\"color: rgb(75, 80, 88);\">Det ikke-justerbare design leverer en ensartet varme, der blidt frigiver de naturlige aromaer af harpiks og urter uden den r\u00f8gede intensitet. Messingfinishen tilf\u00f8jer et strejf af traditionel luksus, mens det detaljerede h\u00e5ndv\u00e6rk sikrer, at den skiller sig ud i ethvert milj\u00f8.<\/span><\/p>\n<p><span style=\"color: rgb(75, 80, 88);\">Derudover g\u00f8r det let at reng\u00f8re, aftagelige net den til en praktisk og funktionel tilf\u00f8jelse til enhver kundes samling. Det er en perfekt blanding af stil og lethed.<\/span><\/p>\n<p><span style=\"color: rgb(75, 80, 88);\"><strong>M\u00e5l:<\/strong><\/span><\/p>\n<p><span style=\"color: rgb(75, 80, 88);\"><strong>11 x 6,8 cm<\/strong><\/span><\/p>\n<p><span style=\"color: rgb(75, 80, 88);\"><strong><em>Bem\u00e6rk venligst:<\/em><\/strong><em>Dette produkt bliver varmt under brug. S\u00f8rg for, at det placeres p\u00e5 en varmebestandig overflade og h\u00e5ndteres forsigtigt. Opbevares utilg\u00e6ngeligt for b\u00f8rn og k\u00e6ledyr, og undg\u00e5 at r\u00f8re ved metaldelene, mens r\u00f8gelsen br\u00e6nder eller umiddelbart efter brug.<\/em><\/span><\/p>\n","protected":false},"excerpt":{"rendered":"<p>Enkel, tidl\u00f8s og elegant \u2013 denne r\u00f8gelsesvarmer i messingharpiks er det perfekte valg for dem, der v\u00e6rds\u00e6tter ubesv\u00e6ret sk\u00f8nhed. Det ikke-justerbare design leverer en ensartet varme, der blidt frigiver de naturlige aromaer af harpiks og urter uden den r\u00f8gede intensitet. Messingfinishen tilf\u00f8jer et strejf af traditionel luksus, mens det detaljerede h\u00e5ndv\u00e6rk sikrer, at den skiller [&hellip;]<\/p>\n","protected":false},"featured_media":399878,"comment_status":"closed","ping_status":"open","template":"","meta":{"_angie_page":false},"product_brand":[],"product_cat":[5856,5836,5837],"product_tag":[],"class_list":{"0":"post-198985","1":"product","2":"type-product","3":"status-publish","4":"has-post-thumbnail","6":"product_cat-resin-og-harpiks-rogelse","7":"product_cat-rogelse-og-rogelsesholdere","8":"product_cat-rogelsesholdere-og-rogelsesbraendere","9":"pa_collection-brass-resin-incense-warmers-da","10":"pa_made-in-indien","12":"first","13":"instock","14":"purchasable","15":"product-type-simple"},"supplier_id":null,"supplier_sku":"BRIW-03","barcode":null,"atum_controlled":true,"out_stock_date":null,"out_stock_threshold":null,"inheritable":false,"inbound_stock":null,"stock_on_hold":0,"sold_today":0,"sales_last_days":0,"reserved_stock":null,"customer_returns":null,"warehouse_damage":null,"lost_in_post":null,"other_logs":null,"out_stock_days":0,"lost_sales":0,"has_location":null,"update_date":"2026-04-27T06:55:47","atum_locations":[],"atum_stock_status":"instock","restock_status":false,"low_stock_amount":"","sales_update_date":"2025-10-09T03:26:57","calc_backorders":null,"_links":{"self":[{"href":"https:\/\/aromasentia.com\/da\/wp-json\/wp\/v2\/product\/198985","targetHints":{"allow":["GET"]}}],"collection":[{"href":"https:\/\/aromasentia.com\/da\/wp-json\/wp\/v2\/product"}],"about":[{"href":"https:\/\/aromasentia.com\/da\/wp-json\/wp\/v2\/types\/product"}],"replies":[{"embeddable":true,"href":"https:\/\/aromasentia.com\/da\/wp-json\/wp\/v2\/comments?post=198985"}],"version-history":[{"count":0,"href":"https:\/\/aromasentia.com\/da\/wp-json\/wp\/v2\/product\/198985\/revisions"}],"wp:featuredmedia":[{"embeddable":true,"href":"https:\/\/aromasentia.com\/da\/wp-json\/wp\/v2\/media\/399878"}],"wp:attachment":[{"href":"https:\/\/aromasentia.com\/da\/wp-json\/wp\/v2\/media?parent=198985"}],"wp:term":[{"taxonomy":"product_brand","embeddable":true,"href":"https:\/\/aromasentia.com\/da\/wp-json\/wp\/v2\/product_brand?post=198985"},{"taxonomy":"product_cat","embeddable":true,"href":"https:\/\/aromasentia.com\/da\/wp-json\/wp\/v2\/product_cat?post=198985"},{"taxonomy":"product_tag","embeddable":true,"href":"https:\/\/aromasentia.com\/da\/wp-json\/wp\/v2\/product_tag?post=198985"}],"curies":[{"name":"wp","href":"https:\/\/api.w.org\/{rel}","templated":true}]}}