{"id":198984,"date":"2025-03-23T10:30:00","date_gmt":"2025-03-23T10:30:00","guid":{"rendered":"https:\/\/aromasentia.com\/product\/plated-brass-resin-incense-warmer-adjustable\/"},"modified":"2025-06-22T03:16:10","modified_gmt":"2025-06-22T03:16:10","slug":"roegelsesbraender-i-forgyldt-messing-og-harpiks-justerbar","status":"publish","type":"product","link":"https:\/\/aromasentia.com\/da\/roegelsesbraender-i-forgyldt-messing-og-harpiks-justerbar\/","title":{"rendered":"R\u00f8gelsesbr\u00e6nder I Forgyldt Messing Og Harpiks &#8211; Justerbar"},"content":{"rendered":"<p><span style=\"color: rgb(75, 80, 88);\"><strong>Denne r\u00f8gelsesvarmer i forgyldt messingharpiks handler om stilfuld fleksibilitet.<\/strong><\/span><\/p>\n<p><span style=\"color: rgb(75, 80, 88);\">Dine kunder kan nemt styre duftens intensitet takket v\u00e6re det justerbare design, hvilket g\u00f8r hvert \u00f8jeblik med r\u00f8gelse til en sand forn\u00f8jelse. Den slanke, forgyldte messingfinish tilf\u00f8jer et moderne twist til det klassiske look, perfekt til hjem, butikker eller meditationsrum.<\/span><\/p>\n<p><span style=\"color: rgb(75, 80, 88);\">Og lad os ikke glemme det aftagelige messingnet \u2013 reng\u00f8ring har aldrig v\u00e6ret nemmere! Denne r\u00f8gelsesvarmer tilbyder en sofistikeret og poleret stemning, der vil l\u00f8fte enhver r\u00f8gelsessamling.<\/span><\/p>\n<p><span style=\"color: rgb(75, 80, 88);\"><strong>M\u00e5l:<\/strong><\/span><\/p>\n<p><span style=\"color: rgb(75, 80, 88);\"><strong>11 x 7,5 cm<\/strong><\/span><\/p>\n<p><span style=\"color: rgb(75, 80, 88);\"><strong><em>Bem\u00e6rk venligst:<\/em><\/strong><em>Dette produkt bliver varmt under brug. S\u00f8rg for, at det placeres p\u00e5 en varmebestandig overflade og h\u00e5ndteres forsigtigt. Opbevares utilg\u00e6ngeligt for b\u00f8rn og k\u00e6ledyr, og undg\u00e5 at r\u00f8re ved metaldelene, mens r\u00f8gelsen br\u00e6nder eller umiddelbart efter brug.<\/em><\/span><\/p>\n","protected":false},"excerpt":{"rendered":"<p>Denne r\u00f8gelsesvarmer i forgyldt messingharpiks handler om stilfuld fleksibilitet. Dine kunder kan nemt styre duftens intensitet takket v\u00e6re det justerbare design, hvilket g\u00f8r hvert \u00f8jeblik med r\u00f8gelse til en sand forn\u00f8jelse. Den slanke, forgyldte messingfinish tilf\u00f8jer et moderne twist til det klassiske look, perfekt til hjem, butikker eller meditationsrum. Og lad os ikke glemme det [&hellip;]<\/p>\n","protected":false},"featured_media":399845,"comment_status":"closed","ping_status":"open","template":"","meta":{"_angie_page":false},"product_brand":[],"product_cat":[5856,5836,5837],"product_tag":[],"class_list":{"0":"post-198984","1":"product","2":"type-product","3":"status-publish","4":"has-post-thumbnail","6":"product_cat-resin-og-harpiks-rogelse","7":"product_cat-rogelse-og-rogelsesholdere","8":"product_cat-rogelsesholdere-og-rogelsesbraendere","9":"pa_collection-brass-resin-incense-warmers-da","10":"pa_made-in-indien","12":"first","13":"outofstock","14":"purchasable","15":"product-type-simple"},"supplier_id":null,"supplier_sku":"BRIW-02","barcode":null,"atum_controlled":true,"out_stock_date":"2025-09-04 22:08:12","out_stock_threshold":null,"inheritable":false,"inbound_stock":null,"stock_on_hold":0,"sold_today":0,"sales_last_days":0,"reserved_stock":null,"customer_returns":null,"warehouse_damage":null,"lost_in_post":null,"other_logs":null,"out_stock_days":34,"lost_sales":0,"has_location":null,"update_date":"2026-04-27T06:55:47","atum_locations":[],"atum_stock_status":"outofstock","restock_status":false,"low_stock_amount":"","sales_update_date":"2025-10-09T03:26:57","calc_backorders":null,"_links":{"self":[{"href":"https:\/\/aromasentia.com\/da\/wp-json\/wp\/v2\/product\/198984","targetHints":{"allow":["GET"]}}],"collection":[{"href":"https:\/\/aromasentia.com\/da\/wp-json\/wp\/v2\/product"}],"about":[{"href":"https:\/\/aromasentia.com\/da\/wp-json\/wp\/v2\/types\/product"}],"replies":[{"embeddable":true,"href":"https:\/\/aromasentia.com\/da\/wp-json\/wp\/v2\/comments?post=198984"}],"version-history":[{"count":0,"href":"https:\/\/aromasentia.com\/da\/wp-json\/wp\/v2\/product\/198984\/revisions"}],"wp:featuredmedia":[{"embeddable":true,"href":"https:\/\/aromasentia.com\/da\/wp-json\/wp\/v2\/media\/399845"}],"wp:attachment":[{"href":"https:\/\/aromasentia.com\/da\/wp-json\/wp\/v2\/media?parent=198984"}],"wp:term":[{"taxonomy":"product_brand","embeddable":true,"href":"https:\/\/aromasentia.com\/da\/wp-json\/wp\/v2\/product_brand?post=198984"},{"taxonomy":"product_cat","embeddable":true,"href":"https:\/\/aromasentia.com\/da\/wp-json\/wp\/v2\/product_cat?post=198984"},{"taxonomy":"product_tag","embeddable":true,"href":"https:\/\/aromasentia.com\/da\/wp-json\/wp\/v2\/product_tag?post=198984"}],"curies":[{"name":"wp","href":"https:\/\/api.w.org\/{rel}","templated":true}]}}