{"id":198981,"date":"2025-03-23T10:30:00","date_gmt":"2025-03-23T10:30:00","guid":{"rendered":"https:\/\/aromasentia.com\/product\/bulk-incense-midnight-rose\/"},"modified":"2025-06-22T03:16:07","modified_gmt":"2025-06-22T03:16:07","slug":"roegelse-i-bulk-midnatsrose","status":"publish","type":"product","link":"https:\/\/aromasentia.com\/da\/roegelse-i-bulk-midnatsrose\/","title":{"rendered":"R\u00f8gelse I Bulk &#8211; midnatsrose"},"content":{"rendered":"<p>V\u00e6k dine sanser med den fyldige og smukke blomsterduft fra Midnight Rose r\u00f8gelse. Den traditionelle blomsterduft med behagelige friske undertoner \u00f8ger k\u00e6rlighed, f\u00f8lelser og romantik. Den fremmer s\u00f8vn, reducerer vrede og indgyder en f\u00f8lelse af fred og selvtillid.<\/p>\n<p>Hver pakke Midnight Rose r\u00f8gelse i l\u00f8s v\u00e6gt indeholder 500 g, cirka 450 pinde, 25 cm lange.<\/p>\n","protected":false},"excerpt":{"rendered":"<p>V\u00e6k dine sanser med den fyldige og smukke blomsterduft fra Midnight Rose r\u00f8gelse. Den traditionelle blomsterduft med behagelige friske undertoner \u00f8ger k\u00e6rlighed, f\u00f8lelser og romantik. Den fremmer s\u00f8vn, reducerer vrede og indgyder en f\u00f8lelse af fred og selvtillid. Hver pakke Midnight Rose r\u00f8gelse i l\u00f8s v\u00e6gt indeholder 500 g, cirka 450 pinde, 25 cm lange.<\/p>\n","protected":false},"featured_media":399794,"comment_status":"closed","ping_status":"open","template":"","meta":{"_angie_page":false},"product_brand":[],"product_cat":[26830,25839,5836,5847,25984],"product_tag":[],"class_list":{"0":"post-198981","1":"product","2":"type-product","3":"status-publish","4":"has-post-thumbnail","6":"product_cat-blomster","7":"product_cat-dufte-aromaer","8":"product_cat-rogelse-og-rogelsesholdere","9":"product_cat-rogelsespinde","10":"product_cat-rose","11":"pa_collection-indian-bulk-incense-approx-450-sticks-da","12":"pa_made-in-indien","14":"first","15":"instock","16":"purchasable","17":"product-type-simple"},"supplier_id":null,"supplier_sku":"BincS-23","barcode":null,"atum_controlled":true,"out_stock_date":null,"out_stock_threshold":null,"inheritable":false,"inbound_stock":null,"stock_on_hold":0,"sold_today":0,"sales_last_days":0,"reserved_stock":null,"customer_returns":null,"warehouse_damage":null,"lost_in_post":null,"other_logs":null,"out_stock_days":0,"lost_sales":0,"has_location":null,"update_date":"2026-04-29T13:02:36","atum_locations":[],"atum_stock_status":"instock","restock_status":false,"low_stock_amount":"","sales_update_date":"2025-10-09T03:26:31","calc_backorders":null,"_links":{"self":[{"href":"https:\/\/aromasentia.com\/da\/wp-json\/wp\/v2\/product\/198981","targetHints":{"allow":["GET"]}}],"collection":[{"href":"https:\/\/aromasentia.com\/da\/wp-json\/wp\/v2\/product"}],"about":[{"href":"https:\/\/aromasentia.com\/da\/wp-json\/wp\/v2\/types\/product"}],"replies":[{"embeddable":true,"href":"https:\/\/aromasentia.com\/da\/wp-json\/wp\/v2\/comments?post=198981"}],"version-history":[{"count":0,"href":"https:\/\/aromasentia.com\/da\/wp-json\/wp\/v2\/product\/198981\/revisions"}],"wp:featuredmedia":[{"embeddable":true,"href":"https:\/\/aromasentia.com\/da\/wp-json\/wp\/v2\/media\/399794"}],"wp:attachment":[{"href":"https:\/\/aromasentia.com\/da\/wp-json\/wp\/v2\/media?parent=198981"}],"wp:term":[{"taxonomy":"product_brand","embeddable":true,"href":"https:\/\/aromasentia.com\/da\/wp-json\/wp\/v2\/product_brand?post=198981"},{"taxonomy":"product_cat","embeddable":true,"href":"https:\/\/aromasentia.com\/da\/wp-json\/wp\/v2\/product_cat?post=198981"},{"taxonomy":"product_tag","embeddable":true,"href":"https:\/\/aromasentia.com\/da\/wp-json\/wp\/v2\/product_tag?post=198981"}],"curies":[{"name":"wp","href":"https:\/\/api.w.org\/{rel}","templated":true}]}}