{"id":198976,"date":"2025-03-23T10:30:00","date_gmt":"2025-03-23T10:30:00","guid":{"rendered":"https:\/\/aromasentia.com\/product\/bulk-incense-sandalwood\/"},"modified":"2025-06-22T03:16:05","modified_gmt":"2025-06-22T03:16:05","slug":"roegelse-i-bulk-sandeltrae","status":"publish","type":"product","link":"https:\/\/aromasentia.com\/da\/roegelse-i-bulk-sandeltrae\/","title":{"rendered":"R\u00f8gelse I Bulk &#8211; Sandeltr\u00e6"},"content":{"rendered":"<p>Den jordagtige og rensende duft af sandeltr\u00e6 er en af de \u00e6ldste dufte, der blev brugt i ritualer i oldtiden, og i dag er den stadig meget popul\u00e6r. N\u00e5r du br\u00e6nder en sandeltr\u00e6sr\u00f8gelsespind, renser dens antiseptiske duft alt, hvad den r\u00f8rer ved.<\/p>\n<p>Hver pakke sandeltr\u00e6sr\u00f8gelse i l\u00f8s v\u00e6gt indeholder 500 g, cirka 450 pinde, 25 cm lange.<\/p>\n","protected":false},"excerpt":{"rendered":"<p>Den jordagtige og rensende duft af sandeltr\u00e6 er en af de \u00e6ldste dufte, der blev brugt i ritualer i oldtiden, og i dag er den stadig meget popul\u00e6r. N\u00e5r du br\u00e6nder en sandeltr\u00e6sr\u00f8gelsespind, renser dens antiseptiske duft alt, hvad den r\u00f8rer ved. Hver pakke sandeltr\u00e6sr\u00f8gelse i l\u00f8s v\u00e6gt indeholder 500 g, cirka 450 pinde, 25 [&hellip;]<\/p>\n","protected":false},"featured_media":399749,"comment_status":"closed","ping_status":"open","template":"","meta":{"_angie_page":false},"product_brand":[],"product_cat":[25839,5836,5847,25990,26893],"product_tag":[],"class_list":{"0":"post-198976","1":"product","2":"type-product","3":"status-publish","4":"has-post-thumbnail","6":"product_cat-dufte-aromaer","7":"product_cat-rogelse-og-rogelsesholdere","8":"product_cat-rogelsespinde","9":"product_cat-sandeltrae","10":"product_cat-traeagtig","11":"pa_collection-indian-bulk-incense-approx-450-sticks-da","12":"pa_made-in-indien","14":"first","15":"outofstock","16":"purchasable","17":"product-type-simple"},"supplier_id":null,"supplier_sku":"BincS-18","barcode":null,"atum_controlled":true,"out_stock_date":"2025-09-04 21:47:18","out_stock_threshold":null,"inheritable":false,"inbound_stock":null,"stock_on_hold":0,"sold_today":0,"sales_last_days":0,"reserved_stock":null,"customer_returns":null,"warehouse_damage":null,"lost_in_post":null,"other_logs":null,"out_stock_days":34,"lost_sales":0,"has_location":null,"update_date":"2026-04-29T06:53:35","atum_locations":[],"atum_stock_status":"outofstock","restock_status":false,"low_stock_amount":"","sales_update_date":"2025-10-09T03:26:28","calc_backorders":null,"_links":{"self":[{"href":"https:\/\/aromasentia.com\/da\/wp-json\/wp\/v2\/product\/198976","targetHints":{"allow":["GET"]}}],"collection":[{"href":"https:\/\/aromasentia.com\/da\/wp-json\/wp\/v2\/product"}],"about":[{"href":"https:\/\/aromasentia.com\/da\/wp-json\/wp\/v2\/types\/product"}],"replies":[{"embeddable":true,"href":"https:\/\/aromasentia.com\/da\/wp-json\/wp\/v2\/comments?post=198976"}],"version-history":[{"count":0,"href":"https:\/\/aromasentia.com\/da\/wp-json\/wp\/v2\/product\/198976\/revisions"}],"wp:featuredmedia":[{"embeddable":true,"href":"https:\/\/aromasentia.com\/da\/wp-json\/wp\/v2\/media\/399749"}],"wp:attachment":[{"href":"https:\/\/aromasentia.com\/da\/wp-json\/wp\/v2\/media?parent=198976"}],"wp:term":[{"taxonomy":"product_brand","embeddable":true,"href":"https:\/\/aromasentia.com\/da\/wp-json\/wp\/v2\/product_brand?post=198976"},{"taxonomy":"product_cat","embeddable":true,"href":"https:\/\/aromasentia.com\/da\/wp-json\/wp\/v2\/product_cat?post=198976"},{"taxonomy":"product_tag","embeddable":true,"href":"https:\/\/aromasentia.com\/da\/wp-json\/wp\/v2\/product_tag?post=198976"}],"curies":[{"name":"wp","href":"https:\/\/api.w.org\/{rel}","templated":true}]}}