{"id":198968,"date":"2025-03-23T10:30:00","date_gmt":"2025-03-23T10:30:00","guid":{"rendered":"https:\/\/aromasentia.com\/product\/bulk-incense-vertiver-gold\/"},"modified":"2025-06-22T03:16:01","modified_gmt":"2025-06-22T03:16:01","slug":"roegelse-i-bulk-vertiver-gold","status":"publish","type":"product","link":"https:\/\/aromasentia.com\/da\/roegelse-i-bulk-vertiver-gold\/","title":{"rendered":"R\u00f8gelse I Bulk &#8211; Vertiver Gold"},"content":{"rendered":"<p>Vetiver-r\u00f8gelsens duft er en naturlig stressd\u00e6mper. Dens tr\u00e6agtige og s\u00f8de noter vil naturligt opfriske dig efter en lang og tr\u00e6ttende dag. Vetiver-duften kan lindre stress, bek\u00e6mpe angst og behandle s\u00f8vnl\u00f8shed. Den har antibakterielle virkninger, k\u00f8ler og beroliger atmosf\u00e6ren.<\/p>\n<p>Hver pakke Vetiver Gold r\u00f8gelse i l\u00f8s v\u00e6gt indeholder 500 g, cirka 450 pinde, 25 cm lange.<\/p>\n","protected":false},"excerpt":{"rendered":"<p>Vetiver-r\u00f8gelsens duft er en naturlig stressd\u00e6mper. Dens tr\u00e6agtige og s\u00f8de noter vil naturligt opfriske dig efter en lang og tr\u00e6ttende dag. Vetiver-duften kan lindre stress, bek\u00e6mpe angst og behandle s\u00f8vnl\u00f8shed. Den har antibakterielle virkninger, k\u00f8ler og beroliger atmosf\u00e6ren. Hver pakke Vetiver Gold r\u00f8gelse i l\u00f8s v\u00e6gt indeholder 500 g, cirka 450 pinde, 25 cm lange.<\/p>\n","protected":false},"featured_media":399677,"comment_status":"closed","ping_status":"open","template":"","meta":{"_angie_page":false},"product_brand":[],"product_cat":[5836,5847],"product_tag":[],"class_list":{"0":"post-198968","1":"product","2":"type-product","3":"status-publish","4":"has-post-thumbnail","6":"product_cat-rogelse-og-rogelsesholdere","7":"product_cat-rogelsespinde","8":"pa_collection-indian-bulk-incense-approx-450-sticks-da","9":"pa_made-in-indien","11":"first","12":"instock","13":"purchasable","14":"product-type-simple"},"supplier_id":null,"supplier_sku":"BincS-10","barcode":null,"atum_controlled":true,"out_stock_date":null,"out_stock_threshold":null,"inheritable":false,"inbound_stock":null,"stock_on_hold":0,"sold_today":0,"sales_last_days":0,"reserved_stock":null,"customer_returns":null,"warehouse_damage":null,"lost_in_post":null,"other_logs":null,"out_stock_days":0,"lost_sales":0,"has_location":null,"update_date":"2026-04-29T13:02:36","atum_locations":[],"atum_stock_status":"instock","restock_status":false,"low_stock_amount":"","sales_update_date":"2026-02-06T00:00:45","calc_backorders":null,"_links":{"self":[{"href":"https:\/\/aromasentia.com\/da\/wp-json\/wp\/v2\/product\/198968","targetHints":{"allow":["GET"]}}],"collection":[{"href":"https:\/\/aromasentia.com\/da\/wp-json\/wp\/v2\/product"}],"about":[{"href":"https:\/\/aromasentia.com\/da\/wp-json\/wp\/v2\/types\/product"}],"replies":[{"embeddable":true,"href":"https:\/\/aromasentia.com\/da\/wp-json\/wp\/v2\/comments?post=198968"}],"version-history":[{"count":0,"href":"https:\/\/aromasentia.com\/da\/wp-json\/wp\/v2\/product\/198968\/revisions"}],"wp:featuredmedia":[{"embeddable":true,"href":"https:\/\/aromasentia.com\/da\/wp-json\/wp\/v2\/media\/399677"}],"wp:attachment":[{"href":"https:\/\/aromasentia.com\/da\/wp-json\/wp\/v2\/media?parent=198968"}],"wp:term":[{"taxonomy":"product_brand","embeddable":true,"href":"https:\/\/aromasentia.com\/da\/wp-json\/wp\/v2\/product_brand?post=198968"},{"taxonomy":"product_cat","embeddable":true,"href":"https:\/\/aromasentia.com\/da\/wp-json\/wp\/v2\/product_cat?post=198968"},{"taxonomy":"product_tag","embeddable":true,"href":"https:\/\/aromasentia.com\/da\/wp-json\/wp\/v2\/product_tag?post=198968"}],"curies":[{"name":"wp","href":"https:\/\/api.w.org\/{rel}","templated":true}]}}