{"id":198966,"date":"2025-03-23T10:30:00","date_gmt":"2025-03-23T10:30:00","guid":{"rendered":"https:\/\/aromasentia.com\/product\/bulk-incense-lavender\/"},"modified":"2025-06-22T03:16:00","modified_gmt":"2025-06-22T03:16:00","slug":"roegelse-i-bulk-lavendel","status":"publish","type":"product","link":"https:\/\/aromasentia.com\/da\/roegelse-i-bulk-lavendel\/","title":{"rendered":"R\u00f8gelse I Bulk &#8211; Lavendel"},"content":{"rendered":"<p>Lavendel r\u00f8gelse har en naturlig blomsterduft. Men det er mere end blot en dejlig blomsterblanding. Lavendel r\u00f8gelsespindene frigiver et blidt og mystisk strejf af en beroligende duft, der forfrisker krop, sind og hjemmemilj\u00f8. Det er en fantastisk duft til healing og meditation.<\/p>\n<p>Hver pakke lavendel r\u00f8gelse i bulk indeholder 500 g, cirka 450 pinde, 25 cm lange.<\/p>\n","protected":false},"excerpt":{"rendered":"<p>Lavendel r\u00f8gelse har en naturlig blomsterduft. Men det er mere end blot en dejlig blomsterblanding. Lavendel r\u00f8gelsespindene frigiver et blidt og mystisk strejf af en beroligende duft, der forfrisker krop, sind og hjemmemilj\u00f8. Det er en fantastisk duft til healing og meditation. Hver pakke lavendel r\u00f8gelse i bulk indeholder 500 g, cirka 450 pinde, 25 [&hellip;]<\/p>\n","protected":false},"featured_media":399659,"comment_status":"closed","ping_status":"open","template":"","meta":{"_angie_page":false},"product_brand":[],"product_cat":[26830,25839,25957,5836,5847],"product_tag":[],"class_list":{"0":"post-198966","1":"product","2":"type-product","3":"status-publish","4":"has-post-thumbnail","6":"product_cat-blomster","7":"product_cat-dufte-aromaer","8":"product_cat-lavendel","9":"product_cat-rogelse-og-rogelsesholdere","10":"product_cat-rogelsespinde","11":"pa_collection-indian-bulk-incense-approx-450-sticks-da","12":"pa_made-in-indien","14":"first","15":"instock","16":"purchasable","17":"product-type-simple"},"supplier_id":null,"supplier_sku":"BincS-08","barcode":null,"atum_controlled":true,"out_stock_date":null,"out_stock_threshold":null,"inheritable":false,"inbound_stock":null,"stock_on_hold":0,"sold_today":0,"sales_last_days":0,"reserved_stock":null,"customer_returns":null,"warehouse_damage":null,"lost_in_post":null,"other_logs":null,"out_stock_days":0,"lost_sales":0,"has_location":null,"update_date":"2026-04-27T06:55:00","atum_locations":[],"atum_stock_status":"instock","restock_status":false,"low_stock_amount":"","sales_update_date":"2025-10-09T03:26:27","calc_backorders":null,"_links":{"self":[{"href":"https:\/\/aromasentia.com\/da\/wp-json\/wp\/v2\/product\/198966","targetHints":{"allow":["GET"]}}],"collection":[{"href":"https:\/\/aromasentia.com\/da\/wp-json\/wp\/v2\/product"}],"about":[{"href":"https:\/\/aromasentia.com\/da\/wp-json\/wp\/v2\/types\/product"}],"replies":[{"embeddable":true,"href":"https:\/\/aromasentia.com\/da\/wp-json\/wp\/v2\/comments?post=198966"}],"version-history":[{"count":0,"href":"https:\/\/aromasentia.com\/da\/wp-json\/wp\/v2\/product\/198966\/revisions"}],"wp:featuredmedia":[{"embeddable":true,"href":"https:\/\/aromasentia.com\/da\/wp-json\/wp\/v2\/media\/399659"}],"wp:attachment":[{"href":"https:\/\/aromasentia.com\/da\/wp-json\/wp\/v2\/media?parent=198966"}],"wp:term":[{"taxonomy":"product_brand","embeddable":true,"href":"https:\/\/aromasentia.com\/da\/wp-json\/wp\/v2\/product_brand?post=198966"},{"taxonomy":"product_cat","embeddable":true,"href":"https:\/\/aromasentia.com\/da\/wp-json\/wp\/v2\/product_cat?post=198966"},{"taxonomy":"product_tag","embeddable":true,"href":"https:\/\/aromasentia.com\/da\/wp-json\/wp\/v2\/product_tag?post=198966"}],"curies":[{"name":"wp","href":"https:\/\/api.w.org\/{rel}","templated":true}]}}