{"id":198964,"date":"2025-03-23T10:30:00","date_gmt":"2025-03-23T10:30:00","guid":{"rendered":"https:\/\/aromasentia.com\/product\/bulk-incense-honeysuckle\/"},"modified":"2025-06-22T03:15:59","modified_gmt":"2025-06-22T03:15:59","slug":"roegelse-i-bulk-kaprifolium","status":"publish","type":"product","link":"https:\/\/aromasentia.com\/da\/roegelse-i-bulk-kaprifolium\/","title":{"rendered":"R\u00f8gelse I Bulk &#8211; Kaprifolium"},"content":{"rendered":"<p>Kaprifolie siges at tiltr\u00e6kke venner, bringe held og opretholde k\u00e6rlighed i hjemmet, hvor den vokser. Den s\u00f8de, blomsteragtige duft af kaprifolie-r\u00f8gelse vil minde dig om en afslappende sommereftermiddag. Nogle br\u00e6nder kaprifolie-r\u00f8gelse for k\u00e6rlighedsbesv\u00e6rgelser, nogle for held og lykke og velstand, og nogle blot for nydelsen af dens aroma.<\/p>\n<p>Hver pakke kaprifolie-bulk-r\u00f8gelse indeholder 500 g, cirka 450 pinde, 25 cm lange.<\/p>\n","protected":false},"excerpt":{"rendered":"<p>Kaprifolie siges at tiltr\u00e6kke venner, bringe held og opretholde k\u00e6rlighed i hjemmet, hvor den vokser. Den s\u00f8de, blomsteragtige duft af kaprifolie-r\u00f8gelse vil minde dig om en afslappende sommereftermiddag. Nogle br\u00e6nder kaprifolie-r\u00f8gelse for k\u00e6rlighedsbesv\u00e6rgelser, nogle for held og lykke og velstand, og nogle blot for nydelsen af dens aroma. Hver pakke kaprifolie-bulk-r\u00f8gelse indeholder 500 g, cirka [&hellip;]<\/p>\n","protected":false},"featured_media":399641,"comment_status":"closed","ping_status":"open","template":"","meta":{"_angie_page":false},"product_brand":[],"product_cat":[5836,5847],"product_tag":[],"class_list":{"0":"post-198964","1":"product","2":"type-product","3":"status-publish","4":"has-post-thumbnail","6":"product_cat-rogelse-og-rogelsesholdere","7":"product_cat-rogelsespinde","8":"pa_collection-indian-bulk-incense-approx-450-sticks-da","9":"pa_made-in-indien","11":"first","12":"instock","13":"purchasable","14":"product-type-simple"},"supplier_id":null,"supplier_sku":"BincS-06","barcode":null,"atum_controlled":true,"out_stock_date":null,"out_stock_threshold":null,"inheritable":false,"inbound_stock":null,"stock_on_hold":0,"sold_today":0,"sales_last_days":0,"reserved_stock":null,"customer_returns":null,"warehouse_damage":null,"lost_in_post":null,"other_logs":null,"out_stock_days":0,"lost_sales":0,"has_location":null,"update_date":"2026-04-27T06:55:00","atum_locations":[],"atum_stock_status":"instock","restock_status":false,"low_stock_amount":"","sales_update_date":"2026-02-06T00:02:38","calc_backorders":null,"_links":{"self":[{"href":"https:\/\/aromasentia.com\/da\/wp-json\/wp\/v2\/product\/198964","targetHints":{"allow":["GET"]}}],"collection":[{"href":"https:\/\/aromasentia.com\/da\/wp-json\/wp\/v2\/product"}],"about":[{"href":"https:\/\/aromasentia.com\/da\/wp-json\/wp\/v2\/types\/product"}],"replies":[{"embeddable":true,"href":"https:\/\/aromasentia.com\/da\/wp-json\/wp\/v2\/comments?post=198964"}],"version-history":[{"count":0,"href":"https:\/\/aromasentia.com\/da\/wp-json\/wp\/v2\/product\/198964\/revisions"}],"wp:featuredmedia":[{"embeddable":true,"href":"https:\/\/aromasentia.com\/da\/wp-json\/wp\/v2\/media\/399641"}],"wp:attachment":[{"href":"https:\/\/aromasentia.com\/da\/wp-json\/wp\/v2\/media?parent=198964"}],"wp:term":[{"taxonomy":"product_brand","embeddable":true,"href":"https:\/\/aromasentia.com\/da\/wp-json\/wp\/v2\/product_brand?post=198964"},{"taxonomy":"product_cat","embeddable":true,"href":"https:\/\/aromasentia.com\/da\/wp-json\/wp\/v2\/product_cat?post=198964"},{"taxonomy":"product_tag","embeddable":true,"href":"https:\/\/aromasentia.com\/da\/wp-json\/wp\/v2\/product_tag?post=198964"}],"curies":[{"name":"wp","href":"https:\/\/api.w.org\/{rel}","templated":true}]}}