{"id":198963,"date":"2025-03-23T10:30:00","date_gmt":"2025-03-23T10:30:00","guid":{"rendered":"https:\/\/aromasentia.com\/product\/bulk-incense-frank-myrrh\/"},"modified":"2025-06-22T03:15:59","modified_gmt":"2025-06-22T03:15:59","slug":"roegelse-i-bulk-frank-myrra","status":"publish","type":"product","link":"https:\/\/aromasentia.com\/da\/roegelse-i-bulk-frank-myrra\/","title":{"rendered":"R\u00f8gelse I Bulk &#8211; Frank &#038; myrra"},"content":{"rendered":"<p>Frank &#038; Myrrh med deres rige og beroligende duft er en vidunderlig tilf\u00f8jelse til ethvert rum. Begge har helbredende egenskaber, der kan hj\u00e6lpe folk f\u00f8lelsesm\u00e6ssigt, vibrationsm\u00e6ssigt og spirituelt. P\u00e5 grund af dette bruges de ofte i ritualer.<\/p>\n<p>Hver pakke Frank &#038; Myrrh r\u00f8gelse indeholder 500 g, cirka 450 pinde, 25 cm lange.<\/p>\n","protected":false},"excerpt":{"rendered":"<p>Frank &#038; Myrrh med deres rige og beroligende duft er en vidunderlig tilf\u00f8jelse til ethvert rum. Begge har helbredende egenskaber, der kan hj\u00e6lpe folk f\u00f8lelsesm\u00e6ssigt, vibrationsm\u00e6ssigt og spirituelt. P\u00e5 grund af dette bruges de ofte i ritualer. Hver pakke Frank &#038; Myrrh r\u00f8gelse indeholder 500 g, cirka 450 pinde, 25 cm lange.<\/p>\n","protected":false},"featured_media":399632,"comment_status":"closed","ping_status":"open","template":"","meta":{"_angie_page":false},"product_brand":[],"product_cat":[25839,26879,25968,5836,5847],"product_tag":[],"class_list":{"0":"post-198963","1":"product","2":"type-product","3":"status-publish","4":"has-post-thumbnail","6":"product_cat-dufte-aromaer","7":"product_cat-harpiksagtig-balsamisk","8":"product_cat-myrrh","9":"product_cat-rogelse-og-rogelsesholdere","10":"product_cat-rogelsespinde","11":"pa_collection-indian-bulk-incense-approx-450-sticks-da","12":"pa_made-in-indien","14":"first","15":"instock","16":"purchasable","17":"product-type-simple"},"supplier_id":null,"supplier_sku":"BincS-05","barcode":null,"atum_controlled":true,"out_stock_date":null,"out_stock_threshold":null,"inheritable":false,"inbound_stock":null,"stock_on_hold":0,"sold_today":0,"sales_last_days":0,"reserved_stock":null,"customer_returns":null,"warehouse_damage":null,"lost_in_post":null,"other_logs":null,"out_stock_days":0,"lost_sales":0,"has_location":null,"update_date":"2026-04-29T13:02:36","atum_locations":[],"atum_stock_status":"instock","restock_status":false,"low_stock_amount":"","sales_update_date":"2025-10-09T03:26:27","calc_backorders":null,"_links":{"self":[{"href":"https:\/\/aromasentia.com\/da\/wp-json\/wp\/v2\/product\/198963","targetHints":{"allow":["GET"]}}],"collection":[{"href":"https:\/\/aromasentia.com\/da\/wp-json\/wp\/v2\/product"}],"about":[{"href":"https:\/\/aromasentia.com\/da\/wp-json\/wp\/v2\/types\/product"}],"replies":[{"embeddable":true,"href":"https:\/\/aromasentia.com\/da\/wp-json\/wp\/v2\/comments?post=198963"}],"version-history":[{"count":0,"href":"https:\/\/aromasentia.com\/da\/wp-json\/wp\/v2\/product\/198963\/revisions"}],"wp:featuredmedia":[{"embeddable":true,"href":"https:\/\/aromasentia.com\/da\/wp-json\/wp\/v2\/media\/399632"}],"wp:attachment":[{"href":"https:\/\/aromasentia.com\/da\/wp-json\/wp\/v2\/media?parent=198963"}],"wp:term":[{"taxonomy":"product_brand","embeddable":true,"href":"https:\/\/aromasentia.com\/da\/wp-json\/wp\/v2\/product_brand?post=198963"},{"taxonomy":"product_cat","embeddable":true,"href":"https:\/\/aromasentia.com\/da\/wp-json\/wp\/v2\/product_cat?post=198963"},{"taxonomy":"product_tag","embeddable":true,"href":"https:\/\/aromasentia.com\/da\/wp-json\/wp\/v2\/product_tag?post=198963"}],"curies":[{"name":"wp","href":"https:\/\/api.w.org\/{rel}","templated":true}]}}