{"id":198961,"date":"2025-03-23T10:30:00","date_gmt":"2025-03-23T10:30:00","guid":{"rendered":"https:\/\/aromasentia.com\/product\/bulk-incense-citronella\/"},"modified":"2025-06-22T03:15:56","modified_gmt":"2025-06-22T03:15:56","slug":"roegelse-i-bulk-citronella","status":"publish","type":"product","link":"https:\/\/aromasentia.com\/da\/roegelse-i-bulk-citronella\/","title":{"rendered":"R\u00f8gelse I Bulk &#8211; Citronella"},"content":{"rendered":"<p>Citronella er svaret p\u00e5 din s\u00f8gen efter et ikke-kemisk og 100% naturligt myggemiddel. Dens rene og fyldige aroma g\u00f8r citronella ogs\u00e5 til en perfekt beroligende hjemmeduft og er kendt for at kunne lindre negative f\u00f8lelser og tristhed.<\/p>\n<p>Hver pakke Citronella r\u00f8gelse i l\u00f8s v\u00e6gt indeholder 500 g, cirka 450 pinde, der er 25 cm lange.<\/p>\n","protected":false},"excerpt":{"rendered":"<p>Citronella er svaret p\u00e5 din s\u00f8gen efter et ikke-kemisk og 100% naturligt myggemiddel. Dens rene og fyldige aroma g\u00f8r citronella ogs\u00e5 til en perfekt beroligende hjemmeduft og er kendt for at kunne lindre negative f\u00f8lelser og tristhed. Hver pakke Citronella r\u00f8gelse i l\u00f8s v\u00e6gt indeholder 500 g, cirka 450 pinde, der er 25 cm lange.<\/p>\n","protected":false},"featured_media":399614,"comment_status":"closed","ping_status":"open","template":"","meta":{"_angie_page":false},"product_brand":[],"product_cat":[25936,26816,25839,5836,5847],"product_tag":[],"class_list":{"0":"post-198961","1":"product","2":"type-product","3":"status-publish","4":"has-post-thumbnail","6":"product_cat-citronella","7":"product_cat-citrus","8":"product_cat-dufte-aromaer","9":"product_cat-rogelse-og-rogelsesholdere","10":"product_cat-rogelsespinde","11":"pa_collection-indian-bulk-incense-approx-450-sticks-da","12":"pa_made-in-indien","14":"first","15":"instock","16":"purchasable","17":"product-type-simple"},"supplier_id":null,"supplier_sku":"BincS-03","barcode":null,"atum_controlled":true,"out_stock_date":null,"out_stock_threshold":null,"inheritable":false,"inbound_stock":null,"stock_on_hold":0,"sold_today":0,"sales_last_days":0,"reserved_stock":null,"customer_returns":null,"warehouse_damage":null,"lost_in_post":null,"other_logs":null,"out_stock_days":0,"lost_sales":0,"has_location":null,"update_date":"2026-04-27T06:55:00","atum_locations":[],"atum_stock_status":"instock","restock_status":false,"low_stock_amount":"","sales_update_date":"2026-02-06T00:02:12","calc_backorders":null,"_links":{"self":[{"href":"https:\/\/aromasentia.com\/da\/wp-json\/wp\/v2\/product\/198961","targetHints":{"allow":["GET"]}}],"collection":[{"href":"https:\/\/aromasentia.com\/da\/wp-json\/wp\/v2\/product"}],"about":[{"href":"https:\/\/aromasentia.com\/da\/wp-json\/wp\/v2\/types\/product"}],"replies":[{"embeddable":true,"href":"https:\/\/aromasentia.com\/da\/wp-json\/wp\/v2\/comments?post=198961"}],"version-history":[{"count":0,"href":"https:\/\/aromasentia.com\/da\/wp-json\/wp\/v2\/product\/198961\/revisions"}],"wp:featuredmedia":[{"embeddable":true,"href":"https:\/\/aromasentia.com\/da\/wp-json\/wp\/v2\/media\/399614"}],"wp:attachment":[{"href":"https:\/\/aromasentia.com\/da\/wp-json\/wp\/v2\/media?parent=198961"}],"wp:term":[{"taxonomy":"product_brand","embeddable":true,"href":"https:\/\/aromasentia.com\/da\/wp-json\/wp\/v2\/product_brand?post=198961"},{"taxonomy":"product_cat","embeddable":true,"href":"https:\/\/aromasentia.com\/da\/wp-json\/wp\/v2\/product_cat?post=198961"},{"taxonomy":"product_tag","embeddable":true,"href":"https:\/\/aromasentia.com\/da\/wp-json\/wp\/v2\/product_tag?post=198961"}],"curies":[{"name":"wp","href":"https:\/\/api.w.org\/{rel}","templated":true}]}}