{"id":198960,"date":"2025-03-23T10:30:00","date_gmt":"2025-03-23T10:30:00","guid":{"rendered":"https:\/\/aromasentia.com\/product\/bulk-incense-apple-cinnamon\/"},"modified":"2025-06-22T03:15:56","modified_gmt":"2025-06-22T03:15:56","slug":"roegelse-i-bulk-aeble-og-kanel","status":"publish","type":"product","link":"https:\/\/aromasentia.com\/da\/roegelse-i-bulk-aeble-og-kanel\/","title":{"rendered":"R\u00f8gelse I Bulk &#8211; \u00c6ble Og Kanel"},"content":{"rendered":"<p>\u00c6ble-r\u00f8gelse tiltr\u00e6kker lykke, k\u00e6rlighed og venskab. Kanel er til stimulering, rigdom, velstand, succes, styrke, stimulerer og styrker de psykiske kr\u00e6fter. Kan bruges enten til at opildne lidenskab eller til at modvirke virkningerne af k\u00e6rlighedsbesv\u00e6rgelser.<\/p>\n<p>Hver pakke \u00c6ble-kanel r\u00f8gelse i l\u00f8s v\u00e6gt indeholder 500 g, cirka 450 pinde, 25 cm lange.<\/p>\n","protected":false},"excerpt":{"rendered":"<p>\u00c6ble-r\u00f8gelse tiltr\u00e6kker lykke, k\u00e6rlighed og venskab. Kanel er til stimulering, rigdom, velstand, succes, styrke, stimulerer og styrker de psykiske kr\u00e6fter. Kan bruges enten til at opildne lidenskab eller til at modvirke virkningerne af k\u00e6rlighedsbesv\u00e6rgelser. Hver pakke \u00c6ble-kanel r\u00f8gelse i l\u00f8s v\u00e6gt indeholder 500 g, cirka 450 pinde, 25 cm lange.<\/p>\n","protected":false},"featured_media":399605,"comment_status":"closed","ping_status":"open","template":"","meta":{"_angie_page":false},"product_brand":[],"product_cat":[26515,25839,26844,25935,26886,5836,5847],"product_tag":[],"class_list":{"0":"post-198960","1":"product","2":"type-product","3":"status-publish","4":"has-post-thumbnail","6":"product_cat-aeble","7":"product_cat-dufte-aromaer","8":"product_cat-frugtagtig","9":"product_cat-kanel","10":"product_cat-krydret","11":"product_cat-rogelse-og-rogelsesholdere","12":"product_cat-rogelsespinde","13":"pa_collection-indian-bulk-incense-approx-450-sticks-da","14":"pa_made-in-indien","16":"first","17":"instock","18":"purchasable","19":"product-type-simple"},"supplier_id":null,"supplier_sku":"BincS-02","barcode":null,"atum_controlled":true,"out_stock_date":null,"out_stock_threshold":null,"inheritable":false,"inbound_stock":null,"stock_on_hold":0,"sold_today":0,"sales_last_days":0,"reserved_stock":null,"customer_returns":null,"warehouse_damage":null,"lost_in_post":null,"other_logs":null,"out_stock_days":0,"lost_sales":0,"has_location":null,"update_date":"2026-04-27T06:55:00","atum_locations":[],"atum_stock_status":"instock","restock_status":false,"low_stock_amount":"","sales_update_date":"2026-02-06T00:02:12","calc_backorders":null,"_links":{"self":[{"href":"https:\/\/aromasentia.com\/da\/wp-json\/wp\/v2\/product\/198960","targetHints":{"allow":["GET"]}}],"collection":[{"href":"https:\/\/aromasentia.com\/da\/wp-json\/wp\/v2\/product"}],"about":[{"href":"https:\/\/aromasentia.com\/da\/wp-json\/wp\/v2\/types\/product"}],"replies":[{"embeddable":true,"href":"https:\/\/aromasentia.com\/da\/wp-json\/wp\/v2\/comments?post=198960"}],"version-history":[{"count":0,"href":"https:\/\/aromasentia.com\/da\/wp-json\/wp\/v2\/product\/198960\/revisions"}],"wp:featuredmedia":[{"embeddable":true,"href":"https:\/\/aromasentia.com\/da\/wp-json\/wp\/v2\/media\/399605"}],"wp:attachment":[{"href":"https:\/\/aromasentia.com\/da\/wp-json\/wp\/v2\/media?parent=198960"}],"wp:term":[{"taxonomy":"product_brand","embeddable":true,"href":"https:\/\/aromasentia.com\/da\/wp-json\/wp\/v2\/product_brand?post=198960"},{"taxonomy":"product_cat","embeddable":true,"href":"https:\/\/aromasentia.com\/da\/wp-json\/wp\/v2\/product_cat?post=198960"},{"taxonomy":"product_tag","embeddable":true,"href":"https:\/\/aromasentia.com\/da\/wp-json\/wp\/v2\/product_tag?post=198960"}],"curies":[{"name":"wp","href":"https:\/\/api.w.org\/{rel}","templated":true}]}}