{"id":198951,"date":"2025-03-23T10:30:09","date_gmt":"2025-03-23T10:30:09","guid":{"rendered":"https:\/\/aromasentia.com\/product\/15g-golden-nag-cinnamon\/"},"modified":"2025-06-22T03:15:52","modified_gmt":"2025-06-22T03:15:52","slug":"15-g-golden-nag-kanel","status":"publish","type":"product","link":"https:\/\/aromasentia.com\/da\/15-g-golden-nag-kanel\/","title":{"rendered":"15 G Golden Nag &#8211; Kanel"},"content":{"rendered":"<p>Bring en varm og krydret aroma til dit rum med Golden Nag Cinnamon Incense i denne 15-gramspakke. Denne behagelige duft er perfekt til at skabe en hyggelig og indbydende atmosf\u00e6re, is\u00e6r i de k\u00f8ligere m\u00e5neder.<\/p>\n","protected":false},"excerpt":{"rendered":"<p>Bring en varm og krydret aroma til dit rum med Golden Nag Cinnamon Incense i denne 15-gramspakke. Denne behagelige duft er perfekt til at skabe en hyggelig og indbydende atmosf\u00e6re, is\u00e6r i de k\u00f8ligere m\u00e5neder.<\/p>\n","protected":false},"featured_media":401209,"comment_status":"closed","ping_status":"open","template":"","meta":{"_angie_page":false},"product_brand":[27157],"product_cat":[25839,25935,26886,5836],"product_tag":[],"class_list":{"0":"post-198951","1":"product","2":"type-product","3":"status-publish","4":"has-post-thumbnail","6":"product_brand-vijayshree","7":"product_cat-dufte-aromaer","8":"product_cat-kanel","9":"product_cat-krydret","10":"product_cat-rogelse-og-rogelsesholdere","11":"pa_collection-golden-nag-da","12":"pa_made-in-indien","14":"first","15":"instock","16":"purchasable","17":"product-type-simple"},"supplier_id":null,"supplier_sku":"GoldNCi-20","barcode":null,"atum_controlled":true,"out_stock_date":null,"out_stock_threshold":null,"inheritable":false,"inbound_stock":null,"stock_on_hold":0,"sold_today":0,"sales_last_days":0,"reserved_stock":null,"customer_returns":null,"warehouse_damage":null,"lost_in_post":null,"other_logs":null,"out_stock_days":0,"lost_sales":0,"has_location":null,"update_date":"2026-04-27T07:05:57","atum_locations":[],"atum_stock_status":"instock","restock_status":false,"low_stock_amount":"","sales_update_date":"2026-01-30T01:24:30","calc_backorders":null,"_links":{"self":[{"href":"https:\/\/aromasentia.com\/da\/wp-json\/wp\/v2\/product\/198951","targetHints":{"allow":["GET"]}}],"collection":[{"href":"https:\/\/aromasentia.com\/da\/wp-json\/wp\/v2\/product"}],"about":[{"href":"https:\/\/aromasentia.com\/da\/wp-json\/wp\/v2\/types\/product"}],"replies":[{"embeddable":true,"href":"https:\/\/aromasentia.com\/da\/wp-json\/wp\/v2\/comments?post=198951"}],"version-history":[{"count":0,"href":"https:\/\/aromasentia.com\/da\/wp-json\/wp\/v2\/product\/198951\/revisions"}],"wp:featuredmedia":[{"embeddable":true,"href":"https:\/\/aromasentia.com\/da\/wp-json\/wp\/v2\/media\/401209"}],"wp:attachment":[{"href":"https:\/\/aromasentia.com\/da\/wp-json\/wp\/v2\/media?parent=198951"}],"wp:term":[{"taxonomy":"product_brand","embeddable":true,"href":"https:\/\/aromasentia.com\/da\/wp-json\/wp\/v2\/product_brand?post=198951"},{"taxonomy":"product_cat","embeddable":true,"href":"https:\/\/aromasentia.com\/da\/wp-json\/wp\/v2\/product_cat?post=198951"},{"taxonomy":"product_tag","embeddable":true,"href":"https:\/\/aromasentia.com\/da\/wp-json\/wp\/v2\/product_tag?post=198951"}],"curies":[{"name":"wp","href":"https:\/\/api.w.org\/{rel}","templated":true}]}}