{"id":198931,"date":"2025-03-23T10:30:09","date_gmt":"2025-03-23T10:30:09","guid":{"rendered":"https:\/\/aromasentia.com\/product\/red-dragon-incense-jasmine\/"},"modified":"2025-06-22T03:15:42","modified_gmt":"2025-06-22T03:15:42","slug":"red-dragon-roegelse-jasmin","status":"publish","type":"product","link":"https:\/\/aromasentia.com\/da\/red-dragon-roegelse-jasmin\/","title":{"rendered":"Red Dragon R\u00f8gelse &#8211; Jasmin"},"content":{"rendered":"<p>Den s\u00f8dt duftende Jasmine Red Dragon r\u00f8gelse forbedrer hum\u00f8ret og overvinder stress. Bek\u00e6mper ogs\u00e5 depression, angst og s\u00f8vnl\u00f8shed.<\/p>\n<ul>\n<li>Br\u00e6ndetid: 1,5 timer (ca.).<\/li>\n<li>18 pinde \/ pakke<\/li>\n<li>St\u00f8rrelse: 32 cm lang og 0,5 cm tyk ca.<\/li>\n<\/ul>\n","protected":false},"excerpt":{"rendered":"<p>Den s\u00f8dt duftende Jasmine Red Dragon r\u00f8gelse forbedrer hum\u00f8ret og overvinder stress. Bek\u00e6mper ogs\u00e5 depression, angst og s\u00f8vnl\u00f8shed. Br\u00e6ndetid: 1,5 timer (ca.). 18 pinde \/ pakke St\u00f8rrelse: 32 cm lang og 0,5 cm tyk ca.<\/p>\n","protected":false},"featured_media":401005,"comment_status":"closed","ping_status":"open","template":"","meta":[],"product_brand":[],"product_cat":[26830,25839,25955,5836],"product_tag":[],"class_list":{"0":"post-198931","1":"product","2":"type-product","3":"status-publish","4":"has-post-thumbnail","6":"product_cat-blomster","7":"product_cat-dufte-aromaer","8":"product_cat-jasmin","9":"product_cat-rogelse-og-rogelsesholdere","10":"pa_made-in-indien","12":"first","13":"instock","14":"purchasable","15":"product-type-simple"},"supplier_id":null,"supplier_sku":"GDI-08","barcode":null,"atum_controlled":true,"out_stock_date":null,"out_stock_threshold":null,"inheritable":false,"inbound_stock":null,"stock_on_hold":0,"sold_today":0,"sales_last_days":0,"reserved_stock":null,"customer_returns":null,"warehouse_damage":null,"lost_in_post":null,"other_logs":null,"out_stock_days":0,"lost_sales":0,"has_location":null,"update_date":"2026-02-12T05:44:40","atum_locations":[],"atum_stock_status":"instock","restock_status":false,"low_stock_amount":"","sales_update_date":"2025-09-03T00:19:56","calc_backorders":null,"_links":{"self":[{"href":"https:\/\/aromasentia.com\/da\/wp-json\/wp\/v2\/product\/198931","targetHints":{"allow":["GET"]}}],"collection":[{"href":"https:\/\/aromasentia.com\/da\/wp-json\/wp\/v2\/product"}],"about":[{"href":"https:\/\/aromasentia.com\/da\/wp-json\/wp\/v2\/types\/product"}],"replies":[{"embeddable":true,"href":"https:\/\/aromasentia.com\/da\/wp-json\/wp\/v2\/comments?post=198931"}],"version-history":[{"count":0,"href":"https:\/\/aromasentia.com\/da\/wp-json\/wp\/v2\/product\/198931\/revisions"}],"wp:featuredmedia":[{"embeddable":true,"href":"https:\/\/aromasentia.com\/da\/wp-json\/wp\/v2\/media\/401005"}],"wp:attachment":[{"href":"https:\/\/aromasentia.com\/da\/wp-json\/wp\/v2\/media?parent=198931"}],"wp:term":[{"taxonomy":"product_brand","embeddable":true,"href":"https:\/\/aromasentia.com\/da\/wp-json\/wp\/v2\/product_brand?post=198931"},{"taxonomy":"product_cat","embeddable":true,"href":"https:\/\/aromasentia.com\/da\/wp-json\/wp\/v2\/product_cat?post=198931"},{"taxonomy":"product_tag","embeddable":true,"href":"https:\/\/aromasentia.com\/da\/wp-json\/wp\/v2\/product_tag?post=198931"}],"curies":[{"name":"wp","href":"https:\/\/api.w.org\/{rel}","templated":true}]}}