{"id":198924,"date":"2025-03-23T10:30:09","date_gmt":"2025-03-23T10:30:09","guid":{"rendered":"https:\/\/aromasentia.com\/product\/citronella-dhoop-cones\/"},"modified":"2025-06-22T03:15:39","modified_gmt":"2025-06-22T03:15:39","slug":"citronella-dhoop-kegler","status":"publish","type":"product","link":"https:\/\/aromasentia.com\/da\/citronella-dhoop-kegler\/","title":{"rendered":"Citronella Dhoop Kegler"},"content":{"rendered":"<p>Opfrisk dit rum p\u00e5 en naturlig m\u00e5de, og afskr\u00e6k insekter med den forfriskende aroma fra Citronella Dhoop Cones. Disse kogler er perfekte til udend\u00f8rs brug eller i godt ventilerede omr\u00e5der og afgiver en citronagtig duft, der hj\u00e6lper med at holde u\u00f8nskede insekter v\u00e6k.<\/p>\n","protected":false},"excerpt":{"rendered":"<p>Opfrisk dit rum p\u00e5 en naturlig m\u00e5de, og afskr\u00e6k insekter med den forfriskende aroma fra Citronella Dhoop Cones. Disse kogler er perfekte til udend\u00f8rs brug eller i godt ventilerede omr\u00e5der og afgiver en citronagtig duft, der hj\u00e6lper med at holde u\u00f8nskede insekter v\u00e6k.<\/p>\n","protected":false},"featured_media":400902,"comment_status":"closed","ping_status":"open","template":"","meta":{"_angie_page":false},"product_brand":[],"product_cat":[25936,26816,25839,5836,5847],"product_tag":[],"class_list":{"0":"post-198924","1":"product","2":"type-product","3":"status-publish","4":"has-post-thumbnail","6":"product_cat-citronella","7":"product_cat-citrus","8":"product_cat-dufte-aromaer","9":"product_cat-rogelse-og-rogelsesholdere","10":"product_cat-rogelsespinde","11":"pa_collection-nag-champa-incense-da","12":"pa_made-in-indien","14":"first","15":"instock","16":"purchasable","17":"product-type-simple"},"supplier_id":null,"supplier_sku":"EID-64","barcode":null,"atum_controlled":true,"out_stock_date":null,"out_stock_threshold":null,"inheritable":false,"inbound_stock":null,"stock_on_hold":0,"sold_today":0,"sales_last_days":0,"reserved_stock":null,"customer_returns":null,"warehouse_damage":null,"lost_in_post":null,"other_logs":null,"out_stock_days":0,"lost_sales":0,"has_location":null,"update_date":"2026-04-27T07:00:22","atum_locations":[],"atum_stock_status":"instock","restock_status":false,"low_stock_amount":"","sales_update_date":"2026-01-20T05:13:34","calc_backorders":null,"_links":{"self":[{"href":"https:\/\/aromasentia.com\/da\/wp-json\/wp\/v2\/product\/198924","targetHints":{"allow":["GET"]}}],"collection":[{"href":"https:\/\/aromasentia.com\/da\/wp-json\/wp\/v2\/product"}],"about":[{"href":"https:\/\/aromasentia.com\/da\/wp-json\/wp\/v2\/types\/product"}],"replies":[{"embeddable":true,"href":"https:\/\/aromasentia.com\/da\/wp-json\/wp\/v2\/comments?post=198924"}],"version-history":[{"count":0,"href":"https:\/\/aromasentia.com\/da\/wp-json\/wp\/v2\/product\/198924\/revisions"}],"wp:featuredmedia":[{"embeddable":true,"href":"https:\/\/aromasentia.com\/da\/wp-json\/wp\/v2\/media\/400902"}],"wp:attachment":[{"href":"https:\/\/aromasentia.com\/da\/wp-json\/wp\/v2\/media?parent=198924"}],"wp:term":[{"taxonomy":"product_brand","embeddable":true,"href":"https:\/\/aromasentia.com\/da\/wp-json\/wp\/v2\/product_brand?post=198924"},{"taxonomy":"product_cat","embeddable":true,"href":"https:\/\/aromasentia.com\/da\/wp-json\/wp\/v2\/product_cat?post=198924"},{"taxonomy":"product_tag","embeddable":true,"href":"https:\/\/aromasentia.com\/da\/wp-json\/wp\/v2\/product_tag?post=198924"}],"curies":[{"name":"wp","href":"https:\/\/api.w.org\/{rel}","templated":true}]}}