{"id":198895,"date":"2025-03-23T10:30:18","date_gmt":"2025-03-23T10:30:18","guid":{"rendered":"https:\/\/aromasentia.com\/product\/satya-incense-15gm-rose\/"},"modified":"2025-06-22T03:15:24","modified_gmt":"2025-06-22T03:15:24","slug":"satya-roegelse-15gm-rose","status":"publish","type":"product","link":"https:\/\/aromasentia.com\/da\/satya-roegelse-15gm-rose\/","title":{"rendered":"Satya R\u00f8gelse 15gm &#8211; Rose"},"content":{"rendered":"<p><span style=\"color: rgb(75, 80, 88);\">Satya Rose R\u00f8gelse er et symbol p\u00e5 sk\u00f8nhed, passion og romantik. Den fremkalder f\u00f8lelser af k\u00e6rlighed og omsorg. Den s\u00f8de duft af roser har en beroligende effekt p\u00e5 f\u00f8lelserne og er nyttig til at overvinde depression og sorg. Den hj\u00e6lper ogs\u00e5 med at bek\u00e6mpe stress og er en af de mest popul\u00e6re dufte til yoga og meditation.<\/span><\/p>\n<p><span style=\"color: rgb(75, 80, 88);\">T\u00e6nd blot en Satya R\u00f8gelsesstang og vent p\u00e5, at dit hjem bliver forvandlet med disse lyse og energigivende aromaer. Disse <strong>Satya r\u00f8gelsesstange<\/strong> er h\u00e5ndrullede i Indien med rene ekstrakter og de fineste duftolier. Lad denne aroma fylde dit hjem eller din butik og skab en vidunderlig atmosf\u00e6re.<\/span><\/p>\n<p><span style=\"color: rgb(75, 80, 88);\">Det er nemt at bruge r\u00f8gelsesstange. Bare t\u00e6nd enden og vent p\u00e5, at den gl\u00f8der, og flammen bl\u00e6ses ud. Placer den derefter i en r\u00f8gelsesholder og nyd den vidunderlige duft, der produceres.<\/span><\/p>\n<p><span style=\"color: rgb(75, 80, 88);\">Satya r\u00f8gelsespinde<\/span><\/p>\n<p><span style=\"color: rgb(75, 80, 88);\">&#8211; Indeholder 15 g r\u00f8gelse (ca. 15 pinde)<\/span><\/p>\n<p><span style=\"color: rgb(75, 80, 88);\">&#8211; Genanvendelig emballage<\/span><\/p>\n<p><span style=\"color: rgb(75, 80, 88);\">&#8211; Brug med en r\u00f8gelsesholder for at opn\u00e5 de bedste resultater<\/span><\/p>\n<p><span style=\"color: rgb(75, 80, 88);\">&#8211; Pindens br\u00e6ndetid: Ca. 30 min<\/span><\/p>\n<p><span style=\"color: rgb(75, 80, 88);\">Passer bedst til vores popul\u00e6re&nbsp;<\/span><a href=\"https:\/\/aromasentia.com\/ish\"><span style=\"color: rgb(149, 122, 101);\">R\u00f8gelsesholdere i tr\u00e6<\/span><\/a> <span style=\"color: rgb(75, 80, 88);\">og<\/span> <a href=\"https:\/\/aromasentia.com\/wwih\"><span style=\"color: rgb(149, 122, 101);\">Hvidvaskede r\u00f8gelsesholdere<\/span><\/a><span style=\"color: rgb(149, 122, 101);\">.&nbsp;<\/span><\/p>\n<p><span style=\"color: rgb(141, 186, 216);\"><strong>Meget popul\u00e6rt m\u00e6rke&#8230; med regelm\u00e6ssige nye dufte, der altid introduceres. Tilf\u00f8j til din produktportef\u00f8lje og \u00f8g dit salg.<\/strong><\/span><\/p>\n","protected":false},"excerpt":{"rendered":"<p>Satya Rose R\u00f8gelse er et symbol p\u00e5 sk\u00f8nhed, passion og romantik. Den fremkalder f\u00f8lelser af k\u00e6rlighed og omsorg. Den s\u00f8de duft af roser har en beroligende effekt p\u00e5 f\u00f8lelserne og er nyttig til at overvinde depression og sorg. Den hj\u00e6lper ogs\u00e5 med at bek\u00e6mpe stress og er en af de mest popul\u00e6re dufte til yoga [&hellip;]<\/p>\n","protected":false},"featured_media":402183,"comment_status":"closed","ping_status":"open","template":"","meta":{"_angie_page":false},"product_brand":[27138],"product_cat":[26830,25839,5836,5847,25984],"product_tag":[],"class_list":{"0":"post-198895","1":"product","2":"type-product","3":"status-publish","4":"has-post-thumbnail","6":"product_brand-satya","7":"product_cat-blomster","8":"product_cat-dufte-aromaer","9":"product_cat-rogelse-og-rogelsesholdere","10":"product_cat-rogelsespinde","11":"product_cat-rose","12":"pa_collection-satya-incense-sticks-da","13":"pa_made-in-indien","15":"first","16":"instock","17":"purchasable","18":"product-type-simple"},"supplier_id":null,"supplier_sku":"iSatya-09","barcode":null,"atum_controlled":true,"out_stock_date":null,"out_stock_threshold":null,"inheritable":false,"inbound_stock":null,"stock_on_hold":0,"sold_today":0,"sales_last_days":0,"reserved_stock":null,"customer_returns":null,"warehouse_damage":null,"lost_in_post":null,"other_logs":null,"out_stock_days":0,"lost_sales":0,"has_location":null,"update_date":"2026-05-08T05:11:56","atum_locations":[],"atum_stock_status":"instock","restock_status":false,"low_stock_amount":"","sales_update_date":"2025-09-03T00:19:49","calc_backorders":null,"_links":{"self":[{"href":"https:\/\/aromasentia.com\/da\/wp-json\/wp\/v2\/product\/198895","targetHints":{"allow":["GET"]}}],"collection":[{"href":"https:\/\/aromasentia.com\/da\/wp-json\/wp\/v2\/product"}],"about":[{"href":"https:\/\/aromasentia.com\/da\/wp-json\/wp\/v2\/types\/product"}],"replies":[{"embeddable":true,"href":"https:\/\/aromasentia.com\/da\/wp-json\/wp\/v2\/comments?post=198895"}],"version-history":[{"count":0,"href":"https:\/\/aromasentia.com\/da\/wp-json\/wp\/v2\/product\/198895\/revisions"}],"wp:featuredmedia":[{"embeddable":true,"href":"https:\/\/aromasentia.com\/da\/wp-json\/wp\/v2\/media\/402183"}],"wp:attachment":[{"href":"https:\/\/aromasentia.com\/da\/wp-json\/wp\/v2\/media?parent=198895"}],"wp:term":[{"taxonomy":"product_brand","embeddable":true,"href":"https:\/\/aromasentia.com\/da\/wp-json\/wp\/v2\/product_brand?post=198895"},{"taxonomy":"product_cat","embeddable":true,"href":"https:\/\/aromasentia.com\/da\/wp-json\/wp\/v2\/product_cat?post=198895"},{"taxonomy":"product_tag","embeddable":true,"href":"https:\/\/aromasentia.com\/da\/wp-json\/wp\/v2\/product_tag?post=198895"}],"curies":[{"name":"wp","href":"https:\/\/api.w.org\/{rel}","templated":true}]}}