{"id":198886,"date":"2025-03-23T10:30:18","date_gmt":"2025-03-23T10:30:18","guid":{"rendered":"https:\/\/aromasentia.com\/product\/incense-powder-mould-set-black\/"},"modified":"2025-06-22T03:15:20","modified_gmt":"2025-06-22T03:15:20","slug":"saet-med-roegelsespulverforme-sort","status":"publish","type":"product","link":"https:\/\/aromasentia.com\/da\/saet-med-roegelsespulverforme-sort\/","title":{"rendered":"S\u00e6t med R\u00f8gelsespulverforme &#8211; Sort"},"content":{"rendered":"<h1><strong>Wholesale Incense Powder Mould Set Black.<\/strong><\/h1>\n<p>Dette s\u00e6t med tre pyramider er fremstillet med pr\u00e6cision af h\u00e5ndv\u00e6rkere p\u00e5 Bali og tilbyder uovertruffen alsidighed i r\u00f8gelsesst\u00f8rrelse.&nbsp;<\/p>\n<p>Uanset om du s\u00f8ger et udbrud af duft eller en langvarig aroma, leverer vores forms\u00e6t. Fyld blot pyramideformen med din foretrukne r\u00f8gelsespulverblanding, pres den godt sammen, og se en smukt sammenh\u00e6ngende pyramide blive til, klar til afbr\u00e6nding.&nbsp;<\/p>\n<p>Hver \u00e6ske indeholder 12 s\u00e6t r\u00f8gelsespulverforme, der er perfekte til at parre med vores <a href=\"https:\/\/aromasentia.com\/hip\"><strong>Healing Incense Powders<\/strong><\/a> og <a href=\"https:\/\/aromasentia.com\/hipp\"><strong>Healing Incense plate<\/strong><\/a><strong>&nbsp;<\/strong>(se nedenfor). G\u00f8r din rituelle oplevelse bedre, og udforsk ogs\u00e5 vores healende r\u00f8gelsesplader.&nbsp;<\/p>\n<p><strong>Fleksibel, smukt designet og nem at bruge.&nbsp;<\/strong><\/p>\n<p><strong>Bulk-besparelser: Hver \u00e6ske indeholder 12 s\u00e6t r\u00f8gelsespulverforme<\/strong><\/p>\n<p><strong>Bestil nu, og frig\u00f8r kraften i den duftende kreativitet.<\/strong><\/p>\n<p><strong>St\u00f8rrelser:<\/strong><\/p>\n<p>Stor form: H\u00f8jde 7,2 cm x bredde 6 cm<\/p>\n<p>Mellemstor form: H\u00f8jde 6,5 cm x bredde 5,4 cm<\/p>\n<p>Lille form: H\u00f8jde 4,8 cm x Bredde 4 cm<\/p>\n","protected":false},"excerpt":{"rendered":"<p>Wholesale Incense Powder Mould Set Black. Dette s\u00e6t med tre pyramider er fremstillet med pr\u00e6cision af h\u00e5ndv\u00e6rkere p\u00e5 Bali og tilbyder uovertruffen alsidighed i r\u00f8gelsesst\u00f8rrelse.&nbsp; Uanset om du s\u00f8ger et udbrud af duft eller en langvarig aroma, leverer vores forms\u00e6t. Fyld blot pyramideformen med din foretrukne r\u00f8gelsespulverblanding, pres den godt sammen, og se en smukt [&hellip;]<\/p>\n","protected":false},"featured_media":401958,"comment_status":"closed","ping_status":"open","template":"","meta":{"_angie_page":false},"product_brand":[],"product_cat":[5836,6674],"product_tag":[],"class_list":{"0":"post-198886","1":"product","2":"type-product","3":"status-publish","4":"has-post-thumbnail","6":"product_cat-rogelse-og-rogelsesholdere","7":"product_cat-rogelsespulver","8":"pa_collection-incense-powder-mould-set-da","9":"pa_made-in-indonesien","11":"first","12":"instock","13":"purchasable","14":"product-type-simple"},"supplier_id":null,"supplier_sku":"IPM-03","barcode":null,"atum_controlled":true,"out_stock_date":null,"out_stock_threshold":null,"inheritable":false,"inbound_stock":null,"stock_on_hold":0,"sold_today":0,"sales_last_days":0,"reserved_stock":null,"customer_returns":null,"warehouse_damage":null,"lost_in_post":null,"other_logs":null,"out_stock_days":0,"lost_sales":0,"has_location":null,"update_date":"2026-04-27T07:09:00","atum_locations":[],"atum_stock_status":"instock","restock_status":false,"low_stock_amount":"","sales_update_date":"2026-01-30T01:26:03","calc_backorders":null,"_links":{"self":[{"href":"https:\/\/aromasentia.com\/da\/wp-json\/wp\/v2\/product\/198886","targetHints":{"allow":["GET"]}}],"collection":[{"href":"https:\/\/aromasentia.com\/da\/wp-json\/wp\/v2\/product"}],"about":[{"href":"https:\/\/aromasentia.com\/da\/wp-json\/wp\/v2\/types\/product"}],"replies":[{"embeddable":true,"href":"https:\/\/aromasentia.com\/da\/wp-json\/wp\/v2\/comments?post=198886"}],"version-history":[{"count":0,"href":"https:\/\/aromasentia.com\/da\/wp-json\/wp\/v2\/product\/198886\/revisions"}],"wp:featuredmedia":[{"embeddable":true,"href":"https:\/\/aromasentia.com\/da\/wp-json\/wp\/v2\/media\/401958"}],"wp:attachment":[{"href":"https:\/\/aromasentia.com\/da\/wp-json\/wp\/v2\/media?parent=198886"}],"wp:term":[{"taxonomy":"product_brand","embeddable":true,"href":"https:\/\/aromasentia.com\/da\/wp-json\/wp\/v2\/product_brand?post=198886"},{"taxonomy":"product_cat","embeddable":true,"href":"https:\/\/aromasentia.com\/da\/wp-json\/wp\/v2\/product_cat?post=198886"},{"taxonomy":"product_tag","embeddable":true,"href":"https:\/\/aromasentia.com\/da\/wp-json\/wp\/v2\/product_tag?post=198886"}],"curies":[{"name":"wp","href":"https:\/\/api.w.org\/{rel}","templated":true}]}}