{"id":198882,"date":"2025-03-23T10:30:18","date_gmt":"2025-03-23T10:30:18","guid":{"rendered":"https:\/\/aromasentia.com\/product\/himalayan-sughandit-dhoop-incesne-gift-set-cedarwood\/"},"modified":"2025-06-22T03:15:19","modified_gmt":"2025-06-22T03:15:19","slug":"himalaya-sughandit-dhoop-roegelse-gavesaet-cedertrae","status":"publish","type":"product","link":"https:\/\/aromasentia.com\/da\/himalaya-sughandit-dhoop-roegelse-gavesaet-cedertrae\/","title":{"rendered":"Himalaya Sughandit Dhoop R\u00f8gelse Gaves\u00e6t &#8211; Cedertr\u00e6"},"content":{"rendered":"<p><span style=\"color: rgb(75, 80, 88);\">Forbedr stemningen i dit rum med f\u00e6ngslende <strong>Sughandit Dhoop r\u00f8gelsesgaves\u00e6t<\/strong>. Vi er stolte af at importere disse r\u00f8gelseskollektioner direkte fra Nepal, hvor de er h\u00e5ndlavede med omhu og omhyggeligt pakket.<\/span><\/p>\n<p><span style=\"color: rgb(75, 80, 88);\">Disse r\u00f8gelsespinde er en blanding af<strong>naturens fineste ingredienser<\/strong>. Hvert af vores Himalaya Sughandit Dhoop r\u00f8gelsess\u00e6t leveres i en charmerende \u00e6ske. <strong>Indeni hver \u00e6ske finder du en r\u00f8gelsesholder i tr\u00e6, 30 duftende r\u00f8gelsespinde og en forklarende tekst.<\/strong><\/span><\/p>\n<p><span style=\"color: rgb(75, 80, 88);\"><strong>Cedertr\u00e6sr\u00f8gelse<\/strong> er lavet af cedertr\u00e6ets tr\u00e6. <strong>Det t\u00f8rres og barberes eller males til pulver og blandes med andre ingredienser, s\u00e5som harpiks, urter eller blomster.<\/strong><strong>Det bruges ofte i meditation og b\u00f8n og menes at have en beroligende effekt p\u00e5 sind og krop.<\/strong><\/span><\/p>\n<p><span style=\"color: rgb(75, 80, 88);\">R\u00f8gelse af cedertr\u00e6 bruges ogs\u00e5 i ritualer og ceremonier og menes at rense luften og rummene. Derudover bruges det som et naturligt insektmiddel og m\u00f8lmiddel.<\/span><\/p>\n","protected":false},"excerpt":{"rendered":"<p>Forbedr stemningen i dit rum med f\u00e6ngslende Sughandit Dhoop r\u00f8gelsesgaves\u00e6t. Vi er stolte af at importere disse r\u00f8gelseskollektioner direkte fra Nepal, hvor de er h\u00e5ndlavede med omhu og omhyggeligt pakket. Disse r\u00f8gelsespinde er en blanding afnaturens fineste ingredienser. Hvert af vores Himalaya Sughandit Dhoop r\u00f8gelsess\u00e6t leveres i en charmerende \u00e6ske. Indeni hver \u00e6ske finder du [&hellip;]<\/p>\n","protected":false},"featured_media":401826,"comment_status":"closed","ping_status":"open","template":"","meta":{"_angie_page":false},"product_brand":[],"product_cat":[25933,25839,5836,5847,26893],"product_tag":[],"class_list":{"0":"post-198882","1":"product","2":"type-product","3":"status-publish","4":"has-post-thumbnail","6":"product_cat-cedertrae","7":"product_cat-dufte-aromaer","8":"product_cat-rogelse-og-rogelsesholdere","9":"product_cat-rogelsespinde","10":"product_cat-traeagtig","11":"pa_collection-sughandit-dhoop-incense-gift-set-da","12":"pa_made-in-nepal","14":"first","15":"instock","16":"purchasable","17":"product-type-simple"},"supplier_id":null,"supplier_sku":"HSDI-06","barcode":null,"atum_controlled":true,"out_stock_date":null,"out_stock_threshold":null,"inheritable":false,"inbound_stock":null,"stock_on_hold":0,"sold_today":0,"sales_last_days":0,"reserved_stock":null,"customer_returns":null,"warehouse_damage":null,"lost_in_post":null,"other_logs":null,"out_stock_days":0,"lost_sales":0,"has_location":null,"update_date":"2026-04-27T07:08:12","atum_locations":[],"atum_stock_status":"instock","restock_status":false,"low_stock_amount":"","sales_update_date":"2025-09-03T00:19:46","calc_backorders":null,"_links":{"self":[{"href":"https:\/\/aromasentia.com\/da\/wp-json\/wp\/v2\/product\/198882","targetHints":{"allow":["GET"]}}],"collection":[{"href":"https:\/\/aromasentia.com\/da\/wp-json\/wp\/v2\/product"}],"about":[{"href":"https:\/\/aromasentia.com\/da\/wp-json\/wp\/v2\/types\/product"}],"replies":[{"embeddable":true,"href":"https:\/\/aromasentia.com\/da\/wp-json\/wp\/v2\/comments?post=198882"}],"version-history":[{"count":0,"href":"https:\/\/aromasentia.com\/da\/wp-json\/wp\/v2\/product\/198882\/revisions"}],"wp:featuredmedia":[{"embeddable":true,"href":"https:\/\/aromasentia.com\/da\/wp-json\/wp\/v2\/media\/401826"}],"wp:attachment":[{"href":"https:\/\/aromasentia.com\/da\/wp-json\/wp\/v2\/media?parent=198882"}],"wp:term":[{"taxonomy":"product_brand","embeddable":true,"href":"https:\/\/aromasentia.com\/da\/wp-json\/wp\/v2\/product_brand?post=198882"},{"taxonomy":"product_cat","embeddable":true,"href":"https:\/\/aromasentia.com\/da\/wp-json\/wp\/v2\/product_cat?post=198882"},{"taxonomy":"product_tag","embeddable":true,"href":"https:\/\/aromasentia.com\/da\/wp-json\/wp\/v2\/product_tag?post=198882"}],"curies":[{"name":"wp","href":"https:\/\/api.w.org\/{rel}","templated":true}]}}