{"id":198876,"date":"2025-03-23T10:30:18","date_gmt":"2025-03-23T10:30:18","guid":{"rendered":"https:\/\/aromasentia.com\/product\/healling-incense-plate-black-gold-lava-stone\/"},"modified":"2025-06-22T03:15:13","modified_gmt":"2025-06-22T03:15:13","slug":"healling-roegelseskaal-sort-guld-lavasten","status":"publish","type":"product","link":"https:\/\/aromasentia.com\/da\/healling-roegelseskaal-sort-guld-lavasten\/","title":{"rendered":"Healling R\u00f8gelsesk\u00e5l &#8211; Sort &#038; Guld Lavasten"},"content":{"rendered":"<p>Transformer din spirituelle praksis med vores<strong>&nbsp;Wholesale Healing Incense Plates<\/strong>. White Stone Healing Incense Plate er udformet med henblik p\u00e5 harmoni og oph\u00f8jelse og udstr\u00e5ler ro og renhed. Den er ideel til meditation, afslapning og spirituelle ritualer og inspirerer til klarhed og indre fred. Brug den sammen med vores<strong>&nbsp;<\/strong><a href=\"https:\/\/aromasentia.com\/hip\"><strong>Healing Incense Powders&nbsp;<\/strong><\/a>og <a href=\"https:\/\/aromasentia.com\/ipm\"><strong>Incense Powder Mould Set<\/strong><\/a> for at f\u00e5 en komplet sanseoplevelse. L\u00f8ft dine ritualer, meditation og skab en rolig atmosf\u00e6re.&nbsp;<\/p>\n<p><strong>Bestil nu, og plej din spirituelle rejse.<\/strong><\/p>\n","protected":false},"excerpt":{"rendered":"<p>Transformer din spirituelle praksis med vores&nbsp;Wholesale Healing Incense Plates. White Stone Healing Incense Plate er udformet med henblik p\u00e5 harmoni og oph\u00f8jelse og udstr\u00e5ler ro og renhed. Den er ideel til meditation, afslapning og spirituelle ritualer og inspirerer til klarhed og indre fred. Brug den sammen med vores&nbsp;Healing Incense Powders&nbsp;og Incense Powder Mould Set for [&hellip;]<\/p>\n","protected":false},"featured_media":401564,"comment_status":"closed","ping_status":"open","template":"","meta":{"_angie_page":false},"product_brand":[],"product_cat":[25222,25668,5836,5837],"product_tag":[],"class_list":{"0":"post-198876","1":"product","2":"type-product","3":"status-publish","4":"has-post-thumbnail","6":"product_cat-krystaller-og-sten","7":"product_cat-lavasten-basalt","8":"product_cat-rogelse-og-rogelsesholdere","9":"product_cat-rogelsesholdere-og-rogelsesbraendere","10":"pa_collection-healing-incense-plate-da","11":"pa_made-in-indonesien","13":"first","14":"instock","15":"purchasable","16":"product-type-simple"},"supplier_id":null,"supplier_sku":"HIPP-03","barcode":null,"atum_controlled":true,"out_stock_date":null,"out_stock_threshold":null,"inheritable":false,"inbound_stock":null,"stock_on_hold":0,"sold_today":0,"sales_last_days":0,"reserved_stock":null,"customer_returns":null,"warehouse_damage":null,"lost_in_post":null,"other_logs":null,"out_stock_days":0,"lost_sales":0,"has_location":null,"update_date":"2026-04-27T07:07:33","atum_locations":[],"atum_stock_status":"instock","restock_status":false,"low_stock_amount":"","sales_update_date":"2026-01-30T01:26:04","calc_backorders":null,"_links":{"self":[{"href":"https:\/\/aromasentia.com\/da\/wp-json\/wp\/v2\/product\/198876","targetHints":{"allow":["GET"]}}],"collection":[{"href":"https:\/\/aromasentia.com\/da\/wp-json\/wp\/v2\/product"}],"about":[{"href":"https:\/\/aromasentia.com\/da\/wp-json\/wp\/v2\/types\/product"}],"replies":[{"embeddable":true,"href":"https:\/\/aromasentia.com\/da\/wp-json\/wp\/v2\/comments?post=198876"}],"version-history":[{"count":0,"href":"https:\/\/aromasentia.com\/da\/wp-json\/wp\/v2\/product\/198876\/revisions"}],"wp:featuredmedia":[{"embeddable":true,"href":"https:\/\/aromasentia.com\/da\/wp-json\/wp\/v2\/media\/401564"}],"wp:attachment":[{"href":"https:\/\/aromasentia.com\/da\/wp-json\/wp\/v2\/media?parent=198876"}],"wp:term":[{"taxonomy":"product_brand","embeddable":true,"href":"https:\/\/aromasentia.com\/da\/wp-json\/wp\/v2\/product_brand?post=198876"},{"taxonomy":"product_cat","embeddable":true,"href":"https:\/\/aromasentia.com\/da\/wp-json\/wp\/v2\/product_cat?post=198876"},{"taxonomy":"product_tag","embeddable":true,"href":"https:\/\/aromasentia.com\/da\/wp-json\/wp\/v2\/product_tag?post=198876"}],"curies":[{"name":"wp","href":"https:\/\/api.w.org\/{rel}","templated":true}]}}