{"id":198873,"date":"2025-03-23T10:30:18","date_gmt":"2025-03-23T10:30:18","guid":{"rendered":"https:\/\/aromasentia.com\/product\/healing-incense-powder-holy-basil-100gm\/"},"modified":"2025-06-22T03:15:12","modified_gmt":"2025-06-22T03:15:12","slug":"healende-roegelsespulver-hellig-basilikum-100gm","status":"publish","type":"product","link":"https:\/\/aromasentia.com\/da\/healende-roegelsespulver-hellig-basilikum-100gm\/","title":{"rendered":"Healende R\u00f8gelsespulver &#8211; Hellig Basilikum 100gm"},"content":{"rendered":"<h1><strong>Grosshandel med healende r\u00f8gelsespulver<\/strong><\/h1>\n<p>Opdag guddommelig ro med vores <strong>Holy Basil r\u00f8gelsespulver<\/strong>. Lad dens hellige essens rense dit rum og opl\u00f8fte din sj\u00e6l, omhyggeligt sammensatte blandinger af aromatiske ingredienser fremmer velv\u00e6re og balance.&nbsp;<\/p>\n<p>Forbered en varmebestandig r\u00f8gelsesbr\u00e6nder eller en dertil indrettet holder, fyld formen med r\u00f8gelsespulver, og tag den forsigtigt ud for at placere den p\u00e5 pladen. Ant\u00e6nd pulveret, lad det br\u00e6nde kortvarigt, og bl\u00e6s det derefter ud, s\u00e5 den aromatiske r\u00f8g kan fylde dit rum. Du kan ogs\u00e5 lide&nbsp;<\/p>\n<p><a href=\"https:\/\/aromasentia.com\/ipm\"><strong>R\u00f8gelsespulverform<\/strong>&nbsp;<\/a>S\u00e6t og <a href=\"https:\/\/aromasentia.com\/hipp\"><strong>Healing Incense Plate.<\/strong><\/a><\/p>\n<p>Lavet med en blanding af Kayu-pulver og over tredive naturlige urter og lokale aromastoffer fra en opskrift, der er overleveret og raffineret gennem generationer. Hvert parti r\u00f8gelse fremstilles og blandes f\u00f8rst, n\u00e5r der er foretaget ceremonielle ofringer til guderne.&nbsp;<\/p>\n<p><strong>Nyd roen, og l\u00f8ft din holistiske velv\u00e6repraksis med vores &nbsp;helbredende r\u00f8gelsespulver. Bestil nu<\/strong><\/p>\n","protected":false},"excerpt":{"rendered":"<p>Grosshandel med healende r\u00f8gelsespulver Opdag guddommelig ro med vores Holy Basil r\u00f8gelsespulver. Lad dens hellige essens rense dit rum og opl\u00f8fte din sj\u00e6l, omhyggeligt sammensatte blandinger af aromatiske ingredienser fremmer velv\u00e6re og balance.&nbsp; Forbered en varmebestandig r\u00f8gelsesbr\u00e6nder eller en dertil indrettet holder, fyld formen med r\u00f8gelsespulver, og tag den forsigtigt ud for at placere den [&hellip;]<\/p>\n","protected":false},"featured_media":401465,"comment_status":"closed","ping_status":"open","template":"","meta":{"_angie_page":false},"product_brand":[],"product_cat":[25925,25839,5836,6674,26858],"product_tag":[],"class_list":{"0":"post-198873","1":"product","2":"type-product","3":"status-publish","4":"has-post-thumbnail","6":"product_cat-basilikum","7":"product_cat-dufte-aromaer","8":"product_cat-rogelse-og-rogelsesholdere","9":"product_cat-rogelsespulver","10":"product_cat-urte-aromatisk","11":"pa_collection-healing-incense-powder-da","12":"pa_made-in-indonesien","13":"pa_size-100g","15":"first","16":"instock","17":"purchasable","18":"product-type-simple"},"supplier_id":null,"supplier_sku":"HIP-12","barcode":null,"atum_controlled":true,"out_stock_date":null,"out_stock_threshold":null,"inheritable":false,"inbound_stock":null,"stock_on_hold":0,"sold_today":0,"sales_last_days":0,"reserved_stock":null,"customer_returns":null,"warehouse_damage":null,"lost_in_post":null,"other_logs":null,"out_stock_days":0,"lost_sales":0,"has_location":null,"update_date":"2026-04-27T07:07:33","atum_locations":[],"atum_stock_status":"instock","restock_status":false,"low_stock_amount":"","sales_update_date":"2025-09-03T00:19:44","calc_backorders":null,"_links":{"self":[{"href":"https:\/\/aromasentia.com\/da\/wp-json\/wp\/v2\/product\/198873","targetHints":{"allow":["GET"]}}],"collection":[{"href":"https:\/\/aromasentia.com\/da\/wp-json\/wp\/v2\/product"}],"about":[{"href":"https:\/\/aromasentia.com\/da\/wp-json\/wp\/v2\/types\/product"}],"replies":[{"embeddable":true,"href":"https:\/\/aromasentia.com\/da\/wp-json\/wp\/v2\/comments?post=198873"}],"version-history":[{"count":0,"href":"https:\/\/aromasentia.com\/da\/wp-json\/wp\/v2\/product\/198873\/revisions"}],"wp:featuredmedia":[{"embeddable":true,"href":"https:\/\/aromasentia.com\/da\/wp-json\/wp\/v2\/media\/401465"}],"wp:attachment":[{"href":"https:\/\/aromasentia.com\/da\/wp-json\/wp\/v2\/media?parent=198873"}],"wp:term":[{"taxonomy":"product_brand","embeddable":true,"href":"https:\/\/aromasentia.com\/da\/wp-json\/wp\/v2\/product_brand?post=198873"},{"taxonomy":"product_cat","embeddable":true,"href":"https:\/\/aromasentia.com\/da\/wp-json\/wp\/v2\/product_cat?post=198873"},{"taxonomy":"product_tag","embeddable":true,"href":"https:\/\/aromasentia.com\/da\/wp-json\/wp\/v2\/product_tag?post=198873"}],"curies":[{"name":"wp","href":"https:\/\/api.w.org\/{rel}","templated":true}]}}