{"id":198869,"date":"2025-03-23T10:30:18","date_gmt":"2025-03-23T10:30:18","guid":{"rendered":"https:\/\/aromasentia.com\/product\/healing-incense-powder-nutmeg-100gm\/"},"modified":"2025-06-22T03:15:10","modified_gmt":"2025-06-22T03:15:10","slug":"healende-roegelsespulver-muskatnoed-100gm","status":"publish","type":"product","link":"https:\/\/aromasentia.com\/da\/healende-roegelsespulver-muskatnoed-100gm\/","title":{"rendered":"Healende R\u00f8gelsespulver &#8211; muskatn\u00f8d 100gm"},"content":{"rendered":"<h1><strong>Grosshandel med helende r\u00f8gelsespulver.<\/strong><\/h1>\n<p><strong>Unik aroma af muskatn\u00f8d i et velduftende r\u00f8gelsespulver.&nbsp;<\/strong>Perfekt til at berolige sanserne og skabe en rolig atmosf\u00e6re, omhyggeligt kuraterede blandinger af aromatiske ingredienser fremmer velv\u00e6re og balance.&nbsp;<\/p>\n<p>Forbered en varmebestandig r\u00f8gelsesbr\u00e6nder eller en bestemt holder, fyld formen med r\u00f8gelsespulver, og fjern den forsigtigt for at placere den p\u00e5 pladen. Ant\u00e6nd pulveret, lad det br\u00e6nde kortvarigt, og bl\u00e6s det derefter ud, s\u00e5 den aromatiske r\u00f8g kan fylde dit rum. Du kan ogs\u00e5 lide&nbsp;&nbsp;<\/p>\n<p><a class=\"fr-green\" href=\"https:\/\/aromasentia.com\/ipm\"><strong>R\u00f8gelsespulverforms\u00e6t<\/strong><\/a><strong>&nbsp;<\/strong>og <a class=\"fr-green\" href=\"https:\/\/aromasentia.com\/hipp\"><strong>Healing Incense Plate.<\/strong><\/a><\/p>\n<p>Lavet med en blanding af Kayu-pulver og over tredive naturlige urter og lokale aromastoffer fra en opskrift, der er overleveret og forfinet gennem generationer. Hvert parti r\u00f8gelse fremstilles og blandes f\u00f8rst, n\u00e5r der er foretaget ceremonielle ofringer til guderne.&nbsp;<\/p>\n<p><strong>Nyd roen og l\u00f8ft din holistiske velv\u00e6repraksis med vores &nbsp;Healende r\u00f8gelsespulver. Bestil nu<\/strong><\/p>\n","protected":false},"excerpt":{"rendered":"<p>Grosshandel med helende r\u00f8gelsespulver. Unik aroma af muskatn\u00f8d i et velduftende r\u00f8gelsespulver.&nbsp;Perfekt til at berolige sanserne og skabe en rolig atmosf\u00e6re, omhyggeligt kuraterede blandinger af aromatiske ingredienser fremmer velv\u00e6re og balance.&nbsp; Forbered en varmebestandig r\u00f8gelsesbr\u00e6nder eller en bestemt holder, fyld formen med r\u00f8gelsespulver, og fjern den forsigtigt for at placere den p\u00e5 pladen. Ant\u00e6nd pulveret, [&hellip;]<\/p>\n","protected":false},"featured_media":401397,"comment_status":"closed","ping_status":"open","template":"","meta":{"_angie_page":false},"product_brand":[],"product_cat":[25839,26886,25971,5836,6674],"product_tag":[],"class_list":{"0":"post-198869","1":"product","2":"type-product","3":"status-publish","4":"has-post-thumbnail","6":"product_cat-dufte-aromaer","7":"product_cat-krydret","8":"product_cat-muskatnod","9":"product_cat-rogelse-og-rogelsesholdere","10":"product_cat-rogelsespulver","11":"pa_collection-healing-incense-powder-da","12":"pa_made-in-indonesien","13":"pa_size-100g","15":"first","16":"instock","17":"purchasable","18":"product-type-simple"},"supplier_id":null,"supplier_sku":"HIP-07","barcode":null,"atum_controlled":true,"out_stock_date":null,"out_stock_threshold":null,"inheritable":false,"inbound_stock":null,"stock_on_hold":0,"sold_today":0,"sales_last_days":0,"reserved_stock":null,"customer_returns":null,"warehouse_damage":null,"lost_in_post":null,"other_logs":null,"out_stock_days":0,"lost_sales":0,"has_location":null,"update_date":"2026-04-29T13:02:36","atum_locations":[],"atum_stock_status":"instock","restock_status":false,"low_stock_amount":"","sales_update_date":"2025-09-03T00:19:43","calc_backorders":null,"_links":{"self":[{"href":"https:\/\/aromasentia.com\/da\/wp-json\/wp\/v2\/product\/198869","targetHints":{"allow":["GET"]}}],"collection":[{"href":"https:\/\/aromasentia.com\/da\/wp-json\/wp\/v2\/product"}],"about":[{"href":"https:\/\/aromasentia.com\/da\/wp-json\/wp\/v2\/types\/product"}],"replies":[{"embeddable":true,"href":"https:\/\/aromasentia.com\/da\/wp-json\/wp\/v2\/comments?post=198869"}],"version-history":[{"count":0,"href":"https:\/\/aromasentia.com\/da\/wp-json\/wp\/v2\/product\/198869\/revisions"}],"wp:featuredmedia":[{"embeddable":true,"href":"https:\/\/aromasentia.com\/da\/wp-json\/wp\/v2\/media\/401397"}],"wp:attachment":[{"href":"https:\/\/aromasentia.com\/da\/wp-json\/wp\/v2\/media?parent=198869"}],"wp:term":[{"taxonomy":"product_brand","embeddable":true,"href":"https:\/\/aromasentia.com\/da\/wp-json\/wp\/v2\/product_brand?post=198869"},{"taxonomy":"product_cat","embeddable":true,"href":"https:\/\/aromasentia.com\/da\/wp-json\/wp\/v2\/product_cat?post=198869"},{"taxonomy":"product_tag","embeddable":true,"href":"https:\/\/aromasentia.com\/da\/wp-json\/wp\/v2\/product_tag?post=198869"}],"curies":[{"name":"wp","href":"https:\/\/api.w.org\/{rel}","templated":true}]}}