{"id":198842,"date":"2025-03-23T10:30:27","date_gmt":"2025-03-23T10:30:27","guid":{"rendered":"https:\/\/aromasentia.com\/product\/box-of-satya-citronella-backflow-dhoop-cone\/"},"modified":"2025-06-22T03:14:56","modified_gmt":"2025-06-22T03:14:56","slug":"aeske-med-satya-citronella-backflow-dhoop-roegelseskegler","status":"publish","type":"product","link":"https:\/\/aromasentia.com\/da\/aeske-med-satya-citronella-backflow-dhoop-roegelseskegler\/","title":{"rendered":"\u00c6ske med &#8211; Satya Citronella Backflow Dhoop R\u00f8gelseskegler"},"content":{"rendered":"<p><span style=\"color: rgb(75, 80, 88);\"><strong>Aroma Sentia <\/strong> Satya Backflow Dhoop-vafler vil give dit hjem disse lyse og energigivende aromaer. Disse vafler er h\u00e5ndlavede i Indien med rene ekstrakter og de fineste duftolier.<\/span><\/p>\n<p><span style=\"color: rgb(75, 80, 88);\">Lad denne aroma fylde dit hjem eller din butik og skab en vidunderlig atmosf\u00e6re. Placer den blot i en r\u00f8gelsesholder og nyd den vidunderlige duft, der produceres.<\/span><\/p>\n<p><span style=\"color: rgb(75, 80, 88);\">Brug disse dhoop-kegler med en&nbsp;<\/span><a href=\"https:\/\/aromasentia.com\/backf\"><span style=\"color: rgb(149, 122, 101);\">Backflow-r\u00f8gelsesholder<\/span><\/a><span style=\"color: rgb(75, 80, 88);\">&nbsp;for at opn\u00e5 de bedste resultater.<\/span><\/p>\n<p><strong>Hver pakke indeholder 24 kegler.<\/strong><\/p>\n<p><span style=\"color: rgb(141, 186, 216);\"><strong>Meget popul\u00e6rt m\u00e6rke &nbsp;med regelm\u00e6ssige nye dufte, der altid introduceres. &nbsp;<\/strong><\/span><\/p>\n","protected":false},"excerpt":{"rendered":"<p>Aroma Sentia Satya Backflow Dhoop-vafler vil give dit hjem disse lyse og energigivende aromaer. Disse vafler er h\u00e5ndlavede i Indien med rene ekstrakter og de fineste duftolier. Lad denne aroma fylde dit hjem eller din butik og skab en vidunderlig atmosf\u00e6re. Placer den blot i en r\u00f8gelsesholder og nyd den vidunderlige duft, der produceres. Brug [&hellip;]<\/p>\n","protected":false},"featured_media":403190,"comment_status":"closed","ping_status":"open","template":"","meta":{"_angie_page":false},"product_brand":[27138],"product_cat":[25936,26816,25839,5836,5872],"product_tag":[],"class_list":{"0":"post-198842","1":"product","2":"type-product","3":"status-publish","4":"has-post-thumbnail","6":"product_brand-satya","7":"product_cat-citronella","8":"product_cat-citrus","9":"product_cat-dufte-aromaer","10":"product_cat-rogelse-og-rogelsesholdere","11":"product_cat-rogelseskegler","12":"pa_collection-satya-backflow-dhoop-cones-da","13":"pa_made-in-indien","15":"first","16":"instock","17":"purchasable","18":"product-type-simple"},"supplier_id":null,"supplier_sku":"iSatyaBF-09DS","barcode":null,"atum_controlled":true,"out_stock_date":null,"out_stock_threshold":null,"inheritable":false,"inbound_stock":null,"stock_on_hold":0,"sold_today":0,"sales_last_days":0,"reserved_stock":null,"customer_returns":null,"warehouse_damage":null,"lost_in_post":null,"other_logs":null,"out_stock_days":0,"lost_sales":0,"has_location":null,"update_date":"2026-04-27T07:09:24","atum_locations":[],"atum_stock_status":"instock","restock_status":false,"low_stock_amount":"","sales_update_date":"2026-01-30T01:24:56","calc_backorders":null,"_links":{"self":[{"href":"https:\/\/aromasentia.com\/da\/wp-json\/wp\/v2\/product\/198842","targetHints":{"allow":["GET"]}}],"collection":[{"href":"https:\/\/aromasentia.com\/da\/wp-json\/wp\/v2\/product"}],"about":[{"href":"https:\/\/aromasentia.com\/da\/wp-json\/wp\/v2\/types\/product"}],"replies":[{"embeddable":true,"href":"https:\/\/aromasentia.com\/da\/wp-json\/wp\/v2\/comments?post=198842"}],"version-history":[{"count":0,"href":"https:\/\/aromasentia.com\/da\/wp-json\/wp\/v2\/product\/198842\/revisions"}],"wp:featuredmedia":[{"embeddable":true,"href":"https:\/\/aromasentia.com\/da\/wp-json\/wp\/v2\/media\/403190"}],"wp:attachment":[{"href":"https:\/\/aromasentia.com\/da\/wp-json\/wp\/v2\/media?parent=198842"}],"wp:term":[{"taxonomy":"product_brand","embeddable":true,"href":"https:\/\/aromasentia.com\/da\/wp-json\/wp\/v2\/product_brand?post=198842"},{"taxonomy":"product_cat","embeddable":true,"href":"https:\/\/aromasentia.com\/da\/wp-json\/wp\/v2\/product_cat?post=198842"},{"taxonomy":"product_tag","embeddable":true,"href":"https:\/\/aromasentia.com\/da\/wp-json\/wp\/v2\/product_tag?post=198842"}],"curies":[{"name":"wp","href":"https:\/\/api.w.org\/{rel}","templated":true}]}}