{"id":198807,"date":"2025-03-23T10:30:36","date_gmt":"2025-03-23T10:30:36","guid":{"rendered":"https:\/\/aromasentia.com\/product\/smudge-stick-white-sage-copal-resin-10cm\/"},"modified":"2025-06-22T03:14:37","modified_gmt":"2025-06-22T03:14:37","slug":"smudge-stick-hvid-salvie-og-kopalharpiks-10cm","status":"publish","type":"product","link":"https:\/\/aromasentia.com\/da\/smudge-stick-hvid-salvie-og-kopalharpiks-10cm\/","title":{"rendered":"Smudge Stick &#8211; Hvid Salvie Og Kopalharpiks 10cm"},"content":{"rendered":"<p><strong><span style=\"color: rgb(75, 80, 88);\">Aroma Sentia Smudge Sticks Smudge Stick &#8211;&nbsp;<\/span><\/strong><strong>Copal 10<\/strong><strong>&nbsp;cm&nbsp;<\/strong><span style=\"color: rgb(75, 80, 88);\">kan bruges til at rense auraen, for eksempel f\u00f8r meditation eller b\u00f8n, eller de bruges ofte af kropsarbejdere og terapeuter f\u00f8r behandlinger.<\/span><\/p>\n<p><span style=\"color: rgb(75, 80, 88);\">Smudging har l\u00e6nge v\u00e6ret brugt til at forbinde sig til den spirituelle verden eller forbedre intuitionen. Br\u00e6ndende salvie eller smudge kan l\u00f8fte ens hum\u00f8r, det kan ogs\u00e5 v\u00e6re en god allieret mod stress.<\/span><\/p>\n","protected":false},"excerpt":{"rendered":"<p>Aroma Sentia Smudge Sticks Smudge Stick &#8211;&nbsp;Copal 10&nbsp;cm&nbsp;kan bruges til at rense auraen, for eksempel f\u00f8r meditation eller b\u00f8n, eller de bruges ofte af kropsarbejdere og terapeuter f\u00f8r behandlinger. Smudging har l\u00e6nge v\u00e6ret brugt til at forbinde sig til den spirituelle verden eller forbedre intuitionen. Br\u00e6ndende salvie eller smudge kan l\u00f8fte ens hum\u00f8r, det kan [&hellip;]<\/p>\n","protected":false},"featured_media":405615,"comment_status":"closed","ping_status":"open","template":"","meta":[],"product_brand":[],"product_cat":[25839,26461,5836,25815,26858],"product_tag":[],"class_list":{"0":"post-198807","1":"product","2":"type-product","3":"status-publish","4":"has-post-thumbnail","6":"product_cat-dufte-aromaer","7":"product_cat-hvid-salvie","8":"product_cat-rogelse-og-rogelsesholdere","9":"product_cat-smudge-sticks","10":"product_cat-urte-aromatisk","11":"pa_collection-wrapped-smudge-sticks-da","12":"pa_made-in-mexico","14":"first","15":"instock","16":"purchasable","17":"product-type-simple"},"supplier_id":null,"supplier_sku":"MSage-06","barcode":null,"atum_controlled":true,"out_stock_date":null,"out_stock_threshold":null,"inheritable":false,"inbound_stock":null,"stock_on_hold":0,"sold_today":0,"sales_last_days":0,"reserved_stock":null,"customer_returns":null,"warehouse_damage":null,"lost_in_post":null,"other_logs":null,"out_stock_days":0,"lost_sales":0,"has_location":null,"update_date":"2026-02-11T03:23:37","atum_locations":[],"atum_stock_status":"instock","restock_status":false,"low_stock_amount":"","sales_update_date":"2025-09-03T00:19:29","calc_backorders":null,"_links":{"self":[{"href":"https:\/\/aromasentia.com\/da\/wp-json\/wp\/v2\/product\/198807","targetHints":{"allow":["GET"]}}],"collection":[{"href":"https:\/\/aromasentia.com\/da\/wp-json\/wp\/v2\/product"}],"about":[{"href":"https:\/\/aromasentia.com\/da\/wp-json\/wp\/v2\/types\/product"}],"replies":[{"embeddable":true,"href":"https:\/\/aromasentia.com\/da\/wp-json\/wp\/v2\/comments?post=198807"}],"version-history":[{"count":0,"href":"https:\/\/aromasentia.com\/da\/wp-json\/wp\/v2\/product\/198807\/revisions"}],"wp:featuredmedia":[{"embeddable":true,"href":"https:\/\/aromasentia.com\/da\/wp-json\/wp\/v2\/media\/405615"}],"wp:attachment":[{"href":"https:\/\/aromasentia.com\/da\/wp-json\/wp\/v2\/media?parent=198807"}],"wp:term":[{"taxonomy":"product_brand","embeddable":true,"href":"https:\/\/aromasentia.com\/da\/wp-json\/wp\/v2\/product_brand?post=198807"},{"taxonomy":"product_cat","embeddable":true,"href":"https:\/\/aromasentia.com\/da\/wp-json\/wp\/v2\/product_cat?post=198807"},{"taxonomy":"product_tag","embeddable":true,"href":"https:\/\/aromasentia.com\/da\/wp-json\/wp\/v2\/product_tag?post=198807"}],"curies":[{"name":"wp","href":"https:\/\/api.w.org\/{rel}","templated":true}]}}