{"id":198784,"date":"2025-03-23T10:30:36","date_gmt":"2025-03-23T10:30:36","guid":{"rendered":"https:\/\/aromasentia.com\/product\/large-incense-tray-30x10cm-classic-whitewash\/"},"modified":"2025-06-22T03:14:25","modified_gmt":"2025-06-22T03:14:25","slug":"stor-roegelsesbakke-30x10cm-classic-whitewash","status":"publish","type":"product","link":"https:\/\/aromasentia.com\/da\/stor-roegelsesbakke-30x10cm-classic-whitewash\/","title":{"rendered":"Stor R\u00f8gelsesbakke 30X10cm &#8211; Classic Whitewash"},"content":{"rendered":"<p>Udstil din r\u00f8gelse med stil med denne store r\u00f8gelsesbakke i en klassisk hvidkalket finish. Bakken m\u00e5ler 30&#215;10 cm og giver rigelig plads til afbr\u00e6nding af flere r\u00f8gelsespinde eller -kegler, samtidig med at den tilf\u00f8jer et strejf af rustik elegance til din indretning.<\/p>\n","protected":false},"excerpt":{"rendered":"<p>Udstil din r\u00f8gelse med stil med denne store r\u00f8gelsesbakke i en klassisk hvidkalket finish. Bakken m\u00e5ler 30&#215;10 cm og giver rigelig plads til afbr\u00e6nding af flere r\u00f8gelsespinde eller -kegler, samtidig med at den tilf\u00f8jer et strejf af rustik elegance til din indretning.<\/p>\n","protected":false},"featured_media":404936,"comment_status":"closed","ping_status":"open","template":"","meta":[],"product_brand":[],"product_cat":[5836,5840,5837],"product_tag":[],"class_list":{"0":"post-198784","1":"product","2":"type-product","3":"status-publish","4":"has-post-thumbnail","6":"product_cat-rogelse-og-rogelsesholdere","7":"product_cat-rogelsesbraendere","8":"product_cat-rogelsesholdere-og-rogelsesbraendere","9":"pa_collection-wooden-incense-holders-da","10":"pa_made-in-indien","12":"first","13":"instock","14":"purchasable","15":"product-type-simple"},"supplier_id":null,"supplier_sku":"ISH-247","barcode":null,"atum_controlled":true,"out_stock_date":null,"out_stock_threshold":null,"inheritable":false,"inbound_stock":null,"stock_on_hold":0,"sold_today":0,"sales_last_days":0,"reserved_stock":null,"customer_returns":null,"warehouse_damage":null,"lost_in_post":null,"other_logs":null,"out_stock_days":0,"lost_sales":0,"has_location":null,"update_date":"2026-01-30T08:27:07","atum_locations":[],"atum_stock_status":"instock","restock_status":false,"low_stock_amount":"","sales_update_date":"2025-09-03T00:19:25","calc_backorders":null,"_links":{"self":[{"href":"https:\/\/aromasentia.com\/da\/wp-json\/wp\/v2\/product\/198784","targetHints":{"allow":["GET"]}}],"collection":[{"href":"https:\/\/aromasentia.com\/da\/wp-json\/wp\/v2\/product"}],"about":[{"href":"https:\/\/aromasentia.com\/da\/wp-json\/wp\/v2\/types\/product"}],"replies":[{"embeddable":true,"href":"https:\/\/aromasentia.com\/da\/wp-json\/wp\/v2\/comments?post=198784"}],"version-history":[{"count":0,"href":"https:\/\/aromasentia.com\/da\/wp-json\/wp\/v2\/product\/198784\/revisions"}],"wp:featuredmedia":[{"embeddable":true,"href":"https:\/\/aromasentia.com\/da\/wp-json\/wp\/v2\/media\/404936"}],"wp:attachment":[{"href":"https:\/\/aromasentia.com\/da\/wp-json\/wp\/v2\/media?parent=198784"}],"wp:term":[{"taxonomy":"product_brand","embeddable":true,"href":"https:\/\/aromasentia.com\/da\/wp-json\/wp\/v2\/product_brand?post=198784"},{"taxonomy":"product_cat","embeddable":true,"href":"https:\/\/aromasentia.com\/da\/wp-json\/wp\/v2\/product_cat?post=198784"},{"taxonomy":"product_tag","embeddable":true,"href":"https:\/\/aromasentia.com\/da\/wp-json\/wp\/v2\/product_tag?post=198784"}],"curies":[{"name":"wp","href":"https:\/\/api.w.org\/{rel}","templated":true}]}}