{"id":198783,"date":"2025-03-23T10:30:36","date_gmt":"2025-03-23T10:30:36","guid":{"rendered":"https:\/\/aromasentia.com\/product\/lrg-ritual-bowl-incense-cone-holder-11x10-cm-om\/"},"modified":"2025-06-22T03:14:25","modified_gmt":"2025-06-22T03:14:25","slug":"stor-ritual-bowl-roegelseskogleholder-11x10cm-om","status":"publish","type":"product","link":"https:\/\/aromasentia.com\/da\/stor-ritual-bowl-roegelseskogleholder-11x10cm-om\/","title":{"rendered":"Stor Ritual Bowl R\u00f8gelseskogleholder 11X10cm &#8211; Om"},"content":{"rendered":"<p>Omfavn den hellige lyd og energi fra Om med denne store rituelle sk\u00e5l til r\u00f8gelseskogler. Sk\u00e5len m\u00e5ler ca. 11&#215;10 cm og giver en symbolsk og opm\u00e6rksom m\u00e5de at br\u00e6nde dine r\u00f8gelseskegler p\u00e5.<\/p>\n","protected":false},"excerpt":{"rendered":"<p>Omfavn den hellige lyd og energi fra Om med denne store rituelle sk\u00e5l til r\u00f8gelseskogler. Sk\u00e5len m\u00e5ler ca. 11&#215;10 cm og giver en symbolsk og opm\u00e6rksom m\u00e5de at br\u00e6nde dine r\u00f8gelseskegler p\u00e5.<\/p>\n","protected":false},"featured_media":404895,"comment_status":"closed","ping_status":"open","template":"","meta":[],"product_brand":[],"product_cat":[5836,5840,5837],"product_tag":[],"class_list":{"0":"post-198783","1":"product","2":"type-product","3":"status-publish","4":"has-post-thumbnail","6":"product_cat-rogelse-og-rogelsesholdere","7":"product_cat-rogelsesbraendere","8":"product_cat-rogelsesholdere-og-rogelsesbraendere","9":"pa_collection-wooden-incense-holders-da","10":"pa_made-in-indien","12":"first","13":"instock","14":"purchasable","15":"product-type-simple"},"supplier_id":null,"supplier_sku":"ISH-246","barcode":null,"atum_controlled":true,"out_stock_date":null,"out_stock_threshold":null,"inheritable":false,"inbound_stock":null,"stock_on_hold":0,"sold_today":0,"sales_last_days":0,"reserved_stock":null,"customer_returns":null,"warehouse_damage":null,"lost_in_post":null,"other_logs":null,"out_stock_days":0,"lost_sales":0,"has_location":null,"update_date":"2026-02-10T02:20:35","atum_locations":[],"atum_stock_status":"instock","restock_status":false,"low_stock_amount":"","sales_update_date":"2026-02-06T00:02:33","calc_backorders":null,"_links":{"self":[{"href":"https:\/\/aromasentia.com\/da\/wp-json\/wp\/v2\/product\/198783","targetHints":{"allow":["GET"]}}],"collection":[{"href":"https:\/\/aromasentia.com\/da\/wp-json\/wp\/v2\/product"}],"about":[{"href":"https:\/\/aromasentia.com\/da\/wp-json\/wp\/v2\/types\/product"}],"replies":[{"embeddable":true,"href":"https:\/\/aromasentia.com\/da\/wp-json\/wp\/v2\/comments?post=198783"}],"version-history":[{"count":0,"href":"https:\/\/aromasentia.com\/da\/wp-json\/wp\/v2\/product\/198783\/revisions"}],"wp:featuredmedia":[{"embeddable":true,"href":"https:\/\/aromasentia.com\/da\/wp-json\/wp\/v2\/media\/404895"}],"wp:attachment":[{"href":"https:\/\/aromasentia.com\/da\/wp-json\/wp\/v2\/media?parent=198783"}],"wp:term":[{"taxonomy":"product_brand","embeddable":true,"href":"https:\/\/aromasentia.com\/da\/wp-json\/wp\/v2\/product_brand?post=198783"},{"taxonomy":"product_cat","embeddable":true,"href":"https:\/\/aromasentia.com\/da\/wp-json\/wp\/v2\/product_cat?post=198783"},{"taxonomy":"product_tag","embeddable":true,"href":"https:\/\/aromasentia.com\/da\/wp-json\/wp\/v2\/product_tag?post=198783"}],"curies":[{"name":"wp","href":"https:\/\/api.w.org\/{rel}","templated":true}]}}