{"id":198773,"date":"2025-03-23T10:30:36","date_gmt":"2025-03-23T10:30:36","guid":{"rendered":"https:\/\/aromasentia.com\/product\/engraved-and-brass-zodiac-sign-incense-burners-sun\/"},"modified":"2025-06-22T03:14:18","modified_gmt":"2025-06-22T03:14:18","slug":"roegelsesbraendere-med-indgraverede-stjernetegn-i-messing-sun","status":"publish","type":"product","link":"https:\/\/aromasentia.com\/da\/roegelsesbraendere-med-indgraverede-stjernetegn-i-messing-sun\/","title":{"rendered":"R\u00f8gelsesbr\u00e6ndere med Indgraverede Stjernetegn I Messing &#8211; Sun"},"content":{"rendered":"<p><span style=\"color: rgb(75, 80, 88);\">Vi pr\u00e6senterer vores betagende <strong>S\u00e6t med 12 indgraverede stjernetegnsr\u00f8gelsesbr\u00e6ndere i messing<\/strong> &#8211; Solen, en karakteristisk kollektion, der problemfrit blander kunstnerisk h\u00e5ndv\u00e6rk med den astrologiske symboliks charme. Hver br\u00e6nder er dygtigt formet som en str\u00e5lende sol med fint detaljerede stjernetegn og udsmykket med et skinnende lag messing.<\/span><\/p>\n<p><span style=\"color: rgb(75, 80, 88);\">Dette unikke s\u00e6t er fremstillet til at appellere til astrologientusiaster og giver en h\u00e5ndgribelig og visuelt sl\u00e5ende m\u00e5de at forbinde sig med deres stjernetegn. Det solformede design giver et strejf af himmelsk elegance, der symboliserer den str\u00e5lende energi, der er forbundet med stjernetegn, mens de omhyggelige graveringer understreger vores dedikation til kvalitet og pr\u00e6cision.<\/span><\/p>\n<p><span style=\"color: rgb(75, 80, 88);\">Smedet af f\u00f8rsteklasses materialer fungerer disse br\u00e6ndere ikke kun som funktionelle genstande, men ogs\u00e5 som uds\u00f8gte kunstv\u00e6rker. Messingudsmykningen introducerer et lag af sofistikering og skaber et harmonisk samspil mellem den solformede base og det indviklede indgraverede stjernetegn.<\/span><\/p>\n<p><span style=\"color: rgb(75, 80, 88);\">Pr\u00e6senterer s\u00e6ttet med 12 indgraverede og messing stjernetegnsr\u00f8gelsesbr\u00e6ndere &#8211; Sun tilbyder dine kunder et unikt og personligt valg for astrologientusiaster.<\/span><\/p>\n<p><span style=\"color: rgb(75, 80, 88);\">Dette s\u00e6t er perfekt til dem, der s\u00f8ger meningsfulde og dekorative genstande, der resonerer med deres astrologiske identitet.<\/span><\/p>\n<p><span style=\"color: rgb(75, 80, 88);\"><strong>S\u00e6lges som en enhed p\u00e5 tolv.<\/strong><\/span><\/p>\n","protected":false},"excerpt":{"rendered":"<p>Vi pr\u00e6senterer vores betagende S\u00e6t med 12 indgraverede stjernetegnsr\u00f8gelsesbr\u00e6ndere i messing &#8211; Solen, en karakteristisk kollektion, der problemfrit blander kunstnerisk h\u00e5ndv\u00e6rk med den astrologiske symboliks charme. Hver br\u00e6nder er dygtigt formet som en str\u00e5lende sol med fint detaljerede stjernetegn og udsmykket med et skinnende lag messing. Dette unikke s\u00e6t er fremstillet til at appellere til [&hellip;]<\/p>\n","protected":false},"featured_media":404349,"comment_status":"closed","ping_status":"open","template":"","meta":{"_angie_page":false},"product_brand":[],"product_cat":[5836,5840,5837],"product_tag":[],"class_list":{"0":"post-198773","1":"product","2":"type-product","3":"status-publish","4":"has-post-thumbnail","6":"product_cat-rogelse-og-rogelsesholdere","7":"product_cat-rogelsesbraendere","8":"product_cat-rogelsesholdere-og-rogelsesbraendere","9":"pa_collection-wooden-incense-holders-da","10":"pa_made-in-indien","12":"first","13":"instock","14":"purchasable","15":"product-type-simple"},"supplier_id":null,"supplier_sku":"ISH-236M","barcode":null,"atum_controlled":true,"out_stock_date":null,"out_stock_threshold":null,"inheritable":false,"inbound_stock":null,"stock_on_hold":0,"sold_today":0,"sales_last_days":0,"reserved_stock":null,"customer_returns":null,"warehouse_damage":null,"lost_in_post":null,"other_logs":null,"out_stock_days":0,"lost_sales":0,"has_location":null,"update_date":"2026-04-27T07:09:33","atum_locations":[],"atum_stock_status":"instock","restock_status":false,"low_stock_amount":"","sales_update_date":"2026-01-30T01:26:26","calc_backorders":null,"_links":{"self":[{"href":"https:\/\/aromasentia.com\/da\/wp-json\/wp\/v2\/product\/198773","targetHints":{"allow":["GET"]}}],"collection":[{"href":"https:\/\/aromasentia.com\/da\/wp-json\/wp\/v2\/product"}],"about":[{"href":"https:\/\/aromasentia.com\/da\/wp-json\/wp\/v2\/types\/product"}],"replies":[{"embeddable":true,"href":"https:\/\/aromasentia.com\/da\/wp-json\/wp\/v2\/comments?post=198773"}],"version-history":[{"count":0,"href":"https:\/\/aromasentia.com\/da\/wp-json\/wp\/v2\/product\/198773\/revisions"}],"wp:featuredmedia":[{"embeddable":true,"href":"https:\/\/aromasentia.com\/da\/wp-json\/wp\/v2\/media\/404349"}],"wp:attachment":[{"href":"https:\/\/aromasentia.com\/da\/wp-json\/wp\/v2\/media?parent=198773"}],"wp:term":[{"taxonomy":"product_brand","embeddable":true,"href":"https:\/\/aromasentia.com\/da\/wp-json\/wp\/v2\/product_brand?post=198773"},{"taxonomy":"product_cat","embeddable":true,"href":"https:\/\/aromasentia.com\/da\/wp-json\/wp\/v2\/product_cat?post=198773"},{"taxonomy":"product_tag","embeddable":true,"href":"https:\/\/aromasentia.com\/da\/wp-json\/wp\/v2\/product_tag?post=198773"}],"curies":[{"name":"wp","href":"https:\/\/api.w.org\/{rel}","templated":true}]}}