{"id":198772,"date":"2025-03-23T10:30:36","date_gmt":"2025-03-23T10:30:36","guid":{"rendered":"https:\/\/aromasentia.com\/product\/engraved-and-brass-zodiac-sign-incense-burners-moon\/"},"modified":"2025-06-22T03:14:17","modified_gmt":"2025-06-22T03:14:17","slug":"roegelsesbraendere-med-indgraverede-stjernetegn-i-messing-moon","status":"publish","type":"product","link":"https:\/\/aromasentia.com\/da\/roegelsesbraendere-med-indgraverede-stjernetegn-i-messing-moon\/","title":{"rendered":"R\u00f8gelsesbr\u00e6ndere med Indgraverede Stjernetegn I Messing &#8211; moon"},"content":{"rendered":"<p><span style=\"color: rgb(75, 80, 88);\">Vi pr\u00e6senterer vores fascinerende <strong>S\u00e6t med 12 indgraverede og<\/strong><strong>messing stjernetegnsr\u00f8gelsesbr\u00e6ndere &#8211; M\u00e5ne<\/strong>, en karakteristisk kollektion, der problemfrit forener kunstnerisk h\u00e5ndv\u00e6rk med astrologisk symboliks charme.<\/span><\/p>\n<p><span style=\"color: rgb(75, 80, 88);\">Hver br\u00e6nder er ekspertformet som en str\u00e5lende m\u00e5ne med fint detaljerede stjernetegn og udsmykket med et lysende lag messing.<\/span><\/p>\n<p><span style=\"color: rgb(75, 80, 88);\">Dette s\u00e6t er designet til at appellere til astrologientusiaster og tilbyder en h\u00e5ndgribelig og visuelt sl\u00e5ende m\u00e5de at f\u00e5 kontakt med deres stjernetegn. Det m\u00e5neformede design giver en f\u00f8lelse af himmelsk ynde og symboliserer den kosmiske energi, der er forbundet med stjernetegnene, mens de detaljerede graveringer understreger vores engagement i kvalitet og pr\u00e6cision.<\/span><\/p>\n<p><span style=\"color: rgb(75, 80, 88);\">Disse br\u00e6ndere fungerer som b\u00e5de et funktionelt stykke og et uds\u00f8gt kunstv\u00e6rk. Messingudsmykningen introducerer et lag af sofistikering og skaber et problemfrit samspil mellem den m\u00e5neformede base og det indviklede indgraverede stjernetegn.<\/span><\/p>\n<p><span style=\"color: rgb(75, 80, 88);\">S\u00e6ttet med 12 indgraverede stjernetegnsr\u00f8gelsesbr\u00e6ndere i messing &#8211; Moon giver dine kunder en unik og personlig mulighed for astrologientusiaster.<\/span><\/p>\n<p><span style=\"color: rgb(75, 80, 88);\">Perfekt til dem, der s\u00f8ger meningsfulde og dekorative genstande, der resonerer med deres astrologiske identitet.<\/span><\/p>\n<p><span style=\"color: rgb(75, 80, 88);\"><strong>S\u00e6lges som en enhed p\u00e5 tolv.<\/strong>&nbsp;<\/span><\/p>\n","protected":false},"excerpt":{"rendered":"<p>Vi pr\u00e6senterer vores fascinerende S\u00e6t med 12 indgraverede ogmessing stjernetegnsr\u00f8gelsesbr\u00e6ndere &#8211; M\u00e5ne, en karakteristisk kollektion, der problemfrit forener kunstnerisk h\u00e5ndv\u00e6rk med astrologisk symboliks charme. Hver br\u00e6nder er ekspertformet som en str\u00e5lende m\u00e5ne med fint detaljerede stjernetegn og udsmykket med et lysende lag messing. Dette s\u00e6t er designet til at appellere til astrologientusiaster og tilbyder en [&hellip;]<\/p>\n","protected":false},"featured_media":404212,"comment_status":"closed","ping_status":"open","template":"","meta":[],"product_brand":[],"product_cat":[5836,5840,5837],"product_tag":[],"class_list":{"0":"post-198772","1":"product","2":"type-product","3":"status-publish","4":"has-post-thumbnail","6":"product_cat-rogelse-og-rogelsesholdere","7":"product_cat-rogelsesbraendere","8":"product_cat-rogelsesholdere-og-rogelsesbraendere","9":"pa_collection-wooden-incense-holders-da","10":"pa_made-in-indien","12":"first","13":"instock","14":"purchasable","15":"product-type-simple"},"supplier_id":null,"supplier_sku":"ISH-235M","barcode":null,"atum_controlled":true,"out_stock_date":null,"out_stock_threshold":null,"inheritable":false,"inbound_stock":null,"stock_on_hold":0,"sold_today":0,"sales_last_days":0,"reserved_stock":null,"customer_returns":null,"warehouse_damage":null,"lost_in_post":null,"other_logs":null,"out_stock_days":0,"lost_sales":0,"has_location":null,"update_date":"2026-01-30T01:24:37","atum_locations":[],"atum_stock_status":"instock","restock_status":false,"low_stock_amount":"","sales_update_date":"2026-01-30T01:24:37","calc_backorders":null,"_links":{"self":[{"href":"https:\/\/aromasentia.com\/da\/wp-json\/wp\/v2\/product\/198772","targetHints":{"allow":["GET"]}}],"collection":[{"href":"https:\/\/aromasentia.com\/da\/wp-json\/wp\/v2\/product"}],"about":[{"href":"https:\/\/aromasentia.com\/da\/wp-json\/wp\/v2\/types\/product"}],"replies":[{"embeddable":true,"href":"https:\/\/aromasentia.com\/da\/wp-json\/wp\/v2\/comments?post=198772"}],"version-history":[{"count":0,"href":"https:\/\/aromasentia.com\/da\/wp-json\/wp\/v2\/product\/198772\/revisions"}],"wp:featuredmedia":[{"embeddable":true,"href":"https:\/\/aromasentia.com\/da\/wp-json\/wp\/v2\/media\/404212"}],"wp:attachment":[{"href":"https:\/\/aromasentia.com\/da\/wp-json\/wp\/v2\/media?parent=198772"}],"wp:term":[{"taxonomy":"product_brand","embeddable":true,"href":"https:\/\/aromasentia.com\/da\/wp-json\/wp\/v2\/product_brand?post=198772"},{"taxonomy":"product_cat","embeddable":true,"href":"https:\/\/aromasentia.com\/da\/wp-json\/wp\/v2\/product_cat?post=198772"},{"taxonomy":"product_tag","embeddable":true,"href":"https:\/\/aromasentia.com\/da\/wp-json\/wp\/v2\/product_tag?post=198772"}],"curies":[{"name":"wp","href":"https:\/\/api.w.org\/{rel}","templated":true}]}}