{"id":198765,"date":"2025-03-23T10:30:36","date_gmt":"2025-03-23T10:30:36","guid":{"rendered":"https:\/\/aromasentia.com\/product\/chakra-ashcatchers-7-designs\/"},"modified":"2025-06-22T03:14:15","modified_gmt":"2025-06-22T03:14:15","slug":"chakra-askefangere-7-designs","status":"publish","type":"product","link":"https:\/\/aromasentia.com\/da\/chakra-askefangere-7-designs\/","title":{"rendered":"Chakra-Askefangere &#8211; 7 Designs"},"content":{"rendered":"<p><span style=\"color: rgb(75, 80, 88);\">Assorterede farver og designs Askeopsamlere, r\u00f8gelsesholdere. Importeret fra Indien. Vi samarbejder med en r\u00e6kke virksomheder, der alle producerer tr\u00e6varer i byen Saharanpur i det nordlige Indien. Dette omr\u00e5de af Indien har stadig betydelige infrastrukturproblemer, elektriciteten er uregelm\u00e6ssig, transporten og vejene er d\u00e5rlige. Som f\u00f8lge heraf er forsyningerne s\u00e6rligt ustabile. Regionen har dog en stolt h\u00e5ndv\u00e6rksm\u00e6ssig historie med at producere smukt tr\u00e6t\u00f8j, og vi er stolte af at st\u00f8tte denne industri ved at importere adskillige beholdere om \u00e5ret med engros-tr\u00e6t\u00f8j, hvoraf en favorit er r\u00f8gelsesholdere i s\u00e5 mange former.<\/span><\/p>\n<p><span style=\"color: rgb(75, 80, 88);\"><strong>&nbsp;<\/strong><\/span><\/p>\n<p><strong><span style=\"color: rgb(75, 80, 88);\">* s\u00e6lges i enkeltstykker.<\/span><\/strong><\/p>\n<p><span style=\"color: rgb(75, 80, 88);\"><strong>*For assorterede designs bedes du angive ved kassen, hvilket design du foretr\u00e6kker.<\/strong><\/span><\/p>\n","protected":false},"excerpt":{"rendered":"<p>Assorterede farver og designs Askeopsamlere, r\u00f8gelsesholdere. Importeret fra Indien. Vi samarbejder med en r\u00e6kke virksomheder, der alle producerer tr\u00e6varer i byen Saharanpur i det nordlige Indien. Dette omr\u00e5de af Indien har stadig betydelige infrastrukturproblemer, elektriciteten er uregelm\u00e6ssig, transporten og vejene er d\u00e5rlige. Som f\u00f8lge heraf er forsyningerne s\u00e6rligt ustabile. Regionen har dog en stolt h\u00e5ndv\u00e6rksm\u00e6ssig [&hellip;]<\/p>\n","protected":false},"featured_media":403893,"comment_status":"closed","ping_status":"open","template":"","meta":{"_angie_page":false},"product_brand":[],"product_cat":[5836,5840,5837],"product_tag":[],"class_list":{"0":"post-198765","1":"product","2":"type-product","3":"status-publish","4":"has-post-thumbnail","6":"product_cat-rogelse-og-rogelsesholdere","7":"product_cat-rogelsesbraendere","8":"product_cat-rogelsesholdere-og-rogelsesbraendere","9":"pa_collection-wooden-incense-holders-da","10":"pa_made-in-indien","12":"first","13":"instock","14":"purchasable","15":"product-type-simple"},"supplier_id":null,"supplier_sku":"ISH-218M","barcode":null,"atum_controlled":true,"out_stock_date":null,"out_stock_threshold":null,"inheritable":false,"inbound_stock":null,"stock_on_hold":0,"sold_today":0,"sales_last_days":0,"reserved_stock":null,"customer_returns":null,"warehouse_damage":null,"lost_in_post":null,"other_logs":null,"out_stock_days":0,"lost_sales":0,"has_location":null,"update_date":"2026-04-27T07:09:33","atum_locations":[],"atum_stock_status":"instock","restock_status":false,"low_stock_amount":"","sales_update_date":"2025-09-03T00:19:21","calc_backorders":null,"_links":{"self":[{"href":"https:\/\/aromasentia.com\/da\/wp-json\/wp\/v2\/product\/198765","targetHints":{"allow":["GET"]}}],"collection":[{"href":"https:\/\/aromasentia.com\/da\/wp-json\/wp\/v2\/product"}],"about":[{"href":"https:\/\/aromasentia.com\/da\/wp-json\/wp\/v2\/types\/product"}],"replies":[{"embeddable":true,"href":"https:\/\/aromasentia.com\/da\/wp-json\/wp\/v2\/comments?post=198765"}],"version-history":[{"count":0,"href":"https:\/\/aromasentia.com\/da\/wp-json\/wp\/v2\/product\/198765\/revisions"}],"wp:featuredmedia":[{"embeddable":true,"href":"https:\/\/aromasentia.com\/da\/wp-json\/wp\/v2\/media\/403893"}],"wp:attachment":[{"href":"https:\/\/aromasentia.com\/da\/wp-json\/wp\/v2\/media?parent=198765"}],"wp:term":[{"taxonomy":"product_brand","embeddable":true,"href":"https:\/\/aromasentia.com\/da\/wp-json\/wp\/v2\/product_brand?post=198765"},{"taxonomy":"product_cat","embeddable":true,"href":"https:\/\/aromasentia.com\/da\/wp-json\/wp\/v2\/product_cat?post=198765"},{"taxonomy":"product_tag","embeddable":true,"href":"https:\/\/aromasentia.com\/da\/wp-json\/wp\/v2\/product_tag?post=198765"}],"curies":[{"name":"wp","href":"https:\/\/api.w.org\/{rel}","templated":true}]}}