{"id":198761,"date":"2025-03-23T10:30:36","date_gmt":"2025-03-23T10:30:36","guid":{"rendered":"https:\/\/aromasentia.com\/product\/7-chakra-colour-ashcatcher\/"},"modified":"2025-06-22T03:14:11","modified_gmt":"2025-06-22T03:14:11","slug":"7-chakra-farve-askefanger","status":"publish","type":"product","link":"https:\/\/aromasentia.com\/da\/7-chakra-farve-askefanger\/","title":{"rendered":"7 Chakra Farve-Askefanger"},"content":{"rendered":"<p><span style=\"color: rgb(75, 80, 88);\"> 7 Chakra Farve Ashcatcher &#8211; et smukt og funktionelt stykke designet til at l\u00f8fte ethvert rum. Denne askefanger er perfekt til grossister, gavebutikker eller alle, der \u00f8nsker at tilf\u00f8je et strejf af spiritualitet til deres produktudbud.<\/span><\/p>\n<p><span style=\"color: rgb(75, 80, 88);\">7 Chakra Farve Ashcatcher er lavet af materialer af h\u00f8j kvalitet og har et fantastisk chakra-inspireret design. De syv farverige chakra-symboler repr\u00e6senterer forskellige energicentre i kroppen og menes at hj\u00e6lpe med at balancere og justere sind, krop og \u00e5nd.<\/span><\/p>\n<p><span style=\"color: rgb(75, 80, 88);\">Denne askefanger er designet til at opfange aske eller snavs, der m\u00e5tte falde ned fra afbr\u00e6nding af r\u00f8gelse, hvilket g\u00f8r den til et praktisk tilbeh\u00f8r til enhver r\u00f8gelsesbr\u00e6nder. Den hj\u00e6lper med at holde det br\u00e6ndende omr\u00e5de rent og fri for snavs, hvilket skaber en mere behagelig og beroligende oplevelse for brugerne.<\/span><\/p>\n","protected":false},"excerpt":{"rendered":"<p>7 Chakra Farve Ashcatcher &#8211; et smukt og funktionelt stykke designet til at l\u00f8fte ethvert rum. Denne askefanger er perfekt til grossister, gavebutikker eller alle, der \u00f8nsker at tilf\u00f8je et strejf af spiritualitet til deres produktudbud. 7 Chakra Farve Ashcatcher er lavet af materialer af h\u00f8j kvalitet og har et fantastisk chakra-inspireret design. De syv [&hellip;]<\/p>\n","protected":false},"featured_media":403841,"comment_status":"closed","ping_status":"open","template":"","meta":{"_angie_page":false},"product_brand":[],"product_cat":[5836,5840,5837],"product_tag":[],"class_list":{"0":"post-198761","1":"product","2":"type-product","3":"status-publish","4":"has-post-thumbnail","6":"product_cat-rogelse-og-rogelsesholdere","7":"product_cat-rogelsesbraendere","8":"product_cat-rogelsesholdere-og-rogelsesbraendere","9":"pa_collection-wooden-incense-holders-da","10":"pa_made-in-indien","12":"first","13":"instock","14":"purchasable","15":"product-type-simple"},"supplier_id":null,"supplier_sku":"ISH-220M","barcode":null,"atum_controlled":true,"out_stock_date":null,"out_stock_threshold":null,"inheritable":false,"inbound_stock":null,"stock_on_hold":0,"sold_today":0,"sales_last_days":0,"reserved_stock":null,"customer_returns":null,"warehouse_damage":null,"lost_in_post":null,"other_logs":null,"out_stock_days":0,"lost_sales":0,"has_location":null,"update_date":"2026-04-27T07:09:33","atum_locations":[],"atum_stock_status":"instock","restock_status":false,"low_stock_amount":"","sales_update_date":"2026-01-30T01:24:43","calc_backorders":null,"_links":{"self":[{"href":"https:\/\/aromasentia.com\/da\/wp-json\/wp\/v2\/product\/198761","targetHints":{"allow":["GET"]}}],"collection":[{"href":"https:\/\/aromasentia.com\/da\/wp-json\/wp\/v2\/product"}],"about":[{"href":"https:\/\/aromasentia.com\/da\/wp-json\/wp\/v2\/types\/product"}],"replies":[{"embeddable":true,"href":"https:\/\/aromasentia.com\/da\/wp-json\/wp\/v2\/comments?post=198761"}],"version-history":[{"count":0,"href":"https:\/\/aromasentia.com\/da\/wp-json\/wp\/v2\/product\/198761\/revisions"}],"wp:featuredmedia":[{"embeddable":true,"href":"https:\/\/aromasentia.com\/da\/wp-json\/wp\/v2\/media\/403841"}],"wp:attachment":[{"href":"https:\/\/aromasentia.com\/da\/wp-json\/wp\/v2\/media?parent=198761"}],"wp:term":[{"taxonomy":"product_brand","embeddable":true,"href":"https:\/\/aromasentia.com\/da\/wp-json\/wp\/v2\/product_brand?post=198761"},{"taxonomy":"product_cat","embeddable":true,"href":"https:\/\/aromasentia.com\/da\/wp-json\/wp\/v2\/product_cat?post=198761"},{"taxonomy":"product_tag","embeddable":true,"href":"https:\/\/aromasentia.com\/da\/wp-json\/wp\/v2\/product_tag?post=198761"}],"curies":[{"name":"wp","href":"https:\/\/api.w.org\/{rel}","templated":true}]}}