{"id":198756,"date":"2025-03-23T10:30:45","date_gmt":"2025-03-23T10:30:45","guid":{"rendered":"https:\/\/aromasentia.com\/product\/smudge-stick-white-sage-and-pirul-foliage\/"},"modified":"2025-06-22T03:14:09","modified_gmt":"2025-06-22T03:14:09","slug":"smudge-stick-hvid-salvie-og-pirul-loev","status":"publish","type":"product","link":"https:\/\/aromasentia.com\/da\/smudge-stick-hvid-salvie-og-pirul-loev\/","title":{"rendered":"Smudge Stick &#8211; Hvid Salvie Og Pirul-L\u00f8v"},"content":{"rendered":"<p>Vi introducerer vores <strong>Wholesale Smudge Stick<\/strong> lavet af en s\u00e6rlig blanding af <strong>White Sage og Pirul Leafiage<\/strong>. Denne smudge stick er ca. 10 cm lang. Det er et naturligt v\u00e6rkt\u00f8j af h\u00f8j kvalitet til spirituel rensning.<\/p>\n<p><strong><em>Hvid salvie<\/em><\/strong> er blevet brugt i \u00e5rhundreder af oprindelige folk p\u00e5 grund af sine spirituelle og medicinske egenskaber. Dens distinkte og behagelige aroma menes at have kraftige rensende egenskaber, der kan fjerne negativ energi og fremme positiv energi. <strong><em>Pirulblad<\/em><\/strong> er kendt for sine medicinske egenskaber, herunder evnen til at st\u00f8tte immunsystemet og fremme \u00e5ndedr\u00e6tssundheden.<\/p>\n<p>Tilsammen skaber hvid salvie og pirulblad en kraftfuld kombination, der er perfekt til spirituelle ud\u00f8vere, healere og alle, der er interesserede i at bruge naturlige midler til spirituel rensning og udrensning. Brug den til at smudge dig selv, dit hjem eller et hvilket som helst sted, der har brug for lidt ekstra renselse og beskyttelse.<\/p>\n<p>Vores White Sage and Pirul Foliage Smudge Stick er perfekt til alle, der leder efter en unik og kraftfuld smudge stick til at indarbejde i deres spirituelle praksis. Ved regelm\u00e6ssig brug kan du opleve en dybere forbindelse til din spiritualitet, forbedret \u00e5ndedr\u00e6tssundhed og en st\u00f8rre f\u00f8lelse af velv\u00e6re.<\/p>\n","protected":false},"excerpt":{"rendered":"<p>Vi introducerer vores Wholesale Smudge Stick lavet af en s\u00e6rlig blanding af White Sage og Pirul Leafiage. Denne smudge stick er ca. 10 cm lang. Det er et naturligt v\u00e6rkt\u00f8j af h\u00f8j kvalitet til spirituel rensning. Hvid salvie er blevet brugt i \u00e5rhundreder af oprindelige folk p\u00e5 grund af sine spirituelle og medicinske egenskaber. Dens [&hellip;]<\/p>\n","protected":false},"featured_media":406144,"comment_status":"closed","ping_status":"open","template":"","meta":{"_angie_page":false},"product_brand":[],"product_cat":[25839,26461,5836,25815,26858],"product_tag":[],"class_list":{"0":"post-198756","1":"product","2":"type-product","3":"status-publish","4":"has-post-thumbnail","6":"product_cat-dufte-aromaer","7":"product_cat-hvid-salvie","8":"product_cat-rogelse-og-rogelsesholdere","9":"product_cat-smudge-sticks","10":"product_cat-urte-aromatisk","11":"pa_collection-wrapped-smudge-sticks-da","12":"pa_made-in-mexico","14":"first","15":"instock","16":"purchasable","17":"product-type-simple"},"supplier_id":null,"supplier_sku":"MSage-56","barcode":null,"atum_controlled":true,"out_stock_date":null,"out_stock_threshold":null,"inheritable":false,"inbound_stock":null,"stock_on_hold":0,"sold_today":0,"sales_last_days":0,"reserved_stock":null,"customer_returns":null,"warehouse_damage":null,"lost_in_post":null,"other_logs":null,"out_stock_days":0,"lost_sales":0,"has_location":null,"update_date":"2026-04-27T07:13:52","atum_locations":[],"atum_stock_status":"instock","restock_status":false,"low_stock_amount":"","sales_update_date":"2026-01-30T01:24:51","calc_backorders":null,"_links":{"self":[{"href":"https:\/\/aromasentia.com\/da\/wp-json\/wp\/v2\/product\/198756","targetHints":{"allow":["GET"]}}],"collection":[{"href":"https:\/\/aromasentia.com\/da\/wp-json\/wp\/v2\/product"}],"about":[{"href":"https:\/\/aromasentia.com\/da\/wp-json\/wp\/v2\/types\/product"}],"replies":[{"embeddable":true,"href":"https:\/\/aromasentia.com\/da\/wp-json\/wp\/v2\/comments?post=198756"}],"version-history":[{"count":0,"href":"https:\/\/aromasentia.com\/da\/wp-json\/wp\/v2\/product\/198756\/revisions"}],"wp:featuredmedia":[{"embeddable":true,"href":"https:\/\/aromasentia.com\/da\/wp-json\/wp\/v2\/media\/406144"}],"wp:attachment":[{"href":"https:\/\/aromasentia.com\/da\/wp-json\/wp\/v2\/media?parent=198756"}],"wp:term":[{"taxonomy":"product_brand","embeddable":true,"href":"https:\/\/aromasentia.com\/da\/wp-json\/wp\/v2\/product_brand?post=198756"},{"taxonomy":"product_cat","embeddable":true,"href":"https:\/\/aromasentia.com\/da\/wp-json\/wp\/v2\/product_cat?post=198756"},{"taxonomy":"product_tag","embeddable":true,"href":"https:\/\/aromasentia.com\/da\/wp-json\/wp\/v2\/product_tag?post=198756"}],"curies":[{"name":"wp","href":"https:\/\/api.w.org\/{rel}","templated":true}]}}