{"id":198754,"date":"2025-03-23T10:30:45","date_gmt":"2025-03-23T10:30:45","guid":{"rendered":"https:\/\/aromasentia.com\/product\/smudge-stick-white-sage-and-garlic\/"},"modified":"2025-06-22T03:14:08","modified_gmt":"2025-06-22T03:14:08","slug":"smudge-stick-hvid-salvie-og-hvidloeg","status":"publish","type":"product","link":"https:\/\/aromasentia.com\/da\/smudge-stick-hvid-salvie-og-hvidloeg\/","title":{"rendered":"Smudge Stick &#8211; Hvid Salvie Og Hvidl\u00f8g"},"content":{"rendered":"<p>Vi introducerer vores <strong>Wholesale Smudge Stick<\/strong>, der er lavet af en unik kombination af <strong>hvid salvie og hvidl\u00f8g<\/strong>. Denne smudge stick er ca. 10 cm lang. Det er et naturligt v\u00e6rkt\u00f8j af h\u00f8j kvalitet til spirituel rensning.<\/p>\n<p><strong><em>Hvid salvie<\/em><\/strong> er blevet brugt i \u00e5rhundreder af oprindelige folk p\u00e5 grund af sine spirituelle og medicinske egenskaber. Dens distinkte og behagelige aroma menes at have st\u00e6rke rensende egenskaber, der kan fjerne negativ energi og fremme positiv energi. <strong><em>Hvidl\u00f8g<\/em><\/strong> er kendt for sine st\u00e6rke antibakterielle og antivirale egenskaber samt sin evne til at afv\u00e6rge negativ energi og onde \u00e5nder.<\/p>\n<p>Tilsammen skaber hvid salvie og hvidl\u00f8g en kraftfuld kombination, der er perfekt til spirituelle ud\u00f8vere, healere og alle, der er interesserede i at bruge naturlige midler til spirituel rensning og udrensning. Brug den til at smudge dig selv, dit hjem eller ethvert sted, der har brug for lidt ekstra renselse og beskyttelse.<\/p>\n<p>Vores White Sage and Garlic Smudge Stick er perfekt til alle, der leder efter en unik og kraftfuld smudge stick, som de kan indarbejde i deres spirituelle praksis. Ved regelm\u00e6ssig brug kan du opleve en dybere forbindelse til din spiritualitet og en st\u00f8rre f\u00f8lelse af beskyttelse og velbefindende.<\/p>\n","protected":false},"excerpt":{"rendered":"<p>Vi introducerer vores Wholesale Smudge Stick, der er lavet af en unik kombination af hvid salvie og hvidl\u00f8g. Denne smudge stick er ca. 10 cm lang. Det er et naturligt v\u00e6rkt\u00f8j af h\u00f8j kvalitet til spirituel rensning. Hvid salvie er blevet brugt i \u00e5rhundreder af oprindelige folk p\u00e5 grund af sine spirituelle og medicinske egenskaber. [&hellip;]<\/p>\n","protected":false},"featured_media":406110,"comment_status":"closed","ping_status":"open","template":"","meta":{"_angie_page":false},"product_brand":[],"product_cat":[25839,26461,5836,25815,26858],"product_tag":[],"class_list":{"0":"post-198754","1":"product","2":"type-product","3":"status-publish","4":"has-post-thumbnail","6":"product_cat-dufte-aromaer","7":"product_cat-hvid-salvie","8":"product_cat-rogelse-og-rogelsesholdere","9":"product_cat-smudge-sticks","10":"product_cat-urte-aromatisk","11":"pa_collection-wrapped-smudge-sticks-da","12":"pa_made-in-mexico","14":"first","15":"instock","16":"purchasable","17":"product-type-simple"},"supplier_id":null,"supplier_sku":"MSage-54","barcode":null,"atum_controlled":true,"out_stock_date":null,"out_stock_threshold":null,"inheritable":false,"inbound_stock":null,"stock_on_hold":0,"sold_today":0,"sales_last_days":0,"reserved_stock":null,"customer_returns":null,"warehouse_damage":null,"lost_in_post":null,"other_logs":null,"out_stock_days":0,"lost_sales":0,"has_location":null,"update_date":"2026-04-27T07:13:52","atum_locations":[],"atum_stock_status":"instock","restock_status":false,"low_stock_amount":"","sales_update_date":"2026-01-30T01:26:08","calc_backorders":null,"_links":{"self":[{"href":"https:\/\/aromasentia.com\/da\/wp-json\/wp\/v2\/product\/198754","targetHints":{"allow":["GET"]}}],"collection":[{"href":"https:\/\/aromasentia.com\/da\/wp-json\/wp\/v2\/product"}],"about":[{"href":"https:\/\/aromasentia.com\/da\/wp-json\/wp\/v2\/types\/product"}],"replies":[{"embeddable":true,"href":"https:\/\/aromasentia.com\/da\/wp-json\/wp\/v2\/comments?post=198754"}],"version-history":[{"count":0,"href":"https:\/\/aromasentia.com\/da\/wp-json\/wp\/v2\/product\/198754\/revisions"}],"wp:featuredmedia":[{"embeddable":true,"href":"https:\/\/aromasentia.com\/da\/wp-json\/wp\/v2\/media\/406110"}],"wp:attachment":[{"href":"https:\/\/aromasentia.com\/da\/wp-json\/wp\/v2\/media?parent=198754"}],"wp:term":[{"taxonomy":"product_brand","embeddable":true,"href":"https:\/\/aromasentia.com\/da\/wp-json\/wp\/v2\/product_brand?post=198754"},{"taxonomy":"product_cat","embeddable":true,"href":"https:\/\/aromasentia.com\/da\/wp-json\/wp\/v2\/product_cat?post=198754"},{"taxonomy":"product_tag","embeddable":true,"href":"https:\/\/aromasentia.com\/da\/wp-json\/wp\/v2\/product_tag?post=198754"}],"curies":[{"name":"wp","href":"https:\/\/api.w.org\/{rel}","templated":true}]}}