{"id":198751,"date":"2025-03-23T10:30:45","date_gmt":"2025-03-23T10:30:45","guid":{"rendered":"https:\/\/aromasentia.com\/product\/smudge-stick-white-sage-and-7-corn-leaves\/"},"modified":"2025-06-22T03:14:07","modified_gmt":"2025-06-22T03:14:07","slug":"smudge-stick-hvid-salvie-og-7-majsblade","status":"publish","type":"product","link":"https:\/\/aromasentia.com\/da\/smudge-stick-hvid-salvie-og-7-majsblade\/","title":{"rendered":"Smudge Stick &#8211; Hvid Salvie Og 7 majsblade"},"content":{"rendered":"<p>Vi introducerer vores <strong>Wholesale Smudge Stick<\/strong> lavet af en blanding af <strong>White Sage og 7 Corn Leaves<\/strong>, en kraftfuld kombination, der er perfekt til spirituel rensning og udrensning. Denne smudge stick er ca. 10 cm lang.<\/p>\n<p><strong><em>Hvid salvie&nbsp;<\/em><\/strong> er blevet brugt i \u00e5rhundreder af oprindelige folk p\u00e5 grund af sine spirituelle og medicinske egenskaber. Dens distinkte og behagelige aroma menes at have kraftige rensende egenskaber, der kan fjerne negativ energi og fremme positiv energi. <strong><em>De 7 kornblade<\/em><\/strong>, ogs\u00e5 kendt som &quot;de syv retningers hellige plante,&quot; bruges traditionelt af oprindelige folk i Nordamerika for deres spirituelle betydning og evne til at fremme balance og harmoni.<\/p>\n<p>Vores White Sage and 7 Corn Leaves Smudge Stick er perfekt til spirituelle behandlere, healere og alle, der er interesserede i at bruge naturlige midler til spirituel rensning og udrensning. Brug den til at smudge dig selv, dit hjem eller ethvert andet sted, der har brug for lidt ekstra renselse og balance.<\/p>\n<p>Samlet set er vores Wholesale Smudge Stick lavet af hvid salvie og 7 kornblade et naturligt v\u00e6rkt\u00f8j af h\u00f8j kvalitet, der kan hj\u00e6lpe dig med at fremme \u00e5ndeligt velv\u00e6re og balance. Dens unikke aroma og kraftfulde egenskaber g\u00f8r den til et fremragende valg for alle, der \u00f8nsker at indarbejde naturlige midler i deres spirituelle praksis. Ved regelm\u00e6ssig brug kan du opleve en dybere forbindelse til din spiritualitet <\/p>\n<p>.<\/p>\n","protected":false},"excerpt":{"rendered":"<p>Vi introducerer vores Wholesale Smudge Stick lavet af en blanding af White Sage og 7 Corn Leaves, en kraftfuld kombination, der er perfekt til spirituel rensning og udrensning. Denne smudge stick er ca. 10 cm lang. Hvid salvie&nbsp; er blevet brugt i \u00e5rhundreder af oprindelige folk p\u00e5 grund af sine spirituelle og medicinske egenskaber. Dens [&hellip;]<\/p>\n","protected":false},"featured_media":406059,"comment_status":"closed","ping_status":"open","template":"","meta":{"_angie_page":false},"product_brand":[],"product_cat":[25839,26461,5836,25815,26858],"product_tag":[],"class_list":{"0":"post-198751","1":"product","2":"type-product","3":"status-publish","4":"has-post-thumbnail","6":"product_cat-dufte-aromaer","7":"product_cat-hvid-salvie","8":"product_cat-rogelse-og-rogelsesholdere","9":"product_cat-smudge-sticks","10":"product_cat-urte-aromatisk","11":"pa_collection-wrapped-smudge-sticks-da","12":"pa_made-in-mexico","14":"first","15":"instock","16":"purchasable","17":"product-type-simple"},"supplier_id":null,"supplier_sku":"MSage-51","barcode":null,"atum_controlled":true,"out_stock_date":null,"out_stock_threshold":null,"inheritable":false,"inbound_stock":null,"stock_on_hold":0,"sold_today":0,"sales_last_days":0,"reserved_stock":null,"customer_returns":null,"warehouse_damage":null,"lost_in_post":null,"other_logs":null,"out_stock_days":0,"lost_sales":0,"has_location":null,"update_date":"2026-04-27T07:13:52","atum_locations":[],"atum_stock_status":"instock","restock_status":false,"low_stock_amount":"","sales_update_date":"2026-01-30T01:24:47","calc_backorders":null,"_links":{"self":[{"href":"https:\/\/aromasentia.com\/da\/wp-json\/wp\/v2\/product\/198751","targetHints":{"allow":["GET"]}}],"collection":[{"href":"https:\/\/aromasentia.com\/da\/wp-json\/wp\/v2\/product"}],"about":[{"href":"https:\/\/aromasentia.com\/da\/wp-json\/wp\/v2\/types\/product"}],"replies":[{"embeddable":true,"href":"https:\/\/aromasentia.com\/da\/wp-json\/wp\/v2\/comments?post=198751"}],"version-history":[{"count":0,"href":"https:\/\/aromasentia.com\/da\/wp-json\/wp\/v2\/product\/198751\/revisions"}],"wp:featuredmedia":[{"embeddable":true,"href":"https:\/\/aromasentia.com\/da\/wp-json\/wp\/v2\/media\/406059"}],"wp:attachment":[{"href":"https:\/\/aromasentia.com\/da\/wp-json\/wp\/v2\/media?parent=198751"}],"wp:term":[{"taxonomy":"product_brand","embeddable":true,"href":"https:\/\/aromasentia.com\/da\/wp-json\/wp\/v2\/product_brand?post=198751"},{"taxonomy":"product_cat","embeddable":true,"href":"https:\/\/aromasentia.com\/da\/wp-json\/wp\/v2\/product_cat?post=198751"},{"taxonomy":"product_tag","embeddable":true,"href":"https:\/\/aromasentia.com\/da\/wp-json\/wp\/v2\/product_tag?post=198751"}],"curies":[{"name":"wp","href":"https:\/\/api.w.org\/{rel}","templated":true}]}}