{"id":198747,"date":"2025-03-23T10:30:45","date_gmt":"2025-03-23T10:30:45","guid":{"rendered":"https:\/\/aromasentia.com\/product\/smudge-stick-serene-aura-10cm\/"},"modified":"2025-06-22T03:14:06","modified_gmt":"2025-06-22T03:14:06","slug":"smudge-stick-serene-aura-10cm","status":"publish","type":"product","link":"https:\/\/aromasentia.com\/da\/smudge-stick-serene-aura-10cm\/","title":{"rendered":"Smudge Stick &#8211; Serene Aura 10cm"},"content":{"rendered":"<p style=\"text-align: justify;\"><strong><span style=\"color: rgb(75, 80, 88);\">Smudge Stick &#8211; Serene Aura 10cm<\/span><\/strong><span style=\"color: rgb(75, 80, 88);\">importeres direkte fra Mexico. Individuelt h\u00e5ndrullede og h\u00e5ndindpakket i hobbypapir.<\/span><\/p>\n<p style=\"text-align: justify;\"><span style=\"color: rgb(75, 80, 88);\">Smudge Sticks<strong>&nbsp;<\/strong>kan bruges til at rense auraen, for eksempel f\u00f8r meditation eller b\u00f8n, eller de bruges ofte af kropsarbejdere og terapeuter f\u00f8r behandlinger.<\/span><\/p>\n<p style=\"text-align: justify;\"><span style=\"color: rgb(75, 80, 88);\">Smudging har l\u00e6nge v\u00e6ret brugt til at forbinde sig til den spirituelle verden eller forbedre intuitionen.<\/span><\/p>\n<p style=\"text-align: justify;\"><span style=\"color: rgb(75, 80, 88);\">Br\u00e6ndende salvie eller smudge kan l\u00f8fte ens hum\u00f8r og kan ogs\u00e5 v\u00e6re en god allieret mod stress. Praksissen med at br\u00e6nde smudging er ret simpel: en muslingeskal eller sk\u00e5l af keramik, lersk\u00e5le eller glas til at holde br\u00e6ndende salvie eller opsamle aske. Du kan eventuelt bruge en fjer eller vifte til at vifte r\u00f8g med.<\/span><\/p>\n<p style=\"text-align: justify;\"><strong><span style=\"color: rgb(75, 80, 88);\">S\u00e6lges indpakket i papir, m\u00e6rket og med stregkode.<\/span><\/strong><\/p>\n<p style=\"text-align: justify;\"><strong><span style=\"color: rgb(141, 186, 216);\">Bestil nu og tilbyd dine kunder det bedste udvalg af Smudge Sticks.<\/span><\/strong><\/p>\n","protected":false},"excerpt":{"rendered":"<p>Smudge Stick &#8211; Serene Aura 10cmimporteres direkte fra Mexico. Individuelt h\u00e5ndrullede og h\u00e5ndindpakket i hobbypapir. Smudge Sticks&nbsp;kan bruges til at rense auraen, for eksempel f\u00f8r meditation eller b\u00f8n, eller de bruges ofte af kropsarbejdere og terapeuter f\u00f8r behandlinger. Smudging har l\u00e6nge v\u00e6ret brugt til at forbinde sig til den spirituelle verden eller forbedre intuitionen. Br\u00e6ndende [&hellip;]<\/p>\n","protected":false},"featured_media":406015,"comment_status":"closed","ping_status":"open","template":"","meta":{"_angie_page":false},"product_brand":[],"product_cat":[5836,25815],"product_tag":[],"class_list":{"0":"post-198747","1":"product","2":"type-product","3":"status-publish","4":"has-post-thumbnail","6":"product_cat-rogelse-og-rogelsesholdere","7":"product_cat-smudge-sticks","8":"pa_collection-wrapped-smudge-sticks-da","9":"pa_made-in-mexico","11":"first","12":"instock","13":"purchasable","14":"product-type-simple"},"supplier_id":null,"supplier_sku":"MSage-47","barcode":null,"atum_controlled":true,"out_stock_date":null,"out_stock_threshold":null,"inheritable":false,"inbound_stock":null,"stock_on_hold":0,"sold_today":0,"sales_last_days":0,"reserved_stock":null,"customer_returns":null,"warehouse_damage":null,"lost_in_post":null,"other_logs":null,"out_stock_days":0,"lost_sales":0,"has_location":null,"update_date":"2026-04-27T07:13:52","atum_locations":[],"atum_stock_status":"instock","restock_status":false,"low_stock_amount":"","sales_update_date":"2025-09-03T00:19:17","calc_backorders":null,"_links":{"self":[{"href":"https:\/\/aromasentia.com\/da\/wp-json\/wp\/v2\/product\/198747","targetHints":{"allow":["GET"]}}],"collection":[{"href":"https:\/\/aromasentia.com\/da\/wp-json\/wp\/v2\/product"}],"about":[{"href":"https:\/\/aromasentia.com\/da\/wp-json\/wp\/v2\/types\/product"}],"replies":[{"embeddable":true,"href":"https:\/\/aromasentia.com\/da\/wp-json\/wp\/v2\/comments?post=198747"}],"version-history":[{"count":0,"href":"https:\/\/aromasentia.com\/da\/wp-json\/wp\/v2\/product\/198747\/revisions"}],"wp:featuredmedia":[{"embeddable":true,"href":"https:\/\/aromasentia.com\/da\/wp-json\/wp\/v2\/media\/406015"}],"wp:attachment":[{"href":"https:\/\/aromasentia.com\/da\/wp-json\/wp\/v2\/media?parent=198747"}],"wp:term":[{"taxonomy":"product_brand","embeddable":true,"href":"https:\/\/aromasentia.com\/da\/wp-json\/wp\/v2\/product_brand?post=198747"},{"taxonomy":"product_cat","embeddable":true,"href":"https:\/\/aromasentia.com\/da\/wp-json\/wp\/v2\/product_cat?post=198747"},{"taxonomy":"product_tag","embeddable":true,"href":"https:\/\/aromasentia.com\/da\/wp-json\/wp\/v2\/product_tag?post=198747"}],"curies":[{"name":"wp","href":"https:\/\/api.w.org\/{rel}","templated":true}]}}